{"id":595,"date":"2023-05-05T07:42:11","date_gmt":"2023-05-05T05:42:11","guid":{"rendered":"https:\/\/trackmondo.com\/?page_id=595"},"modified":"2023-05-21T19:04:36","modified_gmt":"2023-05-21T17:04:36","slug":"integritets-policy","status":"publish","type":"page","link":"https:\/\/trackmondo.com\/en\/privacy-policy\/","title":{"rendered":"Privacy Policy"},"content":{"rendered":"<section class=\"vc_section cookies-section policy-page\"><div class=\"vc_row wpb_row vc_row-fluid\"><div class=\"wpb_column vc_column_container vc_col-sm-12\"><div class=\"vc_column-inner\"><div class=\"wpb_wrapper\">\n\t<div class=\"wpb_text_column wpb_content_element\" >\n\t\t<div class=\"wpb_wrapper\">\n\t\t\t<h6>Privacy Policy<\/h6>\n<h1 class=\"intergting\">1. Inledning<\/h1>\n<p>Trackmondo AB har \u00e5tagit sig att skydda personuppgifterna. Tj\u00e4nsterna vi erbjuder v\u00e5ra kunder utvecklas p\u00e5 grundval av integritet genom design, vilket inneb\u00e4r att integritet omfattas av hela systemets design som g\u00f6r att vi kan behandla data p\u00e5 ett s\u00e4kert s\u00e4tt.<\/p>\n<p>Denna sekretesspolicy beskriver den information vi kan samla in och behandla om dig om du \u00e4r kund eller \u00e4r ansluten till en av v\u00e5ra kunder, om du \u00e4r anv\u00e4ndare av v\u00e5ra tj\u00e4nster, om du \u00e4r partner eller leverant\u00f6r.<\/p>\n<h3>2. Uppgifterna vi samlar in<\/h3>\n<h4>2.1 Kunddata<\/h4>\n<p>N\u00e4r du ing\u00e5r ett kundavtal med oss kan vi samla in f\u00f6ljande uppgifter om dig:<\/p>\n<ul>\n<li>Kundens namn och f\u00f6retagsregisternummer<\/li>\n<li>Telefonnummer, e-postadress och postadress till kunden<\/li>\n<li>Information om kundens kontaktperson (er) (namn, e-post och telefonnummer)<\/li>\n<li>Information om kundens administrat\u00f6rsanv\u00e4ndare (namn, e-postadress och telefonnummer)<\/li>\n<li>Betalningsinformation<\/li>\n<\/ul>\n<p>Denna information samlas in f\u00f6r att uppfylla kontraktet med kunden och lagras under hela kontraktstiden f\u00f6r att vi ska kunna hantera kundrelationen och tillhandah\u00e5lla supporttj\u00e4nster.<\/p>\n<p>Vi kan beh\u00e5lla viss information ut\u00f6ver avtalsperioden av f\u00f6ljande sk\u00e4l:<\/p>\n<ul>\n<li>Bokf\u00f6ring; eftersom vi enligt nationell lag kan vara skyldiga att f\u00f6ra en bokf\u00f6ring under ett visst antal \u00e5r.<\/li>\n<li>G\u00f6r anspr\u00e5k p\u00e5 utest\u00e5ende skulder; om du fortfarande \u00e4r skyldig oss pengar efter att prenumerationsperioden har l\u00f6pt ut.<\/li>\n<li>F\u00f6rsvara r\u00e4ttsliga anspr\u00e5k, om det finns en tvist om villkoren i kundkontraktet.<\/li>\n<\/ul>\n<h3>2.2 Data relaterade till anv\u00e4ndningen av v\u00e5ra tj\u00e4nster<\/h3>\n<p>Trackmondo AB behandlar data i enlighet med den allm\u00e4nna dataskyddsf\u00f6rordningen (GDPR). Vi samlar inte in, lagrar eller behandlar personuppgifter ut\u00f6ver vad som \u00e4r n\u00f6dv\u00e4ndigt f\u00f6r att utf\u00f6ra v\u00e5ra uppgifter som personuppgiftsansvarig eller data behandlare.<\/p>\n<h3>Databehandlingsprocedurer<\/h3>\n<p>Vi anv\u00e4nder b\u00e5de manuella och automatiserade system f\u00f6r att ta bort all on\u00f6dig data och f\u00f6r att s\u00e4kerst\u00e4lla att data anonymiseras.<\/p>\n<h3>Integritet<\/h3>\n<p>V\u00e5r tj\u00e4nst \u00e4r baserad p\u00e5 principerna om integritet genom design och integritet som standard. Data skyddas utan att det kr\u00e4vs n\u00e5gon input fr\u00e5n anv\u00e4ndarna. Anv\u00e4ndare av v\u00e5r tj\u00e4nst ska inte beh\u00f6va g\u00f6ra n\u00e5got f\u00f6r att s\u00e4kerst\u00e4lla att deras data \u00e4r s\u00e4ker; det ska vara s\u00e4kert som standard.<\/p>\n\n\t\t<\/div>\n\t<\/div>\n<\/div><\/div><\/div><\/div><\/section>","protected":false},"excerpt":{"rendered":"Integritetspolicy 1. Inledning Trackmondo AB har \u00e5tagit sig att skydda personuppgifterna. Tj\u00e4nsterna vi erbjuder v\u00e5ra kunder utvecklas p\u00e5 grundval av integritet genom design, vilket inneb\u00e4r att integritet omfattas av hela systemets design som g\u00f6r att vi kan behandla data p\u00e5 ett s\u00e4kert s\u00e4tt. Denna sekretesspolicy beskriver den information vi kan samla in och behandla om [...]","protected":false},"author":1,"featured_media":0,"parent":0,"menu_order":0,"comment_status":"closed","ping_status":"closed","template":"","meta":{"footnotes":""},"class_list":["post-595","page","type-page","status-publish","hentry"],"yoast_head":"<!-- This site is optimized with the Yoast SEO plugin v24.2 - https:\/\/yoast.com\/wordpress\/plugins\/seo\/ -->\n<title>Integritetspolicy - Trackmondo<\/title>\n<meta name=\"robots\" content=\"index, follow, max-snippet:-1, max-image-preview:large, max-video-preview:-1\" \/>\n<link rel=\"canonical\" href=\"https:\/\/trackmondo.com\/en\/privacy-policy\/\" \/>\n<meta property=\"og:locale\" content=\"en_GB\" \/>\n<meta property=\"og:type\" content=\"article\" \/>\n<meta property=\"og:title\" content=\"Integritetspolicy - Trackmondo\" \/>\n<meta property=\"og:url\" content=\"https:\/\/trackmondo.com\/en\/privacy-policy\/\" \/>\n<meta property=\"og:site_name\" content=\"Trackmondo\" \/>\n<meta property=\"article:modified_time\" content=\"2023-05-21T17:04:36+00:00\" \/>\n<meta name=\"twitter:card\" content=\"summary_large_image\" \/>\n<meta name=\"twitter:label1\" content=\"Estimated reading time\" \/>\n\t<meta name=\"twitter:data1\" content=\"2 minutes\" \/>\n<script type=\"application\/ld+json\" class=\"yoast-schema-graph\">{\"@context\":\"https:\/\/schema.org\",\"@graph\":[{\"@type\":\"WebPage\",\"@id\":\"https:\/\/trackmondo.com\/integritets-policy\/\",\"url\":\"https:\/\/trackmondo.com\/integritets-policy\/\",\"name\":\"Integritetspolicy - Trackmondo\",\"isPartOf\":{\"@id\":\"https:\/\/trackmondo.com\/#website\"},\"datePublished\":\"2023-05-05T05:42:11+00:00\",\"dateModified\":\"2023-05-21T17:04:36+00:00\",\"breadcrumb\":{\"@id\":\"https:\/\/trackmondo.com\/integritets-policy\/#breadcrumb\"},\"inLanguage\":\"en-GB\",\"potentialAction\":[{\"@type\":\"ReadAction\",\"target\":[\"https:\/\/trackmondo.com\/integritets-policy\/\"]}]},{\"@type\":\"BreadcrumbList\",\"@id\":\"https:\/\/trackmondo.com\/integritets-policy\/#breadcrumb\",\"itemListElement\":[{\"@type\":\"ListItem\",\"position\":1,\"name\":\"Hem\",\"item\":\"https:\/\/trackmondo.com\/\"},{\"@type\":\"ListItem\",\"position\":2,\"name\":\"Integritetspolicy\"}]},{\"@type\":\"WebSite\",\"@id\":\"https:\/\/trackmondo.com\/#website\",\"url\":\"https:\/\/trackmondo.com\/\",\"name\":\"Trackmondo\",\"description\":\"En elektronisk k\u00f6rjournal f\u00f6r ett bra pris!\",\"publisher\":{\"@id\":\"https:\/\/trackmondo.com\/#organization\"},\"potentialAction\":[{\"@type\":\"SearchAction\",\"target\":{\"@type\":\"EntryPoint\",\"urlTemplate\":\"https:\/\/trackmondo.com\/?s={search_term_string}\"},\"query-input\":{\"@type\":\"PropertyValueSpecification\",\"valueRequired\":true,\"valueName\":\"search_term_string\"}}],\"inLanguage\":\"en-GB\"},{\"@type\":\"Organization\",\"@id\":\"https:\/\/trackmondo.com\/#organization\",\"name\":\"Trackmondo\",\"url\":\"https:\/\/trackmondo.com\/\",\"logo\":{\"@type\":\"ImageObject\",\"inLanguage\":\"en-GB\",\"@id\":\"https:\/\/trackmondo.com\/#\/schema\/logo\/image\/\",\"url\":\"https:\/\/trackmondo.com\/wp-content\/uploads\/2022\/09\/Trackmondo_Logo_Original-JPG-300ppi-scaled-1.png\",\"contentUrl\":\"https:\/\/trackmondo.com\/wp-content\/uploads\/2022\/09\/Trackmondo_Logo_Original-JPG-300ppi-scaled-1.png\",\"width\":379,\"height\":45,\"caption\":\"Trackmondo\"},\"image\":{\"@id\":\"https:\/\/trackmondo.com\/#\/schema\/logo\/image\/\"}}]}<\/script>\n<!-- \/ Yoast SEO plugin. -->","yoast_head_json":{"title":"Integritetspolicy - Trackmondo","robots":{"index":"index","follow":"follow","max-snippet":"max-snippet:-1","max-image-preview":"max-image-preview:large","max-video-preview":"max-video-preview:-1"},"canonical":"https:\/\/trackmondo.com\/en\/privacy-policy\/","og_locale":"en_GB","og_type":"article","og_title":"Integritetspolicy - Trackmondo","og_url":"https:\/\/trackmondo.com\/en\/privacy-policy\/","og_site_name":"Trackmondo","article_modified_time":"2023-05-21T17:04:36+00:00","twitter_card":"summary_large_image","twitter_misc":{"Estimated reading time":"2 minutes"},"schema":{"@context":"https:\/\/schema.org","@graph":[{"@type":"WebPage","@id":"https:\/\/trackmondo.com\/integritets-policy\/","url":"https:\/\/trackmondo.com\/integritets-policy\/","name":"Integritetspolicy - Trackmondo","isPartOf":{"@id":"https:\/\/trackmondo.com\/#website"},"datePublished":"2023-05-05T05:42:11+00:00","dateModified":"2023-05-21T17:04:36+00:00","breadcrumb":{"@id":"https:\/\/trackmondo.com\/integritets-policy\/#breadcrumb"},"inLanguage":"en-GB","potentialAction":[{"@type":"ReadAction","target":["https:\/\/trackmondo.com\/integritets-policy\/"]}]},{"@type":"BreadcrumbList","@id":"https:\/\/trackmondo.com\/integritets-policy\/#breadcrumb","itemListElement":[{"@type":"ListItem","position":1,"name":"Hem","item":"https:\/\/trackmondo.com\/"},{"@type":"ListItem","position":2,"name":"Integritetspolicy"}]},{"@type":"WebSite","@id":"https:\/\/trackmondo.com\/#website","url":"https:\/\/trackmondo.com\/","name":"Trackmondo","description":"En elektronisk k\u00f6rjournal f\u00f6r ett bra pris!","publisher":{"@id":"https:\/\/trackmondo.com\/#organization"},"potentialAction":[{"@type":"SearchAction","target":{"@type":"EntryPoint","urlTemplate":"https:\/\/trackmondo.com\/?s={search_term_string}"},"query-input":{"@type":"PropertyValueSpecification","valueRequired":true,"valueName":"search_term_string"}}],"inLanguage":"en-GB"},{"@type":"Organization","@id":"https:\/\/trackmondo.com\/#organization","name":"Trackmondo","url":"https:\/\/trackmondo.com\/","logo":{"@type":"ImageObject","inLanguage":"en-GB","@id":"https:\/\/trackmondo.com\/#\/schema\/logo\/image\/","url":"https:\/\/trackmondo.com\/wp-content\/uploads\/2022\/09\/Trackmondo_Logo_Original-JPG-300ppi-scaled-1.png","contentUrl":"https:\/\/trackmondo.com\/wp-content\/uploads\/2022\/09\/Trackmondo_Logo_Original-JPG-300ppi-scaled-1.png","width":379,"height":45,"caption":"Trackmondo"},"image":{"@id":"https:\/\/trackmondo.com\/#\/schema\/logo\/image\/"}}]}},"_links":{"self":[{"href":"https:\/\/trackmondo.com\/en\/wp-json\/wp\/v2\/pages\/595","targetHints":{"allow":["GET"]}}],"collection":[{"href":"https:\/\/trackmondo.com\/en\/wp-json\/wp\/v2\/pages"}],"about":[{"href":"https:\/\/trackmondo.com\/en\/wp-json\/wp\/v2\/types\/page"}],"author":[{"embeddable":true,"href":"https:\/\/trackmondo.com\/en\/wp-json\/wp\/v2\/users\/1"}],"replies":[{"embeddable":true,"href":"https:\/\/trackmondo.com\/en\/wp-json\/wp\/v2\/comments?post=595"}],"version-history":[{"count":6,"href":"https:\/\/trackmondo.com\/en\/wp-json\/wp\/v2\/pages\/595\/revisions"}],"predecessor-version":[{"id":733,"href":"https:\/\/trackmondo.com\/en\/wp-json\/wp\/v2\/pages\/595\/revisions\/733"}],"wp:attachment":[{"href":"https:\/\/trackmondo.com\/en\/wp-json\/wp\/v2\/media?parent=595"}],"curies":[{"name":"wp","href":"https:\/\/api.w.org\/{rel}","templated":true}]}}