{"id":590,"date":"2023-05-05T07:12:21","date_gmt":"2023-05-05T05:12:21","guid":{"rendered":"https:\/\/trackmondo.com\/?page_id=590"},"modified":"2023-05-05T07:17:20","modified_gmt":"2023-05-05T05:17:20","slug":"cookies","status":"publish","type":"page","link":"https:\/\/trackmondo.com\/en\/cookies\/","title":{"rendered":"Cookies"},"content":{"rendered":"<section class=\"vc_section cookies-section\"><div class=\"vc_row wpb_row vc_row-fluid\"><div class=\"wpb_column vc_column_container vc_col-sm-12\"><div class=\"vc_column-inner\"><div class=\"wpb_wrapper\">\n\t<div class=\"wpb_text_column wpb_content_element\" >\n\t\t<div class=\"wpb_wrapper\">\n\t\t\t<h1>COOKIES<\/h1>\n<p>Vi anv\u00e4nder cookies (eller kakor som det ocks\u00e5 kallas) f\u00f6r att underl\u00e4tta f\u00f6r dig som bes\u00f6ker v\u00e5r hemsida. Med andra ord, det syftar till att ge dig en b\u00e4ttre anv\u00e4ndarupplevelse. Om vi inte till\u00e5ts spara cookies p\u00e5 din dator vill vi f\u00f6rtydliga att det kommer p\u00e5verka din anv\u00e4ndning av v\u00e5ra hemsida negativt.<\/p>\n<p>Enligt den nya lagen om elektronisk kommunikation som tr\u00e4dde i kraft den 25 juli 2003 skall alla bes\u00f6kare p\u00e5 webbplatser som anv\u00e4nder cookies informeras om detta. Bes\u00f6karen skall \u00e4ven ges m\u00f6jlighet att f\u00f6rhindra att cookies lagras p\u00e5 datorn.<\/p>\n<h3>Vad \u00e4r en cookie och vilka anv\u00e4nder vi?<\/h3>\n<p>En cookie \u00e4r en liten textfil som sparas i din dator n\u00e4r du bes\u00f6ker en webbplats som anv\u00e4nder detta. N\u00e4sta g\u00e5ng du bes\u00f6ker samma webbplats kan den l\u00e4sa din textfil och visa sidorna enligt dina inst\u00e4llningar.<\/p>\n<p>Det finns olika typer av cookies, dels session cookies som sparar information i din webbl\u00e4sare tills dess att du st\u00e4ngt ned den eller avslutat ditt bes\u00f6k p\u00e5 hemsidan, dels tredjeparts-cookies som sparar information kring din anv\u00e4ndning av hemsidan.<\/p>\n<h3>Varf\u00f6r anv\u00e4nder vi det?<\/h3>\n<p>Vi anv\u00e4nder ibland cookies och d\u00e5 enbart i syfte att underl\u00e4tta f\u00f6r dig som bes\u00f6kare samt f\u00f6r att f\u00f6rb\u00e4ttra din anv\u00e4ndarupplevelse.<\/p>\n<h3>Och om jag inte vill att ni sparar cookies?<\/h3>\n<p>Om du inte accepterar att dessa sparas i din dator kan du \u00e4ndra inst\u00e4llningarna i din webbl\u00e4sare s\u00e5 att de inte sparas. Men d\u00e5 ska du vara v\u00e4l medveten om att funktionaliteten n\u00e4r du bes\u00f6ker v\u00e5r hemsida inte kommer att vara lika bra.<\/p>\n\n\t\t<\/div>\n\t<\/div>\n<\/div><\/div><\/div><\/div><\/section>","protected":false},"excerpt":{"rendered":"COOKIES Vi anv\u00e4nder cookies (eller kakor som det ocks\u00e5 kallas) f\u00f6r att underl\u00e4tta f\u00f6r dig som bes\u00f6ker v\u00e5r hemsida. Med andra ord, det syftar till att ge dig en b\u00e4ttre anv\u00e4ndarupplevelse. Om vi inte till\u00e5ts spara cookies p\u00e5 din dator vill vi f\u00f6rtydliga att det kommer p\u00e5verka din anv\u00e4ndning av v\u00e5ra hemsida negativt. Enligt den [...]","protected":false},"author":1,"featured_media":0,"parent":0,"menu_order":0,"comment_status":"closed","ping_status":"closed","template":"template-full-width.php","meta":{"footnotes":""},"class_list":["post-590","page","type-page","status-publish","hentry"],"yoast_head":"<!-- This site is optimized with the Yoast SEO plugin v24.2 - https:\/\/yoast.com\/wordpress\/plugins\/seo\/ -->\n<title>Cookies - Trackmondo<\/title>\n<meta name=\"robots\" content=\"index, follow, max-snippet:-1, max-image-preview:large, max-video-preview:-1\" \/>\n<link rel=\"canonical\" href=\"https:\/\/trackmondo.com\/en\/cookies\/\" \/>\n<meta property=\"og:locale\" content=\"en_GB\" \/>\n<meta property=\"og:type\" content=\"article\" \/>\n<meta property=\"og:title\" content=\"Cookies - Trackmondo\" \/>\n<meta property=\"og:url\" content=\"https:\/\/trackmondo.com\/en\/cookies\/\" \/>\n<meta property=\"og:site_name\" content=\"Trackmondo\" \/>\n<meta property=\"article:modified_time\" content=\"2023-05-05T05:17:20+00:00\" \/>\n<meta name=\"twitter:card\" content=\"summary_large_image\" \/>\n<meta name=\"twitter:label1\" content=\"Estimated reading time\" \/>\n\t<meta name=\"twitter:data1\" content=\"2 minutes\" \/>\n<script type=\"application\/ld+json\" class=\"yoast-schema-graph\">{\"@context\":\"https:\/\/schema.org\",\"@graph\":[{\"@type\":\"WebPage\",\"@id\":\"https:\/\/trackmondo.com\/cookies\/\",\"url\":\"https:\/\/trackmondo.com\/cookies\/\",\"name\":\"Cookies - Trackmondo\",\"isPartOf\":{\"@id\":\"https:\/\/trackmondo.com\/#website\"},\"datePublished\":\"2023-05-05T05:12:21+00:00\",\"dateModified\":\"2023-05-05T05:17:20+00:00\",\"breadcrumb\":{\"@id\":\"https:\/\/trackmondo.com\/cookies\/#breadcrumb\"},\"inLanguage\":\"en-GB\",\"potentialAction\":[{\"@type\":\"ReadAction\",\"target\":[\"https:\/\/trackmondo.com\/cookies\/\"]}]},{\"@type\":\"BreadcrumbList\",\"@id\":\"https:\/\/trackmondo.com\/cookies\/#breadcrumb\",\"itemListElement\":[{\"@type\":\"ListItem\",\"position\":1,\"name\":\"Hem\",\"item\":\"https:\/\/trackmondo.com\/\"},{\"@type\":\"ListItem\",\"position\":2,\"name\":\"Cookies\"}]},{\"@type\":\"WebSite\",\"@id\":\"https:\/\/trackmondo.com\/#website\",\"url\":\"https:\/\/trackmondo.com\/\",\"name\":\"Trackmondo\",\"description\":\"En elektronisk k\u00f6rjournal f\u00f6r ett bra pris!\",\"publisher\":{\"@id\":\"https:\/\/trackmondo.com\/#organization\"},\"potentialAction\":[{\"@type\":\"SearchAction\",\"target\":{\"@type\":\"EntryPoint\",\"urlTemplate\":\"https:\/\/trackmondo.com\/?s={search_term_string}\"},\"query-input\":{\"@type\":\"PropertyValueSpecification\",\"valueRequired\":true,\"valueName\":\"search_term_string\"}}],\"inLanguage\":\"en-GB\"},{\"@type\":\"Organization\",\"@id\":\"https:\/\/trackmondo.com\/#organization\",\"name\":\"Trackmondo\",\"url\":\"https:\/\/trackmondo.com\/\",\"logo\":{\"@type\":\"ImageObject\",\"inLanguage\":\"en-GB\",\"@id\":\"https:\/\/trackmondo.com\/#\/schema\/logo\/image\/\",\"url\":\"https:\/\/trackmondo.com\/wp-content\/uploads\/2022\/09\/Trackmondo_Logo_Original-JPG-300ppi-scaled-1.png\",\"contentUrl\":\"https:\/\/trackmondo.com\/wp-content\/uploads\/2022\/09\/Trackmondo_Logo_Original-JPG-300ppi-scaled-1.png\",\"width\":379,\"height\":45,\"caption\":\"Trackmondo\"},\"image\":{\"@id\":\"https:\/\/trackmondo.com\/#\/schema\/logo\/image\/\"}}]}<\/script>\n<!-- \/ Yoast SEO plugin. -->","yoast_head_json":{"title":"Cookies - Trackmondo","robots":{"index":"index","follow":"follow","max-snippet":"max-snippet:-1","max-image-preview":"max-image-preview:large","max-video-preview":"max-video-preview:-1"},"canonical":"https:\/\/trackmondo.com\/en\/cookies\/","og_locale":"en_GB","og_type":"article","og_title":"Cookies - Trackmondo","og_url":"https:\/\/trackmondo.com\/en\/cookies\/","og_site_name":"Trackmondo","article_modified_time":"2023-05-05T05:17:20+00:00","twitter_card":"summary_large_image","twitter_misc":{"Estimated reading time":"2 minutes"},"schema":{"@context":"https:\/\/schema.org","@graph":[{"@type":"WebPage","@id":"https:\/\/trackmondo.com\/cookies\/","url":"https:\/\/trackmondo.com\/cookies\/","name":"Cookies - Trackmondo","isPartOf":{"@id":"https:\/\/trackmondo.com\/#website"},"datePublished":"2023-05-05T05:12:21+00:00","dateModified":"2023-05-05T05:17:20+00:00","breadcrumb":{"@id":"https:\/\/trackmondo.com\/cookies\/#breadcrumb"},"inLanguage":"en-GB","potentialAction":[{"@type":"ReadAction","target":["https:\/\/trackmondo.com\/cookies\/"]}]},{"@type":"BreadcrumbList","@id":"https:\/\/trackmondo.com\/cookies\/#breadcrumb","itemListElement":[{"@type":"ListItem","position":1,"name":"Hem","item":"https:\/\/trackmondo.com\/"},{"@type":"ListItem","position":2,"name":"Cookies"}]},{"@type":"WebSite","@id":"https:\/\/trackmondo.com\/#website","url":"https:\/\/trackmondo.com\/","name":"Trackmondo","description":"En elektronisk k\u00f6rjournal f\u00f6r ett bra pris!","publisher":{"@id":"https:\/\/trackmondo.com\/#organization"},"potentialAction":[{"@type":"SearchAction","target":{"@type":"EntryPoint","urlTemplate":"https:\/\/trackmondo.com\/?s={search_term_string}"},"query-input":{"@type":"PropertyValueSpecification","valueRequired":true,"valueName":"search_term_string"}}],"inLanguage":"en-GB"},{"@type":"Organization","@id":"https:\/\/trackmondo.com\/#organization","name":"Trackmondo","url":"https:\/\/trackmondo.com\/","logo":{"@type":"ImageObject","inLanguage":"en-GB","@id":"https:\/\/trackmondo.com\/#\/schema\/logo\/image\/","url":"https:\/\/trackmondo.com\/wp-content\/uploads\/2022\/09\/Trackmondo_Logo_Original-JPG-300ppi-scaled-1.png","contentUrl":"https:\/\/trackmondo.com\/wp-content\/uploads\/2022\/09\/Trackmondo_Logo_Original-JPG-300ppi-scaled-1.png","width":379,"height":45,"caption":"Trackmondo"},"image":{"@id":"https:\/\/trackmondo.com\/#\/schema\/logo\/image\/"}}]}},"_links":{"self":[{"href":"https:\/\/trackmondo.com\/en\/wp-json\/wp\/v2\/pages\/590","targetHints":{"allow":["GET"]}}],"collection":[{"href":"https:\/\/trackmondo.com\/en\/wp-json\/wp\/v2\/pages"}],"about":[{"href":"https:\/\/trackmondo.com\/en\/wp-json\/wp\/v2\/types\/page"}],"author":[{"embeddable":true,"href":"https:\/\/trackmondo.com\/en\/wp-json\/wp\/v2\/users\/1"}],"replies":[{"embeddable":true,"href":"https:\/\/trackmondo.com\/en\/wp-json\/wp\/v2\/comments?post=590"}],"version-history":[{"count":4,"href":"https:\/\/trackmondo.com\/en\/wp-json\/wp\/v2\/pages\/590\/revisions"}],"predecessor-version":[{"id":594,"href":"https:\/\/trackmondo.com\/en\/wp-json\/wp\/v2\/pages\/590\/revisions\/594"}],"wp:attachment":[{"href":"https:\/\/trackmondo.com\/en\/wp-json\/wp\/v2\/media?parent=590"}],"curies":[{"name":"wp","href":"https:\/\/api.w.org\/{rel}","templated":true}]}}