{"id":529,"date":"2023-05-01T09:29:45","date_gmt":"2023-05-01T07:29:45","guid":{"rendered":"https:\/\/trackmondo.com\/?page_id=529"},"modified":"2023-05-16T07:45:20","modified_gmt":"2023-05-16T05:45:20","slug":"realtids-lokalisering","status":"publish","type":"page","link":"https:\/\/trackmondo.com\/en\/real-time-location\/","title":{"rendered":"Real-time location"},"content":{"rendered":"<section data-vc-full-width=\"true\" data-vc-full-width-init=\"false\" class=\"vc_section banner-hem vc_custom_1682681997891 vc_section-has-fill\"><div class=\"vc_row wpb_row vc_row-fluid triplog-sec3 dfgtghgfg last-pages\"><div class=\"wpb_column vc_column_container vc_col-sm-6\"><div class=\"vc_column-inner\"><div class=\"wpb_wrapper\">\n\t<div class=\"wpb_text_column wpb_content_element\" >\n\t\t<div class=\"wpb_wrapper\">\n\t\t\t<h1>Our real-time localization makes it easy for you to review your car <span style=\"color: #ec7823;\">fleet when needed.<\/span><\/h1>\n<p><img loading=\"lazy\" decoding=\"async\" class=\"alignnone size-full wp-image-236\" src=\"https:\/\/trackmondo.com\/wp-content\/uploads\/2022\/09\/Group-583.png\" alt=\"\" width=\"150\" height=\"4\" srcset=\"https:\/\/trackmondo.com\/wp-content\/uploads\/2022\/09\/Group-583.png 150w, https:\/\/trackmondo.com\/wp-content\/uploads\/2022\/09\/Group-583-18x1.png 18w\" sizes=\"auto, (max-width: 150px) 100vw, 150px\" \/><\/p>\n<ul>\n<li>In the event of an engine stop, you can see where the car is.<\/li>\n<li>Your customers get a better customer service because you can give them the exact location of the company's service and delivery vans. This means that customers can get an exact time at which they can expect to receive their delivery, for example.<\/li>\n<li>You can track stolen vehicles and then contact the police and state the location.<\/li>\n<\/ul>\n<h6>This is an option that can be added, and we know that it can help companies in several situations as this feature has helped them tremendously.<\/h6>\n\n\t\t<\/div>\n\t<\/div>\n<\/div><\/div><\/div><div class=\"mockup-images wpb_column vc_column_container vc_col-sm-6\"><div class=\"vc_column-inner\"><div class=\"wpb_wrapper\">\n\t<div  class=\"wpb_single_image wpb_content_element vc_align_left\">\n\t\t\n\t\t<figure class=\"wpb_wrapper vc_figure\">\n\t\t\t<div class=\"vc_single_image-wrapper   vc_box_border_grey\"><img loading=\"lazy\" decoding=\"async\" width=\"5088\" height=\"2998\" src=\"https:\/\/trackmondo.com\/wp-content\/uploads\/2023\/05\/fklrgmflkg-min.png\" class=\"vc_single_image-img attachment-full\" alt=\"\" srcset=\"https:\/\/trackmondo.com\/wp-content\/uploads\/2023\/05\/fklrgmflkg-min.png 5088w, https:\/\/trackmondo.com\/wp-content\/uploads\/2023\/05\/fklrgmflkg-min-300x177.png 300w, https:\/\/trackmondo.com\/wp-content\/uploads\/2023\/05\/fklrgmflkg-min-1024x603.png 1024w, https:\/\/trackmondo.com\/wp-content\/uploads\/2023\/05\/fklrgmflkg-min-768x453.png 768w, https:\/\/trackmondo.com\/wp-content\/uploads\/2023\/05\/fklrgmflkg-min-1536x905.png 1536w, https:\/\/trackmondo.com\/wp-content\/uploads\/2023\/05\/fklrgmflkg-min-2048x1207.png 2048w, https:\/\/trackmondo.com\/wp-content\/uploads\/2023\/05\/fklrgmflkg-min-18x12.png 18w\" sizes=\"auto, (max-width: 5088px) 100vw, 5088px\" \/><\/div>\n\t\t<\/figure>\n\t<\/div>\n<\/div><\/div><\/div><\/div><\/section><div class=\"vc_row-full-width vc_clearfix\"><\/div><div data-vc-full-width=\"true\" data-vc-full-width-init=\"false\" data-vc-stretch-content=\"true\" class=\"vc_row wpb_row vc_row-fluid contact-banner vc_custom_1662699804506 vc_row-has-fill vc_row-no-padding\"><div class=\"wpb_column vc_column_container vc_col-sm-12\"><div class=\"vc_column-inner\"><div class=\"wpb_wrapper\">\n\t<div class=\"wpb_text_column wpb_content_element\" >\n\t\t<div class=\"wpb_wrapper\">\n\t\t\t<h1>OVERVIEW<span style=\"color: #0a2540;\"> IN THE MAP<\/span><\/h1>\n<p>Having to spend energy searching for lost information is not something anyone wants to spend time on. We at Trackmondo help you as a customer to always have full control over your cars and journeys with our smart GPS technology.<\/p>\n\n\t\t<\/div>\n\t<\/div>\n<\/div><\/div><\/div><\/div><div class=\"vc_row-full-width vc_clearfix\"><\/div><section class=\"vc_section section-triplog-sec7\"><div class=\"vc_row wpb_row vc_row-fluid triplog-sec7 vc_custom_1662788256176 vc_row-has-fill\"><div class=\"wpb_column vc_column_container vc_col-sm-6\"><div class=\"vc_column-inner\"><div class=\"wpb_wrapper\">\n\t<div class=\"wpb_text_column wpb_content_element\" >\n\t\t<div class=\"wpb_wrapper\">\n\t\t\t<h1>We offer comprehensive GPS solutions. <span style=\"color: #ec7823;\"> Order already now!<\/span><\/h1>\n\n\t\t<\/div>\n\t<\/div>\n<div class=\"vc_row wpb_row vc_inner vc_row-fluid\"><div class=\"wpb_column vc_column_container vc_col-sm-6\"><div class=\"vc_column-inner\"><div class=\"wpb_wrapper\">\n\t<div class=\"wpb_text_column wpb_content_element\" >\n\t\t<div class=\"wpb_wrapper\">\n\t\t\t<ul>\n<li><img loading=\"lazy\" decoding=\"async\" class=\"alignnone size-full wp-image-250\" src=\"https:\/\/trackmondo.com\/wp-content\/uploads\/2022\/09\/Icon-awesome-phone-alt-1.png\" alt=\"\" width=\"21\" height=\"21\" srcset=\"https:\/\/trackmondo.com\/wp-content\/uploads\/2022\/09\/Icon-awesome-phone-alt-1.png 21w, https:\/\/trackmondo.com\/wp-content\/uploads\/2022\/09\/Icon-awesome-phone-alt-1-12x12.png 12w\" sizes=\"auto, (max-width: 21px) 100vw, 21px\" \/><\/li>\n<li><a href=\"tel: 010- 42 43 090\"><span style=\"vertical-align: inherit;\"><span style=\"vertical-align: inherit;\"> 010- 42 43 090<\/span><\/span><\/a><\/li>\n<\/ul>\n\n\t\t<\/div>\n\t<\/div>\n<\/div><\/div><\/div><div class=\"wpb_column vc_column_container vc_col-sm-6\"><div class=\"vc_column-inner\"><div class=\"wpb_wrapper\">\n\t<div class=\"wpb_text_column wpb_content_element\" >\n\t\t<div class=\"wpb_wrapper\">\n\t\t\t<ul class=\"only-email\">\n<li><img loading=\"lazy\" decoding=\"async\" class=\"alignnone size-full wp-image-249\" src=\"https:\/\/trackmondo.com\/wp-content\/uploads\/2022\/09\/Icon-ionic-ios-mail.png\" alt=\"\" width=\"24\" height=\"17\" srcset=\"https:\/\/trackmondo.com\/wp-content\/uploads\/2022\/09\/Icon-ionic-ios-mail.png 24w, https:\/\/trackmondo.com\/wp-content\/uploads\/2022\/09\/Icon-ionic-ios-mail-18x12.png 18w\" sizes=\"auto, (max-width: 24px) 100vw, 24px\" \/><\/li>\n<li><a href=\"mailto:info@trackmondo.com\">info@trackmondo.com<\/a><\/li>\n<\/ul>\n\n\t\t<\/div>\n\t<\/div>\n<\/div><\/div><\/div><\/div><\/div><\/div><\/div><div class=\"wpb_column vc_column_container vc_col-sm-4\"><div class=\"vc_column-inner\"><div class=\"wpb_wrapper\">\n\t<div class=\"wpb_text_column wpb_content_element\" >\n\t\t<div class=\"wpb_wrapper\">\n\t\t\t<p><img loading=\"lazy\" decoding=\"async\" class=\"triplog-sec7-img\" src=\"https:\/\/trackmondo.com\/wp-content\/uploads\/2022\/09\/Group-19-1-300x147.png\" alt=\"\" width=\"337\" height=\"165\" \/><\/p>\n\n\t\t<\/div>\n\t<\/div>\n<\/div><\/div><\/div><div class=\"wpb_column vc_column_container vc_col-sm-2\"><div class=\"vc_column-inner\"><div class=\"wpb_wrapper\">\n\t<div class=\"wpb_text_column wpb_content_element\" >\n\t\t<div class=\"wpb_wrapper\">\n\t\t\t<div class=\"triplog-button\"><a href=\"https:\/\/trackmondo.com\/en\/contact-us\/\"><span style=\"vertical-align: inherit;\"><span style=\"vertical-align: inherit;\">kontakta oss<\/span><\/span><\/a><\/div>\n\n\t\t<\/div>\n\t<\/div>\n<\/div><\/div><\/div><\/div><\/section>","protected":false},"excerpt":{"rendered":"V\u00e5r realtids lokaliseringen g\u00f6r det enkelt f\u00f6r dig att se \u00f6ver din bil flotta vid behov. Vid ett eventuellt motorstopp s\u00e5 kan man se vart bilen befinner sig. Dina kunder f\u00e5r en b\u00e4ttre kundservice eftersom du kan ge de den exakta lokaliseringen p\u00e5 f\u00f6retagets service- och budbilar. Det inneb\u00e4r att kunderna kan f\u00e5 en exakt [...]","protected":false},"author":1,"featured_media":0,"parent":0,"menu_order":0,"comment_status":"closed","ping_status":"closed","template":"","meta":{"footnotes":""},"class_list":["post-529","page","type-page","status-publish","hentry"],"yoast_head":"<!-- This site is optimized with the Yoast SEO plugin v24.2 - https:\/\/yoast.com\/wordpress\/plugins\/seo\/ -->\n<title>Realtids lokalisering - Trackmondo<\/title>\n<meta name=\"robots\" content=\"index, follow, max-snippet:-1, max-image-preview:large, max-video-preview:-1\" \/>\n<link rel=\"canonical\" href=\"https:\/\/trackmondo.com\/en\/real-time-location\/\" \/>\n<meta property=\"og:locale\" content=\"en_GB\" \/>\n<meta property=\"og:type\" content=\"article\" \/>\n<meta property=\"og:title\" content=\"Realtids lokalisering - Trackmondo\" \/>\n<meta property=\"og:url\" content=\"https:\/\/trackmondo.com\/en\/real-time-location\/\" \/>\n<meta property=\"og:site_name\" content=\"Trackmondo\" \/>\n<meta property=\"article:modified_time\" content=\"2023-05-16T05:45:20+00:00\" \/>\n<meta property=\"og:image\" content=\"https:\/\/trackmondo.com\/wp-content\/uploads\/2022\/09\/Group-583.png\" \/>\n<meta name=\"twitter:card\" content=\"summary_large_image\" \/>\n<meta name=\"twitter:label1\" content=\"Estimated reading time\" \/>\n\t<meta name=\"twitter:data1\" content=\"2 minutes\" \/>\n<script type=\"application\/ld+json\" class=\"yoast-schema-graph\">{\"@context\":\"https:\/\/schema.org\",\"@graph\":[{\"@type\":\"WebPage\",\"@id\":\"https:\/\/trackmondo.com\/realtids-lokalisering\/\",\"url\":\"https:\/\/trackmondo.com\/realtids-lokalisering\/\",\"name\":\"Realtids lokalisering - Trackmondo\",\"isPartOf\":{\"@id\":\"https:\/\/trackmondo.com\/#website\"},\"primaryImageOfPage\":{\"@id\":\"https:\/\/trackmondo.com\/realtids-lokalisering\/#primaryimage\"},\"image\":{\"@id\":\"https:\/\/trackmondo.com\/realtids-lokalisering\/#primaryimage\"},\"thumbnailUrl\":\"https:\/\/trackmondo.com\/wp-content\/uploads\/2022\/09\/Group-583.png\",\"datePublished\":\"2023-05-01T07:29:45+00:00\",\"dateModified\":\"2023-05-16T05:45:20+00:00\",\"breadcrumb\":{\"@id\":\"https:\/\/trackmondo.com\/realtids-lokalisering\/#breadcrumb\"},\"inLanguage\":\"en-GB\",\"potentialAction\":[{\"@type\":\"ReadAction\",\"target\":[\"https:\/\/trackmondo.com\/realtids-lokalisering\/\"]}]},{\"@type\":\"ImageObject\",\"inLanguage\":\"en-GB\",\"@id\":\"https:\/\/trackmondo.com\/realtids-lokalisering\/#primaryimage\",\"url\":\"https:\/\/trackmondo.com\/wp-content\/uploads\/2022\/09\/Group-583.png\",\"contentUrl\":\"https:\/\/trackmondo.com\/wp-content\/uploads\/2022\/09\/Group-583.png\"},{\"@type\":\"BreadcrumbList\",\"@id\":\"https:\/\/trackmondo.com\/realtids-lokalisering\/#breadcrumb\",\"itemListElement\":[{\"@type\":\"ListItem\",\"position\":1,\"name\":\"Hem\",\"item\":\"https:\/\/trackmondo.com\/\"},{\"@type\":\"ListItem\",\"position\":2,\"name\":\"Realtids lokalisering\"}]},{\"@type\":\"WebSite\",\"@id\":\"https:\/\/trackmondo.com\/#website\",\"url\":\"https:\/\/trackmondo.com\/\",\"name\":\"Trackmondo\",\"description\":\"En elektronisk k\u00f6rjournal f\u00f6r ett bra pris!\",\"publisher\":{\"@id\":\"https:\/\/trackmondo.com\/#organization\"},\"potentialAction\":[{\"@type\":\"SearchAction\",\"target\":{\"@type\":\"EntryPoint\",\"urlTemplate\":\"https:\/\/trackmondo.com\/?s={search_term_string}\"},\"query-input\":{\"@type\":\"PropertyValueSpecification\",\"valueRequired\":true,\"valueName\":\"search_term_string\"}}],\"inLanguage\":\"en-GB\"},{\"@type\":\"Organization\",\"@id\":\"https:\/\/trackmondo.com\/#organization\",\"name\":\"Trackmondo\",\"url\":\"https:\/\/trackmondo.com\/\",\"logo\":{\"@type\":\"ImageObject\",\"inLanguage\":\"en-GB\",\"@id\":\"https:\/\/trackmondo.com\/#\/schema\/logo\/image\/\",\"url\":\"https:\/\/trackmondo.com\/wp-content\/uploads\/2022\/09\/Trackmondo_Logo_Original-JPG-300ppi-scaled-1.png\",\"contentUrl\":\"https:\/\/trackmondo.com\/wp-content\/uploads\/2022\/09\/Trackmondo_Logo_Original-JPG-300ppi-scaled-1.png\",\"width\":379,\"height\":45,\"caption\":\"Trackmondo\"},\"image\":{\"@id\":\"https:\/\/trackmondo.com\/#\/schema\/logo\/image\/\"}}]}<\/script>\n<!-- \/ Yoast SEO plugin. -->","yoast_head_json":{"title":"Realtids lokalisering - Trackmondo","robots":{"index":"index","follow":"follow","max-snippet":"max-snippet:-1","max-image-preview":"max-image-preview:large","max-video-preview":"max-video-preview:-1"},"canonical":"https:\/\/trackmondo.com\/en\/real-time-location\/","og_locale":"en_GB","og_type":"article","og_title":"Realtids lokalisering - Trackmondo","og_url":"https:\/\/trackmondo.com\/en\/real-time-location\/","og_site_name":"Trackmondo","article_modified_time":"2023-05-16T05:45:20+00:00","og_image":[{"url":"https:\/\/trackmondo.com\/wp-content\/uploads\/2022\/09\/Group-583.png","type":"","width":"","height":""}],"twitter_card":"summary_large_image","twitter_misc":{"Estimated reading time":"2 minutes"},"schema":{"@context":"https:\/\/schema.org","@graph":[{"@type":"WebPage","@id":"https:\/\/trackmondo.com\/realtids-lokalisering\/","url":"https:\/\/trackmondo.com\/realtids-lokalisering\/","name":"Realtids lokalisering - Trackmondo","isPartOf":{"@id":"https:\/\/trackmondo.com\/#website"},"primaryImageOfPage":{"@id":"https:\/\/trackmondo.com\/realtids-lokalisering\/#primaryimage"},"image":{"@id":"https:\/\/trackmondo.com\/realtids-lokalisering\/#primaryimage"},"thumbnailUrl":"https:\/\/trackmondo.com\/wp-content\/uploads\/2022\/09\/Group-583.png","datePublished":"2023-05-01T07:29:45+00:00","dateModified":"2023-05-16T05:45:20+00:00","breadcrumb":{"@id":"https:\/\/trackmondo.com\/realtids-lokalisering\/#breadcrumb"},"inLanguage":"en-GB","potentialAction":[{"@type":"ReadAction","target":["https:\/\/trackmondo.com\/realtids-lokalisering\/"]}]},{"@type":"ImageObject","inLanguage":"en-GB","@id":"https:\/\/trackmondo.com\/realtids-lokalisering\/#primaryimage","url":"https:\/\/trackmondo.com\/wp-content\/uploads\/2022\/09\/Group-583.png","contentUrl":"https:\/\/trackmondo.com\/wp-content\/uploads\/2022\/09\/Group-583.png"},{"@type":"BreadcrumbList","@id":"https:\/\/trackmondo.com\/realtids-lokalisering\/#breadcrumb","itemListElement":[{"@type":"ListItem","position":1,"name":"Hem","item":"https:\/\/trackmondo.com\/"},{"@type":"ListItem","position":2,"name":"Realtids lokalisering"}]},{"@type":"WebSite","@id":"https:\/\/trackmondo.com\/#website","url":"https:\/\/trackmondo.com\/","name":"Trackmondo","description":"En elektronisk k\u00f6rjournal f\u00f6r ett bra pris!","publisher":{"@id":"https:\/\/trackmondo.com\/#organization"},"potentialAction":[{"@type":"SearchAction","target":{"@type":"EntryPoint","urlTemplate":"https:\/\/trackmondo.com\/?s={search_term_string}"},"query-input":{"@type":"PropertyValueSpecification","valueRequired":true,"valueName":"search_term_string"}}],"inLanguage":"en-GB"},{"@type":"Organization","@id":"https:\/\/trackmondo.com\/#organization","name":"Trackmondo","url":"https:\/\/trackmondo.com\/","logo":{"@type":"ImageObject","inLanguage":"en-GB","@id":"https:\/\/trackmondo.com\/#\/schema\/logo\/image\/","url":"https:\/\/trackmondo.com\/wp-content\/uploads\/2022\/09\/Trackmondo_Logo_Original-JPG-300ppi-scaled-1.png","contentUrl":"https:\/\/trackmondo.com\/wp-content\/uploads\/2022\/09\/Trackmondo_Logo_Original-JPG-300ppi-scaled-1.png","width":379,"height":45,"caption":"Trackmondo"},"image":{"@id":"https:\/\/trackmondo.com\/#\/schema\/logo\/image\/"}}]}},"_links":{"self":[{"href":"https:\/\/trackmondo.com\/en\/wp-json\/wp\/v2\/pages\/529","targetHints":{"allow":["GET"]}}],"collection":[{"href":"https:\/\/trackmondo.com\/en\/wp-json\/wp\/v2\/pages"}],"about":[{"href":"https:\/\/trackmondo.com\/en\/wp-json\/wp\/v2\/types\/page"}],"author":[{"embeddable":true,"href":"https:\/\/trackmondo.com\/en\/wp-json\/wp\/v2\/users\/1"}],"replies":[{"embeddable":true,"href":"https:\/\/trackmondo.com\/en\/wp-json\/wp\/v2\/comments?post=529"}],"version-history":[{"count":10,"href":"https:\/\/trackmondo.com\/en\/wp-json\/wp\/v2\/pages\/529\/revisions"}],"predecessor-version":[{"id":694,"href":"https:\/\/trackmondo.com\/en\/wp-json\/wp\/v2\/pages\/529\/revisions\/694"}],"wp:attachment":[{"href":"https:\/\/trackmondo.com\/en\/wp-json\/wp\/v2\/media?parent=529"}],"curies":[{"name":"wp","href":"https:\/\/api.w.org\/{rel}","templated":true}]}}