{"id":450,"date":"2023-04-26T07:44:17","date_gmt":"2023-04-26T05:44:17","guid":{"rendered":"https:\/\/trackmondo.com\/?page_id=450"},"modified":"2023-05-15T09:14:49","modified_gmt":"2023-05-15T07:14:49","slug":"geofence","status":"publish","type":"page","link":"https:\/\/trackmondo.com\/en\/geofence\/","title":{"rendered":"Geofence"},"content":{"rendered":"<section data-vc-full-width=\"true\" data-vc-full-width-init=\"false\" class=\"vc_section triplog-sec1 vc_custom_1662718090791 vc_section-has-fill\"><div id=\"triplog-1 grfmgffr\" class=\"vc_row wpb_row vc_row-fluid\"><div class=\"triplog-secA xvnvfhgyhh wpb_column vc_column_container vc_col-sm-6\"><div class=\"vc_column-inner\"><div class=\"wpb_wrapper\">\n\t<div class=\"wpb_text_column wpb_content_element\" >\n\t\t<div class=\"wpb_wrapper\">\n\t\t\t<h1>Geofence is a digital fence that helps you tremendously for several reasons. A mark on the map is enough. <span style=\"color: #ec7823;\"> You will then receive a message if the vehicle drives into or out of the marked area.<\/span><\/h1>\n<p><img loading=\"lazy\" decoding=\"async\" class=\"alignnone size-full wp-image-236\" src=\"https:\/\/trackmondo.com\/wp-content\/uploads\/2022\/09\/Group-583.png\" alt=\"\" width=\"150\" height=\"4\" srcset=\"https:\/\/trackmondo.com\/wp-content\/uploads\/2022\/09\/Group-583.png 150w, https:\/\/trackmondo.com\/wp-content\/uploads\/2022\/09\/Group-583-18x1.png 18w\" sizes=\"auto, (max-width: 150px) 100vw, 150px\" \/><\/p>\n<h6>You can of course choose this option for a single vehicle, alternatively for your entire car fleet.<\/h6>\n\n\t\t<\/div>\n\t<\/div>\n<\/div><\/div><\/div><div class=\"triplog-secB wpb_column vc_column_container vc_col-sm-6\"><div class=\"vc_column-inner\"><div class=\"wpb_wrapper\">\n\t<div  class=\"wpb_single_image wpb_content_element vc_align_left\">\n\t\t\n\t\t<figure class=\"wpb_wrapper vc_figure\">\n\t\t\t<div class=\"vc_single_image-wrapper   vc_box_border_grey\"><img loading=\"lazy\" decoding=\"async\" width=\"5088\" height=\"2998\" src=\"https:\/\/trackmondo.com\/wp-content\/uploads\/2023\/05\/routing-sss-min.png\" class=\"vc_single_image-img attachment-full\" alt=\"\" srcset=\"https:\/\/trackmondo.com\/wp-content\/uploads\/2023\/05\/routing-sss-min.png 5088w, https:\/\/trackmondo.com\/wp-content\/uploads\/2023\/05\/routing-sss-min-300x177.png 300w, https:\/\/trackmondo.com\/wp-content\/uploads\/2023\/05\/routing-sss-min-1024x603.png 1024w, https:\/\/trackmondo.com\/wp-content\/uploads\/2023\/05\/routing-sss-min-768x453.png 768w, https:\/\/trackmondo.com\/wp-content\/uploads\/2023\/05\/routing-sss-min-1536x905.png 1536w, https:\/\/trackmondo.com\/wp-content\/uploads\/2023\/05\/routing-sss-min-2048x1207.png 2048w, https:\/\/trackmondo.com\/wp-content\/uploads\/2023\/05\/routing-sss-min-18x12.png 18w\" sizes=\"auto, (max-width: 5088px) 100vw, 5088px\" \/><\/div>\n\t\t<\/figure>\n\t<\/div>\n<\/div><\/div><\/div><\/div><\/section><div class=\"vc_row-full-width vc_clearfix\"><\/div><div data-vc-full-width=\"true\" data-vc-full-width-init=\"false\" data-vc-stretch-content=\"true\" class=\"vc_row wpb_row vc_row-fluid triplog-sec2 hjaplers vc_custom_1682668335647 vc_row-has-fill vc_row-no-padding\"><div class=\"images-only wpb_column vc_column_container vc_col-sm-6\"><div class=\"vc_column-inner\"><div class=\"wpb_wrapper\">\n\t<div  class=\"wpb_single_image wpb_content_element vc_align_left\">\n\t\t\n\t\t<figure class=\"wpb_wrapper vc_figure\">\n\t\t\t<div class=\"vc_single_image-wrapper   vc_box_border_grey\"><img loading=\"lazy\" decoding=\"async\" width=\"959\" height=\"440\" src=\"https:\/\/trackmondo.com\/wp-content\/uploads\/2023\/05\/geo.jpg2_-1536x705-1.jpg\" class=\"vc_single_image-img attachment-full\" alt=\"\" srcset=\"https:\/\/trackmondo.com\/wp-content\/uploads\/2023\/05\/geo.jpg2_-1536x705-1.jpg 959w, https:\/\/trackmondo.com\/wp-content\/uploads\/2023\/05\/geo.jpg2_-1536x705-1-300x138.jpg 300w, https:\/\/trackmondo.com\/wp-content\/uploads\/2023\/05\/geo.jpg2_-1536x705-1-768x352.jpg 768w, https:\/\/trackmondo.com\/wp-content\/uploads\/2023\/05\/geo.jpg2_-1536x705-1-18x8.jpg 18w\" sizes=\"auto, (max-width: 959px) 100vw, 959px\" \/><\/div>\n\t\t<\/figure>\n\t<\/div>\n<\/div><\/div><\/div><div class=\"only-content wpb_column vc_column_container vc_col-sm-6\"><div class=\"vc_column-inner\"><div class=\"wpb_wrapper\">\n\t<div class=\"wpb_text_column wpb_content_element\" >\n\t\t<div class=\"wpb_wrapper\">\n\t\t\t<h1>Geofence helps you with <span style=\"color: #ec7823;\">the following:<\/span><\/h1>\n<p><img loading=\"lazy\" decoding=\"async\" class=\"wheel-img\" src=\"https:\/\/trackmondo.com\/wp-content\/uploads\/2022\/09\/Group-581.png\" alt=\"\" width=\"96\" height=\"26\" \/><\/p>\n<ul>\n<li>Geofence protects and warns you against unauthorized movements of your vehicle<\/li>\n<li>Geofencing sends you an alarm in the event of an unplanned event<\/li>\n<li>You can increase efficiency and get a message sent to you as soon as the employee finishes work and starts driving in \/ out of the marked area<\/li>\n<li>You can decide and edit which area you specifically want to mark<\/li>\n<li>You can feel confident that all employees who, for example, work shifts \/ nights have arrived home safely<\/li>\n<li>You can use it as a check-in \/ check-out for your employees<\/li>\n<li>Gives you as a project manager the opportunity to define a digital fence for a specific project area<\/li>\n<\/ul>\n\n\t\t<\/div>\n\t<\/div>\n<\/div><\/div><\/div><\/div><div class=\"vc_row-full-width vc_clearfix\"><\/div><div data-vc-full-width=\"true\" data-vc-full-width-init=\"false\" data-vc-stretch-content=\"true\" class=\"vc_row wpb_row vc_row-fluid triplog-sec2 hjaplers vc_custom_1682669187795 vc_row-has-fill vc_row-no-padding\"><div class=\"wpb_column vc_column_container vc_col-sm-12\"><div class=\"vc_column-inner\"><div class=\"wpb_wrapper\">\n\t<div  class=\"wpb_single_image wpb_content_element vc_align_left\">\n\t\t\n\t\t<figure class=\"wpb_wrapper vc_figure\">\n\t\t\t<div class=\"vc_single_image-wrapper   vc_box_border_grey\"><img loading=\"lazy\" decoding=\"async\" width=\"1600\" height=\"731\" src=\"https:\/\/trackmondo.com\/wp-content\/uploads\/2023\/04\/geo.jpg\" class=\"vc_single_image-img attachment-full\" alt=\"\" srcset=\"https:\/\/trackmondo.com\/wp-content\/uploads\/2023\/04\/geo.jpg 1600w, https:\/\/trackmondo.com\/wp-content\/uploads\/2023\/04\/geo-300x137.jpg 300w, https:\/\/trackmondo.com\/wp-content\/uploads\/2023\/04\/geo-1024x468.jpg 1024w, https:\/\/trackmondo.com\/wp-content\/uploads\/2023\/04\/geo-768x351.jpg 768w, https:\/\/trackmondo.com\/wp-content\/uploads\/2023\/04\/geo-1536x702.jpg 1536w, https:\/\/trackmondo.com\/wp-content\/uploads\/2023\/04\/geo-18x8.jpg 18w\" sizes=\"auto, (max-width: 1600px) 100vw, 1600px\" \/><\/div>\n\t\t<\/figure>\n\t<\/div>\n<\/div><\/div><\/div><\/div><div class=\"vc_row-full-width vc_clearfix\"><\/div><section class=\"vc_section section-triplog-sec7\"><div class=\"vc_row wpb_row vc_row-fluid triplog-sec7 vc_custom_1662788256176 vc_row-has-fill\"><div class=\"wpb_column vc_column_container vc_col-sm-6\"><div class=\"vc_column-inner\"><div class=\"wpb_wrapper\">\n\t<div class=\"wpb_text_column wpb_content_element\" >\n\t\t<div class=\"wpb_wrapper\">\n\t\t\t<h1>We offer comprehensive GPS solutions. <span style=\"color: #ec7823;\"> Order already now!<\/span><\/h1>\n\n\t\t<\/div>\n\t<\/div>\n<div class=\"vc_row wpb_row vc_inner vc_row-fluid\"><div class=\"wpb_column vc_column_container vc_col-sm-6\"><div class=\"vc_column-inner\"><div class=\"wpb_wrapper\">\n\t<div class=\"wpb_text_column wpb_content_element\" >\n\t\t<div class=\"wpb_wrapper\">\n\t\t\t<ul>\n<li><img loading=\"lazy\" decoding=\"async\" class=\"alignnone size-full wp-image-250\" src=\"https:\/\/trackmondo.com\/wp-content\/uploads\/2022\/09\/Icon-awesome-phone-alt-1.png\" alt=\"\" width=\"21\" height=\"21\" srcset=\"https:\/\/trackmondo.com\/wp-content\/uploads\/2022\/09\/Icon-awesome-phone-alt-1.png 21w, https:\/\/trackmondo.com\/wp-content\/uploads\/2022\/09\/Icon-awesome-phone-alt-1-12x12.png 12w\" sizes=\"auto, (max-width: 21px) 100vw, 21px\" \/><\/li>\n<li><a href=\"tel: 010- 42 43 090\"><span style=\"vertical-align: inherit;\"><span style=\"vertical-align: inherit;\"> 010- 42 43 090<\/span><\/span><\/a><\/li>\n<\/ul>\n\n\t\t<\/div>\n\t<\/div>\n<\/div><\/div><\/div><div class=\"wpb_column vc_column_container vc_col-sm-6\"><div class=\"vc_column-inner\"><div class=\"wpb_wrapper\">\n\t<div class=\"wpb_text_column wpb_content_element\" >\n\t\t<div class=\"wpb_wrapper\">\n\t\t\t<ul class=\"only-email\">\n<li><img loading=\"lazy\" decoding=\"async\" class=\"alignnone size-full wp-image-249\" src=\"https:\/\/trackmondo.com\/wp-content\/uploads\/2022\/09\/Icon-ionic-ios-mail.png\" alt=\"\" width=\"24\" height=\"17\" srcset=\"https:\/\/trackmondo.com\/wp-content\/uploads\/2022\/09\/Icon-ionic-ios-mail.png 24w, https:\/\/trackmondo.com\/wp-content\/uploads\/2022\/09\/Icon-ionic-ios-mail-18x12.png 18w\" sizes=\"auto, (max-width: 24px) 100vw, 24px\" \/><\/li>\n<li><a href=\"mailto:info@trackmondo.com\">info@trackmondo.com<\/a><\/li>\n<\/ul>\n\n\t\t<\/div>\n\t<\/div>\n<\/div><\/div><\/div><\/div><\/div><\/div><\/div><div class=\"wpb_column vc_column_container vc_col-sm-4\"><div class=\"vc_column-inner\"><div class=\"wpb_wrapper\">\n\t<div class=\"wpb_text_column wpb_content_element\" >\n\t\t<div class=\"wpb_wrapper\">\n\t\t\t<p><img loading=\"lazy\" decoding=\"async\" class=\"triplog-sec7-img\" src=\"https:\/\/trackmondo.com\/wp-content\/uploads\/2022\/09\/Group-19-1-300x147.png\" alt=\"\" width=\"337\" height=\"165\" \/><\/p>\n\n\t\t<\/div>\n\t<\/div>\n<\/div><\/div><\/div><div class=\"wpb_column vc_column_container vc_col-sm-2\"><div class=\"vc_column-inner\"><div class=\"wpb_wrapper\">\n\t<div class=\"wpb_text_column wpb_content_element\" >\n\t\t<div class=\"wpb_wrapper\">\n\t\t\t<div class=\"triplog-button\"><a href=\"https:\/\/trackmondo.com\/en\/contact-us\/\"><span style=\"vertical-align: inherit;\"><span style=\"vertical-align: inherit;\">kontakta oss<\/span><\/span><\/a><\/div>\n\n\t\t<\/div>\n\t<\/div>\n<\/div><\/div><\/div><\/div><\/section>","protected":false},"excerpt":{"rendered":"Geofence \u00e4r ett digitalt staket som hj\u00e4lper er oerh\u00f6rt mycket av flera anledningar. Det r\u00e4cker med en markering p\u00e5 kartan. D\u00e4refter s\u00e5 f\u00e5r ni ett meddelande om fordonet k\u00f6r in eller ut ifr\u00e5n det markerade omr\u00e5det. Ni kan sj\u00e4lvklart v\u00e4lja detta alternativ f\u00f6r n\u00e5got enstaka fordon, alternativt till hela er bil flotta. Geofence hj\u00e4lper er [...]","protected":false},"author":1,"featured_media":0,"parent":0,"menu_order":0,"comment_status":"closed","ping_status":"closed","template":"","meta":{"footnotes":""},"class_list":["post-450","page","type-page","status-publish","hentry"],"yoast_head":"<!-- This site is optimized with the Yoast SEO plugin v24.2 - https:\/\/yoast.com\/wordpress\/plugins\/seo\/ -->\n<title>Geofence - Trackmondo<\/title>\n<meta name=\"robots\" content=\"index, follow, max-snippet:-1, max-image-preview:large, max-video-preview:-1\" \/>\n<link rel=\"canonical\" href=\"https:\/\/trackmondo.com\/en\/geofence\/\" \/>\n<meta property=\"og:locale\" content=\"en_GB\" \/>\n<meta property=\"og:type\" content=\"article\" \/>\n<meta property=\"og:title\" content=\"Geofence - Trackmondo\" \/>\n<meta property=\"og:url\" content=\"https:\/\/trackmondo.com\/en\/geofence\/\" \/>\n<meta property=\"og:site_name\" content=\"Trackmondo\" \/>\n<meta property=\"article:modified_time\" content=\"2023-05-15T07:14:49+00:00\" \/>\n<meta property=\"og:image\" content=\"https:\/\/trackmondo.com\/wp-content\/uploads\/2022\/09\/Group-583.png\" \/>\n<meta name=\"twitter:card\" content=\"summary_large_image\" \/>\n<meta name=\"twitter:label1\" content=\"Estimated reading time\" \/>\n\t<meta name=\"twitter:data1\" content=\"3 minutes\" \/>\n<script type=\"application\/ld+json\" class=\"yoast-schema-graph\">{\"@context\":\"https:\/\/schema.org\",\"@graph\":[{\"@type\":\"WebPage\",\"@id\":\"https:\/\/trackmondo.com\/geofence\/\",\"url\":\"https:\/\/trackmondo.com\/geofence\/\",\"name\":\"Geofence - Trackmondo\",\"isPartOf\":{\"@id\":\"https:\/\/trackmondo.com\/#website\"},\"primaryImageOfPage\":{\"@id\":\"https:\/\/trackmondo.com\/geofence\/#primaryimage\"},\"image\":{\"@id\":\"https:\/\/trackmondo.com\/geofence\/#primaryimage\"},\"thumbnailUrl\":\"https:\/\/trackmondo.com\/wp-content\/uploads\/2022\/09\/Group-583.png\",\"datePublished\":\"2023-04-26T05:44:17+00:00\",\"dateModified\":\"2023-05-15T07:14:49+00:00\",\"breadcrumb\":{\"@id\":\"https:\/\/trackmondo.com\/geofence\/#breadcrumb\"},\"inLanguage\":\"en-GB\",\"potentialAction\":[{\"@type\":\"ReadAction\",\"target\":[\"https:\/\/trackmondo.com\/geofence\/\"]}]},{\"@type\":\"ImageObject\",\"inLanguage\":\"en-GB\",\"@id\":\"https:\/\/trackmondo.com\/geofence\/#primaryimage\",\"url\":\"https:\/\/trackmondo.com\/wp-content\/uploads\/2022\/09\/Group-583.png\",\"contentUrl\":\"https:\/\/trackmondo.com\/wp-content\/uploads\/2022\/09\/Group-583.png\"},{\"@type\":\"BreadcrumbList\",\"@id\":\"https:\/\/trackmondo.com\/geofence\/#breadcrumb\",\"itemListElement\":[{\"@type\":\"ListItem\",\"position\":1,\"name\":\"Hem\",\"item\":\"https:\/\/trackmondo.com\/\"},{\"@type\":\"ListItem\",\"position\":2,\"name\":\"Geofence\"}]},{\"@type\":\"WebSite\",\"@id\":\"https:\/\/trackmondo.com\/#website\",\"url\":\"https:\/\/trackmondo.com\/\",\"name\":\"Trackmondo\",\"description\":\"En elektronisk k\u00f6rjournal f\u00f6r ett bra pris!\",\"publisher\":{\"@id\":\"https:\/\/trackmondo.com\/#organization\"},\"potentialAction\":[{\"@type\":\"SearchAction\",\"target\":{\"@type\":\"EntryPoint\",\"urlTemplate\":\"https:\/\/trackmondo.com\/?s={search_term_string}\"},\"query-input\":{\"@type\":\"PropertyValueSpecification\",\"valueRequired\":true,\"valueName\":\"search_term_string\"}}],\"inLanguage\":\"en-GB\"},{\"@type\":\"Organization\",\"@id\":\"https:\/\/trackmondo.com\/#organization\",\"name\":\"Trackmondo\",\"url\":\"https:\/\/trackmondo.com\/\",\"logo\":{\"@type\":\"ImageObject\",\"inLanguage\":\"en-GB\",\"@id\":\"https:\/\/trackmondo.com\/#\/schema\/logo\/image\/\",\"url\":\"https:\/\/trackmondo.com\/wp-content\/uploads\/2022\/09\/Trackmondo_Logo_Original-JPG-300ppi-scaled-1.png\",\"contentUrl\":\"https:\/\/trackmondo.com\/wp-content\/uploads\/2022\/09\/Trackmondo_Logo_Original-JPG-300ppi-scaled-1.png\",\"width\":379,\"height\":45,\"caption\":\"Trackmondo\"},\"image\":{\"@id\":\"https:\/\/trackmondo.com\/#\/schema\/logo\/image\/\"}}]}<\/script>\n<!-- \/ Yoast SEO plugin. -->","yoast_head_json":{"title":"Geofence - Trackmondo","robots":{"index":"index","follow":"follow","max-snippet":"max-snippet:-1","max-image-preview":"max-image-preview:large","max-video-preview":"max-video-preview:-1"},"canonical":"https:\/\/trackmondo.com\/en\/geofence\/","og_locale":"en_GB","og_type":"article","og_title":"Geofence - Trackmondo","og_url":"https:\/\/trackmondo.com\/en\/geofence\/","og_site_name":"Trackmondo","article_modified_time":"2023-05-15T07:14:49+00:00","og_image":[{"url":"https:\/\/trackmondo.com\/wp-content\/uploads\/2022\/09\/Group-583.png","type":"","width":"","height":""}],"twitter_card":"summary_large_image","twitter_misc":{"Estimated reading time":"3 minutes"},"schema":{"@context":"https:\/\/schema.org","@graph":[{"@type":"WebPage","@id":"https:\/\/trackmondo.com\/geofence\/","url":"https:\/\/trackmondo.com\/geofence\/","name":"Geofence - Trackmondo","isPartOf":{"@id":"https:\/\/trackmondo.com\/#website"},"primaryImageOfPage":{"@id":"https:\/\/trackmondo.com\/geofence\/#primaryimage"},"image":{"@id":"https:\/\/trackmondo.com\/geofence\/#primaryimage"},"thumbnailUrl":"https:\/\/trackmondo.com\/wp-content\/uploads\/2022\/09\/Group-583.png","datePublished":"2023-04-26T05:44:17+00:00","dateModified":"2023-05-15T07:14:49+00:00","breadcrumb":{"@id":"https:\/\/trackmondo.com\/geofence\/#breadcrumb"},"inLanguage":"en-GB","potentialAction":[{"@type":"ReadAction","target":["https:\/\/trackmondo.com\/geofence\/"]}]},{"@type":"ImageObject","inLanguage":"en-GB","@id":"https:\/\/trackmondo.com\/geofence\/#primaryimage","url":"https:\/\/trackmondo.com\/wp-content\/uploads\/2022\/09\/Group-583.png","contentUrl":"https:\/\/trackmondo.com\/wp-content\/uploads\/2022\/09\/Group-583.png"},{"@type":"BreadcrumbList","@id":"https:\/\/trackmondo.com\/geofence\/#breadcrumb","itemListElement":[{"@type":"ListItem","position":1,"name":"Hem","item":"https:\/\/trackmondo.com\/"},{"@type":"ListItem","position":2,"name":"Geofence"}]},{"@type":"WebSite","@id":"https:\/\/trackmondo.com\/#website","url":"https:\/\/trackmondo.com\/","name":"Trackmondo","description":"En elektronisk k\u00f6rjournal f\u00f6r ett bra pris!","publisher":{"@id":"https:\/\/trackmondo.com\/#organization"},"potentialAction":[{"@type":"SearchAction","target":{"@type":"EntryPoint","urlTemplate":"https:\/\/trackmondo.com\/?s={search_term_string}"},"query-input":{"@type":"PropertyValueSpecification","valueRequired":true,"valueName":"search_term_string"}}],"inLanguage":"en-GB"},{"@type":"Organization","@id":"https:\/\/trackmondo.com\/#organization","name":"Trackmondo","url":"https:\/\/trackmondo.com\/","logo":{"@type":"ImageObject","inLanguage":"en-GB","@id":"https:\/\/trackmondo.com\/#\/schema\/logo\/image\/","url":"https:\/\/trackmondo.com\/wp-content\/uploads\/2022\/09\/Trackmondo_Logo_Original-JPG-300ppi-scaled-1.png","contentUrl":"https:\/\/trackmondo.com\/wp-content\/uploads\/2022\/09\/Trackmondo_Logo_Original-JPG-300ppi-scaled-1.png","width":379,"height":45,"caption":"Trackmondo"},"image":{"@id":"https:\/\/trackmondo.com\/#\/schema\/logo\/image\/"}}]}},"_links":{"self":[{"href":"https:\/\/trackmondo.com\/en\/wp-json\/wp\/v2\/pages\/450","targetHints":{"allow":["GET"]}}],"collection":[{"href":"https:\/\/trackmondo.com\/en\/wp-json\/wp\/v2\/pages"}],"about":[{"href":"https:\/\/trackmondo.com\/en\/wp-json\/wp\/v2\/types\/page"}],"author":[{"embeddable":true,"href":"https:\/\/trackmondo.com\/en\/wp-json\/wp\/v2\/users\/1"}],"replies":[{"embeddable":true,"href":"https:\/\/trackmondo.com\/en\/wp-json\/wp\/v2\/comments?post=450"}],"version-history":[{"count":36,"href":"https:\/\/trackmondo.com\/en\/wp-json\/wp\/v2\/pages\/450\/revisions"}],"predecessor-version":[{"id":683,"href":"https:\/\/trackmondo.com\/en\/wp-json\/wp\/v2\/pages\/450\/revisions\/683"}],"wp:attachment":[{"href":"https:\/\/trackmondo.com\/en\/wp-json\/wp\/v2\/media?parent=450"}],"curies":[{"name":"wp","href":"https:\/\/api.w.org\/{rel}","templated":true}]}}