{"id":428,"date":"2023-04-25T11:43:48","date_gmt":"2023-04-25T09:43:48","guid":{"rendered":"https:\/\/trackmondo.com\/?page_id=428"},"modified":"2023-05-21T19:06:39","modified_gmt":"2023-05-21T17:06:39","slug":"rutter","status":"publish","type":"page","link":"https:\/\/trackmondo.com\/en\/routes\/","title":{"rendered":"Routes"},"content":{"rendered":"<section data-vc-full-width=\"true\" data-vc-full-width-init=\"false\" class=\"vc_section triplog-sec1 vc_custom_1662718090791 vc_section-has-fill\"><div id=\"triplog-1 grfmgffr\" class=\"vc_row wpb_row vc_row-fluid\"><div class=\"triplog-secA wpb_column vc_column_container vc_col-sm-6\"><div class=\"vc_column-inner\"><div class=\"wpb_wrapper\">\n\t<div class=\"wpb_text_column wpb_content_element\" >\n\t\t<div class=\"wpb_wrapper\">\n\t\t\t<h1>Routes is an exemplary tool that complements the <span style=\"color: #ec7823;\">other functions with us.<\/span><\/h1>\n<p><img loading=\"lazy\" decoding=\"async\" class=\"alignnone size-full wp-image-236\" src=\"https:\/\/trackmondo.com\/wp-content\/uploads\/2022\/09\/Group-583.png\" alt=\"\" width=\"150\" height=\"4\" srcset=\"https:\/\/trackmondo.com\/wp-content\/uploads\/2022\/09\/Group-583.png 150w, https:\/\/trackmondo.com\/wp-content\/uploads\/2022\/09\/Group-583-18x1.png 18w\" sizes=\"auto, (max-width: 150px) 100vw, 150px\" \/><\/p>\n<h6>With this function, can you see historical trips that have taken place, while at the same time you can plan your future trips.<\/h6>\n<h6>You can therefore select all cars, or a specific car that will go to a certain address. Our system will then calculate the fastest route for your entire car fleet and can thus show you which car will arrive first.<\/h6>\n\n\t\t<\/div>\n\t<\/div>\n<\/div><\/div><\/div><div class=\"triplog-secB wpb_column vc_column_container vc_col-sm-6\"><div class=\"vc_column-inner\"><div class=\"wpb_wrapper\">\n\t<div  class=\"wpb_single_image wpb_content_element vc_align_left\">\n\t\t\n\t\t<figure class=\"wpb_wrapper vc_figure\">\n\t\t\t<div class=\"vc_single_image-wrapper   vc_box_border_grey\"><img loading=\"lazy\" decoding=\"async\" width=\"3722\" height=\"1893\" src=\"https:\/\/trackmondo.com\/wp-content\/uploads\/2023\/04\/track-mondo.png\" class=\"vc_single_image-img attachment-full\" alt=\"\" srcset=\"https:\/\/trackmondo.com\/wp-content\/uploads\/2023\/04\/track-mondo.png 3722w, https:\/\/trackmondo.com\/wp-content\/uploads\/2023\/04\/track-mondo-300x153.png 300w, https:\/\/trackmondo.com\/wp-content\/uploads\/2023\/04\/track-mondo-1024x521.png 1024w, https:\/\/trackmondo.com\/wp-content\/uploads\/2023\/04\/track-mondo-768x391.png 768w, https:\/\/trackmondo.com\/wp-content\/uploads\/2023\/04\/track-mondo-1536x781.png 1536w, https:\/\/trackmondo.com\/wp-content\/uploads\/2023\/04\/track-mondo-2048x1042.png 2048w, https:\/\/trackmondo.com\/wp-content\/uploads\/2023\/04\/track-mondo-18x9.png 18w\" sizes=\"auto, (max-width: 3722px) 100vw, 3722px\" \/><\/div>\n\t\t<\/figure>\n\t<\/div>\n<\/div><\/div><\/div><\/div><\/section><div class=\"vc_row-full-width vc_clearfix\"><\/div><div data-vc-full-width=\"true\" data-vc-full-width-init=\"false\" data-vc-stretch-content=\"true\" class=\"vc_row wpb_row vc_row-fluid triplog-sec2 hjaplers vc_custom_1682668335647 vc_row-has-fill vc_row-no-padding\"><div class=\"images-only second-images wpb_column vc_column_container vc_col-sm-6\"><div class=\"vc_column-inner\"><div class=\"wpb_wrapper\">\n\t<div  class=\"wpb_single_image wpb_content_element vc_align_left\">\n\t\t\n\t\t<figure class=\"wpb_wrapper vc_figure\">\n\t\t\t<div class=\"vc_single_image-wrapper   vc_box_border_grey\"><img loading=\"lazy\" decoding=\"async\" width=\"1600\" height=\"744\" src=\"https:\/\/trackmondo.com\/wp-content\/uploads\/2023\/04\/WhatsApp-Image-2023-04-23-at-22.44.00.jpg\" class=\"vc_single_image-img attachment-full\" alt=\"\" srcset=\"https:\/\/trackmondo.com\/wp-content\/uploads\/2023\/04\/WhatsApp-Image-2023-04-23-at-22.44.00.jpg 1600w, https:\/\/trackmondo.com\/wp-content\/uploads\/2023\/04\/WhatsApp-Image-2023-04-23-at-22.44.00-300x140.jpg 300w, https:\/\/trackmondo.com\/wp-content\/uploads\/2023\/04\/WhatsApp-Image-2023-04-23-at-22.44.00-1024x476.jpg 1024w, https:\/\/trackmondo.com\/wp-content\/uploads\/2023\/04\/WhatsApp-Image-2023-04-23-at-22.44.00-768x357.jpg 768w, https:\/\/trackmondo.com\/wp-content\/uploads\/2023\/04\/WhatsApp-Image-2023-04-23-at-22.44.00-1536x714.jpg 1536w, https:\/\/trackmondo.com\/wp-content\/uploads\/2023\/04\/WhatsApp-Image-2023-04-23-at-22.44.00-18x8.jpg 18w\" sizes=\"auto, (max-width: 1600px) 100vw, 1600px\" \/><\/div>\n\t\t<\/figure>\n\t<\/div>\n<\/div><\/div><\/div><div class=\"only-content wpb_column vc_column_container vc_col-sm-6\"><div class=\"vc_column-inner\"><div class=\"wpb_wrapper\">\n\t<div class=\"wpb_text_column wpb_content_element\" >\n\t\t<div class=\"wpb_wrapper\">\n\t\t\t<h1>This can be good for <span style=\"color: #ec7823;\">several reasons:<\/span><\/h1>\n<p><img loading=\"lazy\" decoding=\"async\" class=\"wheel-img\" src=\"https:\/\/trackmondo.com\/wp-content\/uploads\/2022\/09\/Group-581.png\" alt=\"\" width=\"96\" height=\"26\" \/><\/p>\n<ul>\n<li>See completed routes backwards in time to streamline future routes<\/li>\n<li>Review routes and plan the work day to see who is closest to a new assignment<\/li>\n<li>Bid companies can plan their deliveries<\/li>\n<li>Avoid possible delays towards the customer<\/li>\n<\/ul>\n<h6>We are sure that there is a much greater need for this function for several companies<\/h6>\n\n\t\t<\/div>\n\t<\/div>\n<\/div><\/div><\/div><\/div><div class=\"vc_row-full-width vc_clearfix\"><\/div><div data-vc-full-width=\"true\" data-vc-full-width-init=\"false\" data-vc-stretch-content=\"true\" class=\"vc_row wpb_row vc_row-fluid triplog-sec2 hjaplers vc_custom_1682669187795 vc_row-has-fill vc_row-no-padding\"><div class=\"wpb_column vc_column_container vc_col-sm-12\"><div class=\"vc_column-inner\"><div class=\"wpb_wrapper\">\n\t<div  class=\"wpb_single_image wpb_content_element vc_align_left\">\n\t\t\n\t\t<figure class=\"wpb_wrapper vc_figure\">\n\t\t\t<div class=\"vc_single_image-wrapper   vc_box_border_grey\"><img loading=\"lazy\" decoding=\"async\" width=\"1600\" height=\"740\" src=\"https:\/\/trackmondo.com\/wp-content\/uploads\/2023\/04\/WhatsApp-Image-2023-04-23-at-22.39.14.jpg\" class=\"vc_single_image-img attachment-full\" alt=\"\" srcset=\"https:\/\/trackmondo.com\/wp-content\/uploads\/2023\/04\/WhatsApp-Image-2023-04-23-at-22.39.14.jpg 1600w, https:\/\/trackmondo.com\/wp-content\/uploads\/2023\/04\/WhatsApp-Image-2023-04-23-at-22.39.14-300x139.jpg 300w, https:\/\/trackmondo.com\/wp-content\/uploads\/2023\/04\/WhatsApp-Image-2023-04-23-at-22.39.14-1024x474.jpg 1024w, https:\/\/trackmondo.com\/wp-content\/uploads\/2023\/04\/WhatsApp-Image-2023-04-23-at-22.39.14-768x355.jpg 768w, https:\/\/trackmondo.com\/wp-content\/uploads\/2023\/04\/WhatsApp-Image-2023-04-23-at-22.39.14-1536x710.jpg 1536w, https:\/\/trackmondo.com\/wp-content\/uploads\/2023\/04\/WhatsApp-Image-2023-04-23-at-22.39.14-18x8.jpg 18w\" sizes=\"auto, (max-width: 1600px) 100vw, 1600px\" \/><\/div>\n\t\t<\/figure>\n\t<\/div>\n<\/div><\/div><\/div><\/div><div class=\"vc_row-full-width vc_clearfix\"><\/div><section class=\"vc_section section-triplog-sec7\"><div class=\"vc_row wpb_row vc_row-fluid triplog-sec7 vc_custom_1662788256176 vc_row-has-fill\"><div class=\"wpb_column vc_column_container vc_col-sm-6\"><div class=\"vc_column-inner\"><div class=\"wpb_wrapper\">\n\t<div class=\"wpb_text_column wpb_content_element\" >\n\t\t<div class=\"wpb_wrapper\">\n\t\t\t<h1>We offer comprehensive GPS solutions. <span style=\"color: #ec7823;\">Order already now!<\/span><\/h1>\n\n\t\t<\/div>\n\t<\/div>\n<div class=\"vc_row wpb_row vc_inner vc_row-fluid\"><div class=\"wpb_column vc_column_container vc_col-sm-6\"><div class=\"vc_column-inner\"><div class=\"wpb_wrapper\">\n\t<div class=\"wpb_text_column wpb_content_element\" >\n\t\t<div class=\"wpb_wrapper\">\n\t\t\t<ul>\n<li><img loading=\"lazy\" decoding=\"async\" class=\"alignnone size-full wp-image-250\" src=\"https:\/\/trackmondo.com\/wp-content\/uploads\/2022\/09\/Icon-awesome-phone-alt-1.png\" alt=\"\" width=\"21\" height=\"21\" srcset=\"https:\/\/trackmondo.com\/wp-content\/uploads\/2022\/09\/Icon-awesome-phone-alt-1.png 21w, https:\/\/trackmondo.com\/wp-content\/uploads\/2022\/09\/Icon-awesome-phone-alt-1-12x12.png 12w\" sizes=\"auto, (max-width: 21px) 100vw, 21px\" \/><\/li>\n<li><a href=\"tel: 010- 42 43 090\"><span style=\"vertical-align: inherit;\"><span style=\"vertical-align: inherit;\"> 010- 42 43 090<\/span><\/span><\/a><\/li>\n<\/ul>\n\n\t\t<\/div>\n\t<\/div>\n<\/div><\/div><\/div><div class=\"wpb_column vc_column_container vc_col-sm-6\"><div class=\"vc_column-inner\"><div class=\"wpb_wrapper\">\n\t<div class=\"wpb_text_column wpb_content_element\" >\n\t\t<div class=\"wpb_wrapper\">\n\t\t\t<ul>\n<li><img loading=\"lazy\" decoding=\"async\" class=\"alignnone size-full wp-image-249\" src=\"https:\/\/trackmondo.com\/wp-content\/uploads\/2022\/09\/Icon-ionic-ios-mail.png\" alt=\"\" width=\"24\" height=\"17\" srcset=\"https:\/\/trackmondo.com\/wp-content\/uploads\/2022\/09\/Icon-ionic-ios-mail.png 24w, https:\/\/trackmondo.com\/wp-content\/uploads\/2022\/09\/Icon-ionic-ios-mail-18x12.png 18w\" sizes=\"auto, (max-width: 24px) 100vw, 24px\" \/><\/li>\n<li><a href=\"mailto:info@trackmondo.com\">info@trackmondo.com<\/a><\/li>\n<\/ul>\n\n\t\t<\/div>\n\t<\/div>\n<\/div><\/div><\/div><\/div><\/div><\/div><\/div><div class=\"wpb_column vc_column_container vc_col-sm-4\"><div class=\"vc_column-inner\"><div class=\"wpb_wrapper\">\n\t<div class=\"wpb_text_column wpb_content_element\" >\n\t\t<div class=\"wpb_wrapper\">\n\t\t\t<p><img loading=\"lazy\" decoding=\"async\" class=\"triplog-sec7-img\" src=\"https:\/\/trackmondo.com\/wp-content\/uploads\/2022\/09\/Group-19-1-300x147.png\" alt=\"\" width=\"337\" height=\"165\" \/><\/p>\n\n\t\t<\/div>\n\t<\/div>\n<\/div><\/div><\/div><div class=\"wpb_column vc_column_container vc_col-sm-2\"><div class=\"vc_column-inner\"><div class=\"wpb_wrapper\">\n\t<div class=\"wpb_text_column wpb_content_element\" >\n\t\t<div class=\"wpb_wrapper\">\n\t\t\t<div class=\"triplog-button\"><a href=\"https:\/\/trackmondo.com\/en\/contact-us\/\"><span style=\"vertical-align: inherit;\"><span style=\"vertical-align: inherit;\">kontakta oss<\/span><\/span><\/a><\/div>\n\n\t\t<\/div>\n\t<\/div>\n<\/div><\/div><\/div><\/div><\/section>","protected":false},"excerpt":{"rendered":"Rutter \u00e4r ett exemplariskt verktyg som kompletterar de andra funktionerna hos oss. Med denna funktion s\u00e5 kan ni se historiska resor som har skett, samtidigt som ni kan planera era framtida resor. Ni kan d\u00e4rmed v\u00e4lja alla bilar, eller en specifik bil som ska \u00e5ka mot en viss adress. D\u00e5 r\u00e4knar v\u00e5rt system ut den [...]","protected":false},"author":1,"featured_media":0,"parent":0,"menu_order":0,"comment_status":"closed","ping_status":"closed","template":"","meta":{"footnotes":""},"class_list":["post-428","page","type-page","status-publish","hentry"],"yoast_head":"<!-- This site is optimized with the Yoast SEO plugin v24.2 - https:\/\/yoast.com\/wordpress\/plugins\/seo\/ -->\n<title>Rutter - Trackmondo<\/title>\n<meta name=\"robots\" content=\"index, follow, max-snippet:-1, max-image-preview:large, max-video-preview:-1\" \/>\n<link rel=\"canonical\" href=\"https:\/\/trackmondo.com\/en\/routes\/\" \/>\n<meta property=\"og:locale\" content=\"en_GB\" \/>\n<meta property=\"og:type\" content=\"article\" \/>\n<meta property=\"og:title\" content=\"Rutter - Trackmondo\" \/>\n<meta property=\"og:url\" content=\"https:\/\/trackmondo.com\/en\/routes\/\" \/>\n<meta property=\"og:site_name\" content=\"Trackmondo\" \/>\n<meta property=\"article:modified_time\" content=\"2023-05-21T17:06:39+00:00\" \/>\n<meta property=\"og:image\" content=\"https:\/\/trackmondo.com\/wp-content\/uploads\/2022\/09\/Group-583.png\" \/>\n<meta name=\"twitter:card\" content=\"summary_large_image\" \/>\n<meta name=\"twitter:label1\" content=\"Estimated reading time\" \/>\n\t<meta name=\"twitter:data1\" content=\"2 minutes\" \/>\n<script type=\"application\/ld+json\" class=\"yoast-schema-graph\">{\"@context\":\"https:\/\/schema.org\",\"@graph\":[{\"@type\":\"WebPage\",\"@id\":\"https:\/\/trackmondo.com\/rutter\/\",\"url\":\"https:\/\/trackmondo.com\/rutter\/\",\"name\":\"Rutter - Trackmondo\",\"isPartOf\":{\"@id\":\"https:\/\/trackmondo.com\/#website\"},\"primaryImageOfPage\":{\"@id\":\"https:\/\/trackmondo.com\/rutter\/#primaryimage\"},\"image\":{\"@id\":\"https:\/\/trackmondo.com\/rutter\/#primaryimage\"},\"thumbnailUrl\":\"https:\/\/trackmondo.com\/wp-content\/uploads\/2022\/09\/Group-583.png\",\"datePublished\":\"2023-04-25T09:43:48+00:00\",\"dateModified\":\"2023-05-21T17:06:39+00:00\",\"breadcrumb\":{\"@id\":\"https:\/\/trackmondo.com\/rutter\/#breadcrumb\"},\"inLanguage\":\"en-GB\",\"potentialAction\":[{\"@type\":\"ReadAction\",\"target\":[\"https:\/\/trackmondo.com\/rutter\/\"]}]},{\"@type\":\"ImageObject\",\"inLanguage\":\"en-GB\",\"@id\":\"https:\/\/trackmondo.com\/rutter\/#primaryimage\",\"url\":\"https:\/\/trackmondo.com\/wp-content\/uploads\/2022\/09\/Group-583.png\",\"contentUrl\":\"https:\/\/trackmondo.com\/wp-content\/uploads\/2022\/09\/Group-583.png\"},{\"@type\":\"BreadcrumbList\",\"@id\":\"https:\/\/trackmondo.com\/rutter\/#breadcrumb\",\"itemListElement\":[{\"@type\":\"ListItem\",\"position\":1,\"name\":\"Hem\",\"item\":\"https:\/\/trackmondo.com\/\"},{\"@type\":\"ListItem\",\"position\":2,\"name\":\"Rutter\"}]},{\"@type\":\"WebSite\",\"@id\":\"https:\/\/trackmondo.com\/#website\",\"url\":\"https:\/\/trackmondo.com\/\",\"name\":\"Trackmondo\",\"description\":\"En elektronisk k\u00f6rjournal f\u00f6r ett bra pris!\",\"publisher\":{\"@id\":\"https:\/\/trackmondo.com\/#organization\"},\"potentialAction\":[{\"@type\":\"SearchAction\",\"target\":{\"@type\":\"EntryPoint\",\"urlTemplate\":\"https:\/\/trackmondo.com\/?s={search_term_string}\"},\"query-input\":{\"@type\":\"PropertyValueSpecification\",\"valueRequired\":true,\"valueName\":\"search_term_string\"}}],\"inLanguage\":\"en-GB\"},{\"@type\":\"Organization\",\"@id\":\"https:\/\/trackmondo.com\/#organization\",\"name\":\"Trackmondo\",\"url\":\"https:\/\/trackmondo.com\/\",\"logo\":{\"@type\":\"ImageObject\",\"inLanguage\":\"en-GB\",\"@id\":\"https:\/\/trackmondo.com\/#\/schema\/logo\/image\/\",\"url\":\"https:\/\/trackmondo.com\/wp-content\/uploads\/2022\/09\/Trackmondo_Logo_Original-JPG-300ppi-scaled-1.png\",\"contentUrl\":\"https:\/\/trackmondo.com\/wp-content\/uploads\/2022\/09\/Trackmondo_Logo_Original-JPG-300ppi-scaled-1.png\",\"width\":379,\"height\":45,\"caption\":\"Trackmondo\"},\"image\":{\"@id\":\"https:\/\/trackmondo.com\/#\/schema\/logo\/image\/\"}}]}<\/script>\n<!-- \/ Yoast SEO plugin. -->","yoast_head_json":{"title":"Rutter - Trackmondo","robots":{"index":"index","follow":"follow","max-snippet":"max-snippet:-1","max-image-preview":"max-image-preview:large","max-video-preview":"max-video-preview:-1"},"canonical":"https:\/\/trackmondo.com\/en\/routes\/","og_locale":"en_GB","og_type":"article","og_title":"Rutter - Trackmondo","og_url":"https:\/\/trackmondo.com\/en\/routes\/","og_site_name":"Trackmondo","article_modified_time":"2023-05-21T17:06:39+00:00","og_image":[{"url":"https:\/\/trackmondo.com\/wp-content\/uploads\/2022\/09\/Group-583.png","type":"","width":"","height":""}],"twitter_card":"summary_large_image","twitter_misc":{"Estimated reading time":"2 minutes"},"schema":{"@context":"https:\/\/schema.org","@graph":[{"@type":"WebPage","@id":"https:\/\/trackmondo.com\/rutter\/","url":"https:\/\/trackmondo.com\/rutter\/","name":"Rutter - Trackmondo","isPartOf":{"@id":"https:\/\/trackmondo.com\/#website"},"primaryImageOfPage":{"@id":"https:\/\/trackmondo.com\/rutter\/#primaryimage"},"image":{"@id":"https:\/\/trackmondo.com\/rutter\/#primaryimage"},"thumbnailUrl":"https:\/\/trackmondo.com\/wp-content\/uploads\/2022\/09\/Group-583.png","datePublished":"2023-04-25T09:43:48+00:00","dateModified":"2023-05-21T17:06:39+00:00","breadcrumb":{"@id":"https:\/\/trackmondo.com\/rutter\/#breadcrumb"},"inLanguage":"en-GB","potentialAction":[{"@type":"ReadAction","target":["https:\/\/trackmondo.com\/rutter\/"]}]},{"@type":"ImageObject","inLanguage":"en-GB","@id":"https:\/\/trackmondo.com\/rutter\/#primaryimage","url":"https:\/\/trackmondo.com\/wp-content\/uploads\/2022\/09\/Group-583.png","contentUrl":"https:\/\/trackmondo.com\/wp-content\/uploads\/2022\/09\/Group-583.png"},{"@type":"BreadcrumbList","@id":"https:\/\/trackmondo.com\/rutter\/#breadcrumb","itemListElement":[{"@type":"ListItem","position":1,"name":"Hem","item":"https:\/\/trackmondo.com\/"},{"@type":"ListItem","position":2,"name":"Rutter"}]},{"@type":"WebSite","@id":"https:\/\/trackmondo.com\/#website","url":"https:\/\/trackmondo.com\/","name":"Trackmondo","description":"En elektronisk k\u00f6rjournal f\u00f6r ett bra pris!","publisher":{"@id":"https:\/\/trackmondo.com\/#organization"},"potentialAction":[{"@type":"SearchAction","target":{"@type":"EntryPoint","urlTemplate":"https:\/\/trackmondo.com\/?s={search_term_string}"},"query-input":{"@type":"PropertyValueSpecification","valueRequired":true,"valueName":"search_term_string"}}],"inLanguage":"en-GB"},{"@type":"Organization","@id":"https:\/\/trackmondo.com\/#organization","name":"Trackmondo","url":"https:\/\/trackmondo.com\/","logo":{"@type":"ImageObject","inLanguage":"en-GB","@id":"https:\/\/trackmondo.com\/#\/schema\/logo\/image\/","url":"https:\/\/trackmondo.com\/wp-content\/uploads\/2022\/09\/Trackmondo_Logo_Original-JPG-300ppi-scaled-1.png","contentUrl":"https:\/\/trackmondo.com\/wp-content\/uploads\/2022\/09\/Trackmondo_Logo_Original-JPG-300ppi-scaled-1.png","width":379,"height":45,"caption":"Trackmondo"},"image":{"@id":"https:\/\/trackmondo.com\/#\/schema\/logo\/image\/"}}]}},"_links":{"self":[{"href":"https:\/\/trackmondo.com\/en\/wp-json\/wp\/v2\/pages\/428","targetHints":{"allow":["GET"]}}],"collection":[{"href":"https:\/\/trackmondo.com\/en\/wp-json\/wp\/v2\/pages"}],"about":[{"href":"https:\/\/trackmondo.com\/en\/wp-json\/wp\/v2\/types\/page"}],"author":[{"embeddable":true,"href":"https:\/\/trackmondo.com\/en\/wp-json\/wp\/v2\/users\/1"}],"replies":[{"embeddable":true,"href":"https:\/\/trackmondo.com\/en\/wp-json\/wp\/v2\/comments?post=428"}],"version-history":[{"count":15,"href":"https:\/\/trackmondo.com\/en\/wp-json\/wp\/v2\/pages\/428\/revisions"}],"predecessor-version":[{"id":735,"href":"https:\/\/trackmondo.com\/en\/wp-json\/wp\/v2\/pages\/428\/revisions\/735"}],"wp:attachment":[{"href":"https:\/\/trackmondo.com\/en\/wp-json\/wp\/v2\/media?parent=428"}],"curies":[{"name":"wp","href":"https:\/\/api.w.org\/{rel}","templated":true}]}}