{"id":410,"date":"2023-04-25T07:10:07","date_gmt":"2023-04-25T05:10:07","guid":{"rendered":"https:\/\/trackmondo.com\/?page_id=410"},"modified":"2023-05-21T19:03:45","modified_gmt":"2023-05-21T17:03:45","slug":"full-statistik","status":"publish","type":"page","link":"https:\/\/trackmondo.com\/en\/full-statistics\/","title":{"rendered":"Full Statistics"},"content":{"rendered":"<section data-vc-full-width=\"true\" data-vc-full-width-init=\"false\" class=\"vc_section vc_custom_1682940015032 vc_section-has-fill\"><div class=\"vc_row wpb_row vc_row-fluid triplog-sec3 full-statistic\"><div class=\"wpb_column vc_column_container vc_col-sm-6\"><div class=\"vc_column-inner\"><div class=\"wpb_wrapper\">\n\t<div class=\"wpb_text_column wpb_content_element\" >\n\t\t<div class=\"wpb_wrapper\">\n\t\t\t<h1>Here can you see full statistics on your car fleet. You can choose whether you want to see the statistics for a specific car or if you want to see <span style=\"color: #ec7823;\">everything for the entire car fleet.<\/span><\/h1>\n<p><img loading=\"lazy\" decoding=\"async\" class=\"alignnone size-full wp-image-236\" src=\"https:\/\/trackmondo.com\/wp-content\/uploads\/2022\/09\/Group-583.png\" alt=\"\" width=\"150\" height=\"4\" srcset=\"https:\/\/trackmondo.com\/wp-content\/uploads\/2022\/09\/Group-583.png 150w, https:\/\/trackmondo.com\/wp-content\/uploads\/2022\/09\/Group-583-18x1.png 18w\" sizes=\"auto, (max-width: 150px) 100vw, 150px\" \/><\/p>\n<h6>This is a good feature that helps you keep track of driving behavior so you can decide for yourself if you want to improve it.<\/h6>\n<h6>Then it's also a fun thing to see how much you use the car in the service or privately.<\/h6>\n\n\t\t<\/div>\n\t<\/div>\n<\/div><\/div><\/div><div class=\"wpb_column vc_column_container vc_col-sm-6\"><div class=\"vc_column-inner\"><div class=\"wpb_wrapper\">\n\t<div  class=\"wpb_single_image wpb_content_element vc_align_left\">\n\t\t\n\t\t<figure class=\"wpb_wrapper vc_figure\">\n\t\t\t<div class=\"vc_single_image-wrapper   vc_box_border_grey\"><img loading=\"lazy\" decoding=\"async\" width=\"5088\" height=\"2998\" src=\"https:\/\/trackmondo.com\/wp-content\/uploads\/2023\/05\/full-staticks.png\" class=\"vc_single_image-img attachment-full\" alt=\"\" srcset=\"https:\/\/trackmondo.com\/wp-content\/uploads\/2023\/05\/full-staticks.png 5088w, https:\/\/trackmondo.com\/wp-content\/uploads\/2023\/05\/full-staticks-300x177.png 300w, https:\/\/trackmondo.com\/wp-content\/uploads\/2023\/05\/full-staticks-1024x603.png 1024w, https:\/\/trackmondo.com\/wp-content\/uploads\/2023\/05\/full-staticks-768x453.png 768w, https:\/\/trackmondo.com\/wp-content\/uploads\/2023\/05\/full-staticks-1536x905.png 1536w, https:\/\/trackmondo.com\/wp-content\/uploads\/2023\/05\/full-staticks-2048x1207.png 2048w, https:\/\/trackmondo.com\/wp-content\/uploads\/2023\/05\/full-staticks-18x12.png 18w\" sizes=\"auto, (max-width: 5088px) 100vw, 5088px\" \/><\/div>\n\t\t<\/figure>\n\t<\/div>\n<\/div><\/div><\/div><\/div><\/section><div class=\"vc_row-full-width vc_clearfix\"><\/div><div data-vc-full-width=\"true\" data-vc-full-width-init=\"false\" data-vc-stretch-content=\"true\" class=\"vc_row wpb_row vc_row-fluid triplog-sec4 vc_custom_1682939865166 vc_row-has-fill vc_row-no-padding\"><div class=\"wpb_column vc_column_container vc_col-sm-6\"><div class=\"vc_column-inner\"><div class=\"wpb_wrapper\">\n\t<div  class=\"wpb_single_image wpb_content_element vc_align_left   triplog-sec3-img\">\n\t\t\n\t\t<figure class=\"wpb_wrapper vc_figure\">\n\t\t\t<div class=\"vc_single_image-wrapper   vc_box_border_grey\"><img loading=\"lazy\" decoding=\"async\" width=\"854\" height=\"571\" src=\"https:\/\/trackmondo.com\/wp-content\/uploads\/2023\/05\/mockup772.png\" class=\"vc_single_image-img attachment-full\" alt=\"\" srcset=\"https:\/\/trackmondo.com\/wp-content\/uploads\/2023\/05\/mockup772.png 854w, https:\/\/trackmondo.com\/wp-content\/uploads\/2023\/05\/mockup772-300x201.png 300w, https:\/\/trackmondo.com\/wp-content\/uploads\/2023\/05\/mockup772-768x513.png 768w, https:\/\/trackmondo.com\/wp-content\/uploads\/2023\/05\/mockup772-18x12.png 18w\" sizes=\"auto, (max-width: 854px) 100vw, 854px\" \/><\/div>\n\t\t<\/figure>\n\t<\/div>\n<\/div><\/div><\/div><div class=\"wpb_column vc_column_container vc_col-sm-6\"><div class=\"vc_column-inner\"><div class=\"wpb_wrapper\">\n\t<div class=\"wpb_text_column wpb_content_element\" >\n\t\t<div class=\"wpb_wrapper\">\n\t\t\t<h1>The administration gets a complete overview of <span style=\"color: #ec7823;\"> your car fleet statistics. <\/span><\/h1>\n<p><img loading=\"lazy\" decoding=\"async\" class=\"alignnone size-full wp-image-237\" src=\"https:\/\/trackmondo.com\/wp-content\/uploads\/2022\/09\/Group-586.png\" alt=\"\" width=\"150\" height=\"4\" srcset=\"https:\/\/trackmondo.com\/wp-content\/uploads\/2022\/09\/Group-586.png 150w, https:\/\/trackmondo.com\/wp-content\/uploads\/2022\/09\/Group-586-18x1.png 18w\" sizes=\"auto, (max-width: 150px) 100vw, 150px\" \/><\/p>\n<h6>Here can you see statistics such as how many journeys your company cars have driven on business \/ private, fuel consumption, idle time, number of km, time, and carbon dioxide emissions. You can see the statistics overall for the entire car fleet or on an individual level specifically for each car.<\/h6>\n\n\t\t<\/div>\n\t<\/div>\n<\/div><\/div><\/div><\/div><div class=\"vc_row-full-width vc_clearfix\"><\/div><section class=\"vc_section section-triplog-sec7 section-8\"><div class=\"vc_row wpb_row vc_row-fluid triplog-sec7 vc_custom_1662788256176 vc_row-has-fill\"><div class=\"wpb_column vc_column_container vc_col-sm-6\"><div class=\"vc_column-inner\"><div class=\"wpb_wrapper\">\n\t<div class=\"wpb_text_column wpb_content_element\" >\n\t\t<div class=\"wpb_wrapper\">\n\t\t\t<h1>We offer comprehensive GPS solutions. <span style=\"color: #ec7823;\"> Order already now!<\/span><\/h1>\n\n\t\t<\/div>\n\t<\/div>\n<div class=\"vc_row wpb_row vc_inner vc_row-fluid\"><div class=\"wpb_column vc_column_container vc_col-sm-6\"><div class=\"vc_column-inner\"><div class=\"wpb_wrapper\">\n\t<div class=\"wpb_text_column wpb_content_element\" >\n\t\t<div class=\"wpb_wrapper\">\n\t\t\t<ul>\n<li><img loading=\"lazy\" decoding=\"async\" class=\"alignnone size-full wp-image-250\" src=\"https:\/\/trackmondo.com\/wp-content\/uploads\/2022\/09\/Icon-awesome-phone-alt-1.png\" alt=\"\" width=\"21\" height=\"21\" srcset=\"https:\/\/trackmondo.com\/wp-content\/uploads\/2022\/09\/Icon-awesome-phone-alt-1.png 21w, https:\/\/trackmondo.com\/wp-content\/uploads\/2022\/09\/Icon-awesome-phone-alt-1-12x12.png 12w\" sizes=\"auto, (max-width: 21px) 100vw, 21px\" \/><\/li>\n<li><a href=\"tel: 010- 42 43 090\"><span style=\"vertical-align: inherit;\"><span style=\"vertical-align: inherit;\"> 010- 42 43 090<\/span><\/span><\/a><\/li>\n<\/ul>\n\n\t\t<\/div>\n\t<\/div>\n<\/div><\/div><\/div><div class=\"wpb_column vc_column_container vc_col-sm-6\"><div class=\"vc_column-inner\"><div class=\"wpb_wrapper\">\n\t<div class=\"wpb_text_column wpb_content_element\" >\n\t\t<div class=\"wpb_wrapper\">\n\t\t\t<ul class=\"only-email\">\n<li><img loading=\"lazy\" decoding=\"async\" class=\"alignnone size-full wp-image-249\" src=\"https:\/\/trackmondo.com\/wp-content\/uploads\/2022\/09\/Icon-ionic-ios-mail.png\" alt=\"\" width=\"24\" height=\"17\" srcset=\"https:\/\/trackmondo.com\/wp-content\/uploads\/2022\/09\/Icon-ionic-ios-mail.png 24w, https:\/\/trackmondo.com\/wp-content\/uploads\/2022\/09\/Icon-ionic-ios-mail-18x12.png 18w\" sizes=\"auto, (max-width: 24px) 100vw, 24px\" \/><\/li>\n<li><a href=\"mailto:info@trackmondo.com\">info@trackmondo.com<\/a><\/li>\n<\/ul>\n\n\t\t<\/div>\n\t<\/div>\n<\/div><\/div><\/div><\/div><\/div><\/div><\/div><div class=\"wpb_column vc_column_container vc_col-sm-4\"><div class=\"vc_column-inner\"><div class=\"wpb_wrapper\">\n\t<div class=\"wpb_text_column wpb_content_element\" >\n\t\t<div class=\"wpb_wrapper\">\n\t\t\t<p><img loading=\"lazy\" decoding=\"async\" class=\"triplog-sec7-img\" src=\"https:\/\/trackmondo.com\/wp-content\/uploads\/2022\/09\/Group-19-1-300x147.png\" alt=\"\" width=\"337\" height=\"165\" \/><\/p>\n\n\t\t<\/div>\n\t<\/div>\n<\/div><\/div><\/div><div class=\"wpb_column vc_column_container vc_col-sm-2\"><div class=\"vc_column-inner\"><div class=\"wpb_wrapper\">\n\t<div class=\"wpb_text_column wpb_content_element\" >\n\t\t<div class=\"wpb_wrapper\">\n\t\t\t<div class=\"triplog-button\"><a href=\"https:\/\/trackmondo.com\/en\/contact-us\/\"><span style=\"vertical-align: inherit;\"><span style=\"vertical-align: inherit;\">kontakta oss<\/span><\/span><\/a><\/div>\n\n\t\t<\/div>\n\t<\/div>\n<\/div><\/div><\/div><\/div><\/section>","protected":false},"excerpt":{"rendered":"H\u00e4r kan du se en full statistik p\u00e5 din bil flotta. Du kan sj\u00e4lv v\u00e4lja om du vill se statistiken f\u00f6r en specifik bil eller om du vill se allting f\u00f6r hela bil flottan. Detta \u00e4r en bra funktion som hj\u00e4lper er att h\u00e5lla koll p\u00e5 k\u00f6r beteendet s\u00e5 att ni sj\u00e4lva kan avg\u00f6ra om [...]","protected":false},"author":1,"featured_media":0,"parent":0,"menu_order":0,"comment_status":"closed","ping_status":"closed","template":"","meta":{"footnotes":""},"class_list":["post-410","page","type-page","status-publish","hentry"],"yoast_head":"<!-- This site is optimized with the Yoast SEO plugin v24.2 - https:\/\/yoast.com\/wordpress\/plugins\/seo\/ -->\n<title>Full Statistik - Trackmondo<\/title>\n<meta name=\"robots\" content=\"index, follow, max-snippet:-1, max-image-preview:large, max-video-preview:-1\" \/>\n<link rel=\"canonical\" href=\"https:\/\/trackmondo.com\/en\/full-statistics\/\" \/>\n<meta property=\"og:locale\" content=\"en_GB\" \/>\n<meta property=\"og:type\" content=\"article\" \/>\n<meta property=\"og:title\" content=\"Full Statistik - Trackmondo\" \/>\n<meta property=\"og:url\" content=\"https:\/\/trackmondo.com\/en\/full-statistics\/\" \/>\n<meta property=\"og:site_name\" content=\"Trackmondo\" \/>\n<meta property=\"article:modified_time\" content=\"2023-05-21T17:03:45+00:00\" \/>\n<meta property=\"og:image\" content=\"https:\/\/trackmondo.com\/wp-content\/uploads\/2022\/09\/Group-583.png\" \/>\n<meta name=\"twitter:card\" content=\"summary_large_image\" \/>\n<meta name=\"twitter:label1\" content=\"Estimated reading time\" \/>\n\t<meta name=\"twitter:data1\" content=\"2 minutes\" \/>\n<script type=\"application\/ld+json\" class=\"yoast-schema-graph\">{\"@context\":\"https:\/\/schema.org\",\"@graph\":[{\"@type\":\"WebPage\",\"@id\":\"https:\/\/trackmondo.com\/full-statistik\/\",\"url\":\"https:\/\/trackmondo.com\/full-statistik\/\",\"name\":\"Full Statistik - Trackmondo\",\"isPartOf\":{\"@id\":\"https:\/\/trackmondo.com\/#website\"},\"primaryImageOfPage\":{\"@id\":\"https:\/\/trackmondo.com\/full-statistik\/#primaryimage\"},\"image\":{\"@id\":\"https:\/\/trackmondo.com\/full-statistik\/#primaryimage\"},\"thumbnailUrl\":\"https:\/\/trackmondo.com\/wp-content\/uploads\/2022\/09\/Group-583.png\",\"datePublished\":\"2023-04-25T05:10:07+00:00\",\"dateModified\":\"2023-05-21T17:03:45+00:00\",\"breadcrumb\":{\"@id\":\"https:\/\/trackmondo.com\/full-statistik\/#breadcrumb\"},\"inLanguage\":\"en-GB\",\"potentialAction\":[{\"@type\":\"ReadAction\",\"target\":[\"https:\/\/trackmondo.com\/full-statistik\/\"]}]},{\"@type\":\"ImageObject\",\"inLanguage\":\"en-GB\",\"@id\":\"https:\/\/trackmondo.com\/full-statistik\/#primaryimage\",\"url\":\"https:\/\/trackmondo.com\/wp-content\/uploads\/2022\/09\/Group-583.png\",\"contentUrl\":\"https:\/\/trackmondo.com\/wp-content\/uploads\/2022\/09\/Group-583.png\"},{\"@type\":\"BreadcrumbList\",\"@id\":\"https:\/\/trackmondo.com\/full-statistik\/#breadcrumb\",\"itemListElement\":[{\"@type\":\"ListItem\",\"position\":1,\"name\":\"Hem\",\"item\":\"https:\/\/trackmondo.com\/\"},{\"@type\":\"ListItem\",\"position\":2,\"name\":\"Full Statistik\"}]},{\"@type\":\"WebSite\",\"@id\":\"https:\/\/trackmondo.com\/#website\",\"url\":\"https:\/\/trackmondo.com\/\",\"name\":\"Trackmondo\",\"description\":\"En elektronisk k\u00f6rjournal f\u00f6r ett bra pris!\",\"publisher\":{\"@id\":\"https:\/\/trackmondo.com\/#organization\"},\"potentialAction\":[{\"@type\":\"SearchAction\",\"target\":{\"@type\":\"EntryPoint\",\"urlTemplate\":\"https:\/\/trackmondo.com\/?s={search_term_string}\"},\"query-input\":{\"@type\":\"PropertyValueSpecification\",\"valueRequired\":true,\"valueName\":\"search_term_string\"}}],\"inLanguage\":\"en-GB\"},{\"@type\":\"Organization\",\"@id\":\"https:\/\/trackmondo.com\/#organization\",\"name\":\"Trackmondo\",\"url\":\"https:\/\/trackmondo.com\/\",\"logo\":{\"@type\":\"ImageObject\",\"inLanguage\":\"en-GB\",\"@id\":\"https:\/\/trackmondo.com\/#\/schema\/logo\/image\/\",\"url\":\"https:\/\/trackmondo.com\/wp-content\/uploads\/2022\/09\/Trackmondo_Logo_Original-JPG-300ppi-scaled-1.png\",\"contentUrl\":\"https:\/\/trackmondo.com\/wp-content\/uploads\/2022\/09\/Trackmondo_Logo_Original-JPG-300ppi-scaled-1.png\",\"width\":379,\"height\":45,\"caption\":\"Trackmondo\"},\"image\":{\"@id\":\"https:\/\/trackmondo.com\/#\/schema\/logo\/image\/\"}}]}<\/script>\n<!-- \/ Yoast SEO plugin. -->","yoast_head_json":{"title":"Full Statistik - Trackmondo","robots":{"index":"index","follow":"follow","max-snippet":"max-snippet:-1","max-image-preview":"max-image-preview:large","max-video-preview":"max-video-preview:-1"},"canonical":"https:\/\/trackmondo.com\/en\/full-statistics\/","og_locale":"en_GB","og_type":"article","og_title":"Full Statistik - Trackmondo","og_url":"https:\/\/trackmondo.com\/en\/full-statistics\/","og_site_name":"Trackmondo","article_modified_time":"2023-05-21T17:03:45+00:00","og_image":[{"url":"https:\/\/trackmondo.com\/wp-content\/uploads\/2022\/09\/Group-583.png","type":"","width":"","height":""}],"twitter_card":"summary_large_image","twitter_misc":{"Estimated reading time":"2 minutes"},"schema":{"@context":"https:\/\/schema.org","@graph":[{"@type":"WebPage","@id":"https:\/\/trackmondo.com\/full-statistik\/","url":"https:\/\/trackmondo.com\/full-statistik\/","name":"Full Statistik - Trackmondo","isPartOf":{"@id":"https:\/\/trackmondo.com\/#website"},"primaryImageOfPage":{"@id":"https:\/\/trackmondo.com\/full-statistik\/#primaryimage"},"image":{"@id":"https:\/\/trackmondo.com\/full-statistik\/#primaryimage"},"thumbnailUrl":"https:\/\/trackmondo.com\/wp-content\/uploads\/2022\/09\/Group-583.png","datePublished":"2023-04-25T05:10:07+00:00","dateModified":"2023-05-21T17:03:45+00:00","breadcrumb":{"@id":"https:\/\/trackmondo.com\/full-statistik\/#breadcrumb"},"inLanguage":"en-GB","potentialAction":[{"@type":"ReadAction","target":["https:\/\/trackmondo.com\/full-statistik\/"]}]},{"@type":"ImageObject","inLanguage":"en-GB","@id":"https:\/\/trackmondo.com\/full-statistik\/#primaryimage","url":"https:\/\/trackmondo.com\/wp-content\/uploads\/2022\/09\/Group-583.png","contentUrl":"https:\/\/trackmondo.com\/wp-content\/uploads\/2022\/09\/Group-583.png"},{"@type":"BreadcrumbList","@id":"https:\/\/trackmondo.com\/full-statistik\/#breadcrumb","itemListElement":[{"@type":"ListItem","position":1,"name":"Hem","item":"https:\/\/trackmondo.com\/"},{"@type":"ListItem","position":2,"name":"Full Statistik"}]},{"@type":"WebSite","@id":"https:\/\/trackmondo.com\/#website","url":"https:\/\/trackmondo.com\/","name":"Trackmondo","description":"En elektronisk k\u00f6rjournal f\u00f6r ett bra pris!","publisher":{"@id":"https:\/\/trackmondo.com\/#organization"},"potentialAction":[{"@type":"SearchAction","target":{"@type":"EntryPoint","urlTemplate":"https:\/\/trackmondo.com\/?s={search_term_string}"},"query-input":{"@type":"PropertyValueSpecification","valueRequired":true,"valueName":"search_term_string"}}],"inLanguage":"en-GB"},{"@type":"Organization","@id":"https:\/\/trackmondo.com\/#organization","name":"Trackmondo","url":"https:\/\/trackmondo.com\/","logo":{"@type":"ImageObject","inLanguage":"en-GB","@id":"https:\/\/trackmondo.com\/#\/schema\/logo\/image\/","url":"https:\/\/trackmondo.com\/wp-content\/uploads\/2022\/09\/Trackmondo_Logo_Original-JPG-300ppi-scaled-1.png","contentUrl":"https:\/\/trackmondo.com\/wp-content\/uploads\/2022\/09\/Trackmondo_Logo_Original-JPG-300ppi-scaled-1.png","width":379,"height":45,"caption":"Trackmondo"},"image":{"@id":"https:\/\/trackmondo.com\/#\/schema\/logo\/image\/"}}]}},"_links":{"self":[{"href":"https:\/\/trackmondo.com\/en\/wp-json\/wp\/v2\/pages\/410","targetHints":{"allow":["GET"]}}],"collection":[{"href":"https:\/\/trackmondo.com\/en\/wp-json\/wp\/v2\/pages"}],"about":[{"href":"https:\/\/trackmondo.com\/en\/wp-json\/wp\/v2\/types\/page"}],"author":[{"embeddable":true,"href":"https:\/\/trackmondo.com\/en\/wp-json\/wp\/v2\/users\/1"}],"replies":[{"embeddable":true,"href":"https:\/\/trackmondo.com\/en\/wp-json\/wp\/v2\/comments?post=410"}],"version-history":[{"count":22,"href":"https:\/\/trackmondo.com\/en\/wp-json\/wp\/v2\/pages\/410\/revisions"}],"predecessor-version":[{"id":732,"href":"https:\/\/trackmondo.com\/en\/wp-json\/wp\/v2\/pages\/410\/revisions\/732"}],"wp:attachment":[{"href":"https:\/\/trackmondo.com\/en\/wp-json\/wp\/v2\/media?parent=410"}],"curies":[{"name":"wp","href":"https:\/\/api.w.org\/{rel}","templated":true}]}}