{"id":391,"date":"2023-04-17T07:41:01","date_gmt":"2023-04-17T05:41:01","guid":{"rendered":"https:\/\/trackmondo.com\/?page_id=391"},"modified":"2023-10-19T08:55:32","modified_gmt":"2023-10-19T06:55:32","slug":"fragor-svar","status":"publish","type":"page","link":"https:\/\/trackmondo.com\/en\/questions-answers\/","title":{"rendered":"Questions &amp; Answers"},"content":{"rendered":"<section data-vc-full-width=\"true\" data-vc-full-width-init=\"false\" class=\"vc_section banner-hem vc_custom_1683005669023 vc_section-has-fill\"><div class=\"vc_row wpb_row vc_row-fluid\"><div class=\"wpb_column vc_column_container vc_col-sm-12\"><div class=\"vc_column-inner\"><div class=\"wpb_wrapper\">\n\t<div class=\"wpb_text_column wpb_content_element\" >\n\t\t<div class=\"wpb_wrapper\">\n\t\t\t<h1>Questions and answers<\/h1>\n\n\t\t<\/div>\n\t<\/div>\n<\/div><\/div><\/div><\/div><\/section><div class=\"vc_row-full-width vc_clearfix\"><\/div><div class=\"vc_row wpb_row vc_row-fluid triplog-sec5-A\"><div class=\"wpb_column vc_column_container vc_col-sm-4\"><div class=\"vc_column-inner\"><div class=\"wpb_wrapper\">\n\t<div class=\"wpb_text_column wpb_content_element\" >\n\t\t<div class=\"wpb_wrapper\">\n\t\t\t<h1>The answers to the most frequently asked questions<\/h1>\n<p><img loading=\"lazy\" decoding=\"async\" class=\"alignnone size-full wp-image-237\" src=\"https:\/\/trackmondo.com\/wp-content\/uploads\/2022\/09\/Group-586.png\" alt=\"\" width=\"150\" height=\"4\" srcset=\"https:\/\/trackmondo.com\/wp-content\/uploads\/2022\/09\/Group-586.png 150w, https:\/\/trackmondo.com\/wp-content\/uploads\/2022\/09\/Group-586-18x1.png 18w\" sizes=\"auto, (max-width: 150px) 100vw, 150px\" \/><\/p>\n\n\t\t<\/div>\n\t<\/div>\n<\/div><\/div><\/div><div class=\"wpb_column vc_column_container vc_col-sm-8\"><div class=\"vc_column-inner\"><div class=\"wpb_wrapper\"><div class=\"vc_tta-container\" data-vc-action=\"collapse\"><div class=\"vc_general vc_tta vc_tta-accordion vc_tta-color-grey vc_tta-style-classic vc_tta-shape-rounded vc_tta-o-shape-group vc_tta-controls-align-left  triplog-accordian\"><div class=\"vc_tta-panels-container\"><div class=\"vc_tta-panels\"><div class=\"vc_tta-panel vc_active\" id=\"1662727617314-c79d1009-41f7fa66-7f46\" data-vc-content=\".vc_tta-panel-body\"><div class=\"vc_tta-panel-heading\"><h4 class=\"vc_tta-panel-title vc_tta-controls-icon-position-left\"><a href=\"#1662727617314-c79d1009-41f7fa66-7f46\" data-vc-accordion data-vc-container=\".vc_tta-container\"><span class=\"vc_tta-title-text\">What is an electronic driving record?<\/span><i class=\"vc_tta-controls-icon vc_tta-controls-icon-plus\"><\/i><\/a><\/h4><\/div><div class=\"vc_tta-panel-body\">\n\t<div class=\"wpb_text_column wpb_content_element\" >\n\t\t<div class=\"wpb_wrapper\">\n\t\t\t<p>An electronic driving record records all journeys made by a vehicle. The GPS unit reads the number of journeys driven according to the requirements of the Swedish Tax Agency.<\/p>\n\n\t\t<\/div>\n\t<\/div>\n<\/div><\/div><div class=\"vc_tta-panel\" id=\"1662727617430-5a1ddd4b-9a67fa66-7f46\" data-vc-content=\".vc_tta-panel-body\"><div class=\"vc_tta-panel-heading\"><h4 class=\"vc_tta-panel-title vc_tta-controls-icon-position-left\"><a href=\"#1662727617430-5a1ddd4b-9a67fa66-7f46\" data-vc-accordion data-vc-container=\".vc_tta-container\"><span class=\"vc_tta-title-text\">What must a digital driving record contain?<\/span><i class=\"vc_tta-controls-icon vc_tta-controls-icon-plus\"><\/i><\/a><\/h4><\/div><div class=\"vc_tta-panel-body\">\n\t<div class=\"wpb_text_column wpb_content_element\" >\n\t\t<div class=\"wpb_wrapper\">\n\t\t\t<p>It must contain the following:<\/p>\n<ul>\n<li>The car's registration number<\/li>\n<li>Date and time<\/li>\n<li>Meter setting<\/li>\n<li>How many kilometers you drive on each trip<\/li>\n<li>What address the trip started from and ended at<\/li>\n<li>Matter\/purpose of the trip (private or business)<\/li>\n<li>Any notes<\/li>\n<\/ul>\n\n\t\t<\/div>\n\t<\/div>\n<\/div><\/div><div class=\"vc_tta-panel\" id=\"1662727704381-92b2c50b-20a4fa66-7f46\" data-vc-content=\".vc_tta-panel-body\"><div class=\"vc_tta-panel-heading\"><h4 class=\"vc_tta-panel-title vc_tta-controls-icon-position-left\"><a href=\"#1662727704381-92b2c50b-20a4fa66-7f46\" data-vc-accordion data-vc-container=\".vc_tta-container\"><span class=\"vc_tta-title-text\">Who needs an electronic driving record?<\/span><i class=\"vc_tta-controls-icon vc_tta-controls-icon-plus\"><\/i><\/a><\/h4><\/div><div class=\"vc_tta-panel-body\">\n\t<div class=\"wpb_text_column wpb_content_element\" >\n\t\t<div class=\"wpb_wrapper\">\n\t\t\t<p>Everyone who uses a car for business should have an electronic driving record that covers the Swedish Tax Agency's documentation requirements.<\/p>\n\n\t\t<\/div>\n\t<\/div>\n<\/div><\/div><div class=\"vc_tta-panel\" id=\"1682922039619-831125b5-0ddd\" data-vc-content=\".vc_tta-panel-body\"><div class=\"vc_tta-panel-heading\"><h4 class=\"vc_tta-panel-title vc_tta-controls-icon-position-left\"><a href=\"#1682922039619-831125b5-0ddd\" data-vc-accordion data-vc-container=\".vc_tta-container\"><span class=\"vc_tta-title-text\">Who needs an electronic driving record?<\/span><i class=\"vc_tta-controls-icon vc_tta-controls-icon-plus\"><\/i><\/a><\/h4><\/div><div class=\"vc_tta-panel-body\">\n\t<div class=\"wpb_text_column wpb_content_element\" >\n\t\t<div class=\"wpb_wrapper\">\n\t\t\t<p>We offer 2 variants. One is connected to the plus and minus pole of the car battery. The other variant is connected to the car's OBD socket, which is located on the inside of the driver's cab.<\/p>\n\n\t\t<\/div>\n\t<\/div>\n<\/div><\/div><div class=\"vc_tta-panel\" id=\"1682922067377-c5f24756-4430\" data-vc-content=\".vc_tta-panel-body\"><div class=\"vc_tta-panel-heading\"><h4 class=\"vc_tta-panel-title vc_tta-controls-icon-position-left\"><a href=\"#1682922067377-c5f24756-4430\" data-vc-accordion data-vc-container=\".vc_tta-container\"><span class=\"vc_tta-title-text\">How long does Trackmondo save all this information?<\/span><i class=\"vc_tta-controls-icon vc_tta-controls-icon-plus\"><\/i><\/a><\/h4><\/div><div class=\"vc_tta-panel-body\">\n\t<div class=\"wpb_text_column wpb_content_element\" >\n\t\t<div class=\"wpb_wrapper\">\n\t\t\t<p>We save your driving records for 7 years.<\/p>\n\n\t\t<\/div>\n\t<\/div>\n<\/div><\/div><div class=\"vc_tta-panel\" id=\"1682922106017-d7cd6e13-caa8\" data-vc-content=\".vc_tta-panel-body\"><div class=\"vc_tta-panel-heading\"><h4 class=\"vc_tta-panel-title vc_tta-controls-icon-position-left\"><a href=\"#1682922106017-d7cd6e13-caa8\" data-vc-accordion data-vc-container=\".vc_tta-container\"><span class=\"vc_tta-title-text\">What is included in your services?<\/span><i class=\"vc_tta-controls-icon vc_tta-controls-icon-plus\"><\/i><\/a><\/h4><\/div><div class=\"vc_tta-panel-body\">\n\t<div class=\"wpb_text_column wpb_content_element\" >\n\t\t<div class=\"wpb_wrapper\">\n\t\t\t<p>What is included is the following:<\/p>\n<ul>\n<li>Electronic driving record<\/li>\n<li>Geofence (digital fence)<\/li>\n<li>Routes<\/li>\n<li>Congestion tax and infrastructure charge<\/li>\n<li>Real-time location<\/li>\n<li>Full statistics on your car fleet<\/li>\n<\/ul>\n\n\t\t<\/div>\n\t<\/div>\n<\/div><\/div><div class=\"vc_tta-panel\" id=\"1682922202314-cad87472-c311\" data-vc-content=\".vc_tta-panel-body\"><div class=\"vc_tta-panel-heading\"><h4 class=\"vc_tta-panel-title vc_tta-controls-icon-position-left\"><a href=\"#1682922202314-cad87472-c311\" data-vc-accordion data-vc-container=\".vc_tta-container\"><span class=\"vc_tta-title-text\">What price do you charge?<\/span><i class=\"vc_tta-controls-icon vc_tta-controls-icon-plus\"><\/i><\/a><\/h4><\/div><div class=\"vc_tta-panel-body\">\n\t<div class=\"wpb_text_column wpb_content_element\" >\n\t\t<div class=\"wpb_wrapper\">\n\t\t\t<p>Our prices are very individual depending on how many cars you want with us. But in general, we have very good prices for the services we offer. Getting a offer is always free of charge.<\/p>\n\n\t\t<\/div>\n\t<\/div>\n<\/div><\/div><div class=\"vc_tta-panel\" id=\"1682922226946-21d8564f-6d9b\" data-vc-content=\".vc_tta-panel-body\"><div class=\"vc_tta-panel-heading\"><h4 class=\"vc_tta-panel-title vc_tta-controls-icon-position-left\"><a href=\"#1682922226946-21d8564f-6d9b\" data-vc-accordion data-vc-container=\".vc_tta-container\"><span class=\"vc_tta-title-text\">Does your driving record only contain journeys within the service?<\/span><i class=\"vc_tta-controls-icon vc_tta-controls-icon-plus\"><\/i><\/a><\/h4><\/div><div class=\"vc_tta-panel-body\">\n\t<div class=\"wpb_text_column wpb_content_element\" >\n\t\t<div class=\"wpb_wrapper\">\n\t\t\t<p>No, you can choose for yourself whether the trip should be for private use or on business. You can also write notes for each trip if desired.<\/p>\n\n\t\t<\/div>\n\t<\/div>\n<\/div><\/div><div class=\"vc_tta-panel\" id=\"1682922247410-d75a1f0d-3b87\" data-vc-content=\".vc_tta-panel-body\"><div class=\"vc_tta-panel-heading\"><h4 class=\"vc_tta-panel-title vc_tta-controls-icon-position-left\"><a href=\"#1682922247410-d75a1f0d-3b87\" data-vc-accordion data-vc-container=\".vc_tta-container\"><span class=\"vc_tta-title-text\">Is it a requirement to have a driving record?<\/span><i class=\"vc_tta-controls-icon vc_tta-controls-icon-plus\"><\/i><\/a><\/h4><\/div><div class=\"vc_tta-panel-body\">\n\t<div class=\"wpb_text_column wpb_content_element\" >\n\t\t<div class=\"wpb_wrapper\">\n\t\t\t<p>Nowhere in the law does it say that you have to keep a digital driving record. But not doing so can result in a very costly tax hit. You must keep a driving record manually if you do not do it electronically.<\/p>\n\n\t\t<\/div>\n\t<\/div>\n<\/div><\/div><div class=\"vc_tta-panel\" id=\"1682922320501-573febd9-5bb1\" data-vc-content=\".vc_tta-panel-body\"><div class=\"vc_tta-panel-heading\"><h4 class=\"vc_tta-panel-title vc_tta-controls-icon-position-left\"><a href=\"#1682922320501-573febd9-5bb1\" data-vc-accordion data-vc-container=\".vc_tta-container\"><span class=\"vc_tta-title-text\">Why should I choose an electronic driving record?<\/span><i class=\"vc_tta-controls-icon vc_tta-controls-icon-plus\"><\/i><\/a><\/h4><\/div><div class=\"vc_tta-panel-body\">\n\t<div class=\"wpb_text_column wpb_content_element\" >\n\t\t<div class=\"wpb_wrapper\">\n\t\t\t<p>You save an enormous amount of time while you don't have to worry about a possible check from the Swedish Tax Agency.<\/p>\n\n\t\t<\/div>\n\t<\/div>\n<\/div><\/div><div class=\"vc_tta-panel\" id=\"1682922352084-235c5ce1-a3f4\" data-vc-content=\".vc_tta-panel-body\"><div class=\"vc_tta-panel-heading\"><h4 class=\"vc_tta-panel-title vc_tta-controls-icon-position-left\"><a href=\"#1682922352084-235c5ce1-a3f4\" data-vc-accordion data-vc-container=\".vc_tta-container\"><span class=\"vc_tta-title-text\">Do the devices work worldwide?<\/span><i class=\"vc_tta-controls-icon vc_tta-controls-icon-plus\"><\/i><\/a><\/h4><\/div><div class=\"vc_tta-panel-body\">\n\t<div class=\"wpb_text_column wpb_content_element\" >\n\t\t<div class=\"wpb_wrapper\">\n\t\t\t<p>Yes, we have made our devices work anywhere in the world. So you don't have to worry about anything even if you go outside the country's borders.<\/p>\n\n\t\t<\/div>\n\t<\/div>\n<\/div><\/div><div class=\"vc_tta-panel\" id=\"1682922368701-2e69b3c6-cf9a\" data-vc-content=\".vc_tta-panel-body\"><div class=\"vc_tta-panel-heading\"><h4 class=\"vc_tta-panel-title vc_tta-controls-icon-position-left\"><a href=\"#1682922368701-2e69b3c6-cf9a\" data-vc-accordion data-vc-container=\".vc_tta-container\"><span class=\"vc_tta-title-text\">Is it difficult to install your devices in the car?<\/span><i class=\"vc_tta-controls-icon vc_tta-controls-icon-plus\"><\/i><\/a><\/h4><\/div><div class=\"vc_tta-panel-body\">\n\t<div class=\"wpb_text_column wpb_content_element\" >\n\t\t<div class=\"wpb_wrapper\">\n\t\t\t<p>It's very simple. The OBD unit takes about 1 minute to install, and the battery unit takes about 5 minutes to install.<\/p>\n\n\t\t<\/div>\n\t<\/div>\n<\/div><\/div><div class=\"vc_tta-panel\" id=\"1682922393197-30707b38-e737\" data-vc-content=\".vc_tta-panel-body\"><div class=\"vc_tta-panel-heading\"><h4 class=\"vc_tta-panel-title vc_tta-controls-icon-position-left\"><a href=\"#1682922393197-30707b38-e737\" data-vc-accordion data-vc-container=\".vc_tta-container\"><span class=\"vc_tta-title-text\">What is Trackmondo's motto?<\/span><i class=\"vc_tta-controls-icon vc_tta-controls-icon-plus\"><\/i><\/a><\/h4><\/div><div class=\"vc_tta-panel-body\">\n\t<div class=\"wpb_text_column wpb_content_element\" >\n\t\t<div class=\"wpb_wrapper\">\n\t\t\t<p>Our motto is to offer excellent prices and services while taking care of the customer. For us, the customer is AO, and the most important thing for us is that you are satisfied with our service and services.<\/p>\n\n\t\t<\/div>\n\t<\/div>\n<\/div><\/div><div class=\"vc_tta-panel\" id=\"1682922418563-7eda6924-1ec5\" data-vc-content=\".vc_tta-panel-body\"><div class=\"vc_tta-panel-heading\"><h4 class=\"vc_tta-panel-title vc_tta-controls-icon-position-left\"><a href=\"#1682922418563-7eda6924-1ec5\" data-vc-accordion data-vc-container=\".vc_tta-container\"><span class=\"vc_tta-title-text\">When are your services available?<\/span><i class=\"vc_tta-controls-icon vc_tta-controls-icon-plus\"><\/i><\/a><\/h4><\/div><div class=\"vc_tta-panel-body\">\n\t<div class=\"wpb_text_column wpb_content_element\" >\n\t\t<div class=\"wpb_wrapper\">\n\t\t\t<p>Our services are available 24 hours a day. You can therefore log in to your account at any time during the day.<\/p>\n\n\t\t<\/div>\n\t<\/div>\n<\/div><\/div><div class=\"vc_tta-panel\" id=\"1682922439757-372195ae-33a6\" data-vc-content=\".vc_tta-panel-body\"><div class=\"vc_tta-panel-heading\"><h4 class=\"vc_tta-panel-title vc_tta-controls-icon-position-left\"><a href=\"#1682922439757-372195ae-33a6\" data-vc-accordion data-vc-container=\".vc_tta-container\"><span class=\"vc_tta-title-text\">How long are you open?<\/span><i class=\"vc_tta-controls-icon vc_tta-controls-icon-plus\"><\/i><\/a><\/h4><\/div><div class=\"vc_tta-panel-body\">\n\t<div class=\"wpb_text_column wpb_content_element\" >\n\t\t<div class=\"wpb_wrapper\">\n\t\t\t<p>We are open 24 hours a day. So don't hesitate to contact us if you need help with something or if you have any questions.<\/p>\n\n\t\t<\/div>\n\t<\/div>\n<\/div><\/div><div class=\"vc_tta-panel\" id=\"1682922460574-853a6216-b6ca\" data-vc-content=\".vc_tta-panel-body\"><div class=\"vc_tta-panel-heading\"><h4 class=\"vc_tta-panel-title vc_tta-controls-icon-position-left\"><a href=\"#1682922460574-853a6216-b6ca\" data-vc-accordion data-vc-container=\".vc_tta-container\"><span class=\"vc_tta-title-text\">How can I contact you?<\/span><i class=\"vc_tta-controls-icon vc_tta-controls-icon-plus\"><\/i><\/a><\/h4><\/div><div class=\"vc_tta-panel-body\">\n\t<div class=\"wpb_text_column wpb_content_element\" >\n\t\t<div class=\"wpb_wrapper\">\n\t\t\t<p>You can contact us on alternatively <a href=\"tel:010 - 42 43 090\"> 010 &#8211; 42 43 090,<\/a> alternativt: <a href=\"mailto:info@trackmondo.com\"> info@trackmondo.com<\/a><\/p>\n\n\t\t<\/div>\n\t<\/div>\n<\/div><\/div><\/div><\/div><\/div><\/div><\/div><\/div><\/div><\/div><div class=\"vc_row wpb_row vc_row-fluid\"><div class=\"wpb_column vc_column_container vc_col-sm-12\"><div class=\"vc_column-inner\"><div class=\"wpb_wrapper\">\n\t<div class=\"wpb_text_column wpb_content_element\" >\n\t\t<div class=\"wpb_wrapper\">\n\t\t\t\n\t\t<\/div>\n\t<\/div>\n<\/div><\/div><\/div><\/div>","protected":false},"excerpt":{"rendered":"Fr\u00e5gor &amp; Svar Svaren p\u00e5 de mest st\u00e4llda fr\u00e5gorna Vad \u00e4r en elektronisk k\u00f6rjournal? En elektronisk k\u00f6rjournal registrerar alla resor som ett fordon g\u00f6r. GPS-enheten l\u00e4ser av antalet k\u00f6rda resor enligt skatteverkets krav. Vad m\u00e5ste en digital k\u00f6rjournal inneh\u00e5lla? Den m\u00e5ste inneh\u00e5lla f\u00f6ljande: Bilens registreringsnummer Datum och tid M\u00e4tarst\u00e4llning Hur m\u00e5nga kilometer man k\u00f6r vid [...]","protected":false},"author":1,"featured_media":0,"parent":0,"menu_order":0,"comment_status":"closed","ping_status":"closed","template":"template-full-width.php","meta":{"footnotes":""},"class_list":["post-391","page","type-page","status-publish","hentry"],"yoast_head":"<!-- This site is optimized with the Yoast SEO plugin v24.2 - https:\/\/yoast.com\/wordpress\/plugins\/seo\/ -->\n<title>Vanliga fr\u00e5gor &amp; svar | Trackmondo<\/title>\n<meta name=\"description\" content=\"Hitta svaren p\u00e5 de vanligaste fr\u00e5gorna om v\u00e5ra tj\u00e4nster och produkter.\" \/>\n<meta name=\"robots\" content=\"index, follow, max-snippet:-1, max-image-preview:large, max-video-preview:-1\" \/>\n<link rel=\"canonical\" href=\"https:\/\/trackmondo.com\/en\/questions-answers\/\" \/>\n<meta property=\"og:locale\" content=\"en_GB\" \/>\n<meta property=\"og:type\" content=\"article\" \/>\n<meta property=\"og:title\" content=\"Vanliga fr\u00e5gor &amp; svar | Trackmondo\" \/>\n<meta property=\"og:description\" content=\"Hitta svaren p\u00e5 de vanligaste fr\u00e5gorna om v\u00e5ra tj\u00e4nster och produkter.\" \/>\n<meta property=\"og:url\" content=\"https:\/\/trackmondo.com\/en\/questions-answers\/\" \/>\n<meta property=\"og:site_name\" content=\"Trackmondo\" \/>\n<meta property=\"article:modified_time\" content=\"2023-10-19T06:55:32+00:00\" \/>\n<meta property=\"og:image\" content=\"https:\/\/trackmondo.com\/wp-content\/uploads\/2022\/09\/Group-586.png\" \/>\n<meta name=\"twitter:card\" content=\"summary_large_image\" \/>\n<meta name=\"twitter:label1\" content=\"Estimated reading time\" \/>\n\t<meta name=\"twitter:data1\" content=\"3 minutes\" \/>\n<script type=\"application\/ld+json\" class=\"yoast-schema-graph\">{\"@context\":\"https:\/\/schema.org\",\"@graph\":[{\"@type\":\"WebPage\",\"@id\":\"https:\/\/trackmondo.com\/fragor-svar\/\",\"url\":\"https:\/\/trackmondo.com\/fragor-svar\/\",\"name\":\"Vanliga fr\u00e5gor & svar | Trackmondo\",\"isPartOf\":{\"@id\":\"https:\/\/trackmondo.com\/#website\"},\"primaryImageOfPage\":{\"@id\":\"https:\/\/trackmondo.com\/fragor-svar\/#primaryimage\"},\"image\":{\"@id\":\"https:\/\/trackmondo.com\/fragor-svar\/#primaryimage\"},\"thumbnailUrl\":\"https:\/\/trackmondo.com\/wp-content\/uploads\/2022\/09\/Group-586.png\",\"datePublished\":\"2023-04-17T05:41:01+00:00\",\"dateModified\":\"2023-10-19T06:55:32+00:00\",\"description\":\"Hitta svaren p\u00e5 de vanligaste fr\u00e5gorna om v\u00e5ra tj\u00e4nster och produkter.\",\"breadcrumb\":{\"@id\":\"https:\/\/trackmondo.com\/fragor-svar\/#breadcrumb\"},\"inLanguage\":\"en-GB\",\"potentialAction\":[{\"@type\":\"ReadAction\",\"target\":[\"https:\/\/trackmondo.com\/fragor-svar\/\"]}]},{\"@type\":\"ImageObject\",\"inLanguage\":\"en-GB\",\"@id\":\"https:\/\/trackmondo.com\/fragor-svar\/#primaryimage\",\"url\":\"https:\/\/trackmondo.com\/wp-content\/uploads\/2022\/09\/Group-586.png\",\"contentUrl\":\"https:\/\/trackmondo.com\/wp-content\/uploads\/2022\/09\/Group-586.png\"},{\"@type\":\"BreadcrumbList\",\"@id\":\"https:\/\/trackmondo.com\/fragor-svar\/#breadcrumb\",\"itemListElement\":[{\"@type\":\"ListItem\",\"position\":1,\"name\":\"Hem\",\"item\":\"https:\/\/trackmondo.com\/\"},{\"@type\":\"ListItem\",\"position\":2,\"name\":\"Fr\u00e5gor &#038; Svar\"}]},{\"@type\":\"WebSite\",\"@id\":\"https:\/\/trackmondo.com\/#website\",\"url\":\"https:\/\/trackmondo.com\/\",\"name\":\"Trackmondo\",\"description\":\"En elektronisk k\u00f6rjournal f\u00f6r ett bra pris!\",\"publisher\":{\"@id\":\"https:\/\/trackmondo.com\/#organization\"},\"potentialAction\":[{\"@type\":\"SearchAction\",\"target\":{\"@type\":\"EntryPoint\",\"urlTemplate\":\"https:\/\/trackmondo.com\/?s={search_term_string}\"},\"query-input\":{\"@type\":\"PropertyValueSpecification\",\"valueRequired\":true,\"valueName\":\"search_term_string\"}}],\"inLanguage\":\"en-GB\"},{\"@type\":\"Organization\",\"@id\":\"https:\/\/trackmondo.com\/#organization\",\"name\":\"Trackmondo\",\"url\":\"https:\/\/trackmondo.com\/\",\"logo\":{\"@type\":\"ImageObject\",\"inLanguage\":\"en-GB\",\"@id\":\"https:\/\/trackmondo.com\/#\/schema\/logo\/image\/\",\"url\":\"https:\/\/trackmondo.com\/wp-content\/uploads\/2022\/09\/Trackmondo_Logo_Original-JPG-300ppi-scaled-1.png\",\"contentUrl\":\"https:\/\/trackmondo.com\/wp-content\/uploads\/2022\/09\/Trackmondo_Logo_Original-JPG-300ppi-scaled-1.png\",\"width\":379,\"height\":45,\"caption\":\"Trackmondo\"},\"image\":{\"@id\":\"https:\/\/trackmondo.com\/#\/schema\/logo\/image\/\"}}]}<\/script>\n<!-- \/ Yoast SEO plugin. -->","yoast_head_json":{"title":"Vanliga fr\u00e5gor & svar | Trackmondo","description":"Hitta svaren p\u00e5 de vanligaste fr\u00e5gorna om v\u00e5ra tj\u00e4nster och produkter.","robots":{"index":"index","follow":"follow","max-snippet":"max-snippet:-1","max-image-preview":"max-image-preview:large","max-video-preview":"max-video-preview:-1"},"canonical":"https:\/\/trackmondo.com\/en\/questions-answers\/","og_locale":"en_GB","og_type":"article","og_title":"Vanliga fr\u00e5gor & svar | Trackmondo","og_description":"Hitta svaren p\u00e5 de vanligaste fr\u00e5gorna om v\u00e5ra tj\u00e4nster och produkter.","og_url":"https:\/\/trackmondo.com\/en\/questions-answers\/","og_site_name":"Trackmondo","article_modified_time":"2023-10-19T06:55:32+00:00","og_image":[{"url":"https:\/\/trackmondo.com\/wp-content\/uploads\/2022\/09\/Group-586.png","type":"","width":"","height":""}],"twitter_card":"summary_large_image","twitter_misc":{"Estimated reading time":"3 minutes"},"schema":{"@context":"https:\/\/schema.org","@graph":[{"@type":"WebPage","@id":"https:\/\/trackmondo.com\/fragor-svar\/","url":"https:\/\/trackmondo.com\/fragor-svar\/","name":"Vanliga fr\u00e5gor & svar | Trackmondo","isPartOf":{"@id":"https:\/\/trackmondo.com\/#website"},"primaryImageOfPage":{"@id":"https:\/\/trackmondo.com\/fragor-svar\/#primaryimage"},"image":{"@id":"https:\/\/trackmondo.com\/fragor-svar\/#primaryimage"},"thumbnailUrl":"https:\/\/trackmondo.com\/wp-content\/uploads\/2022\/09\/Group-586.png","datePublished":"2023-04-17T05:41:01+00:00","dateModified":"2023-10-19T06:55:32+00:00","description":"Hitta svaren p\u00e5 de vanligaste fr\u00e5gorna om v\u00e5ra tj\u00e4nster och produkter.","breadcrumb":{"@id":"https:\/\/trackmondo.com\/fragor-svar\/#breadcrumb"},"inLanguage":"en-GB","potentialAction":[{"@type":"ReadAction","target":["https:\/\/trackmondo.com\/fragor-svar\/"]}]},{"@type":"ImageObject","inLanguage":"en-GB","@id":"https:\/\/trackmondo.com\/fragor-svar\/#primaryimage","url":"https:\/\/trackmondo.com\/wp-content\/uploads\/2022\/09\/Group-586.png","contentUrl":"https:\/\/trackmondo.com\/wp-content\/uploads\/2022\/09\/Group-586.png"},{"@type":"BreadcrumbList","@id":"https:\/\/trackmondo.com\/fragor-svar\/#breadcrumb","itemListElement":[{"@type":"ListItem","position":1,"name":"Hem","item":"https:\/\/trackmondo.com\/"},{"@type":"ListItem","position":2,"name":"Fr\u00e5gor &#038; Svar"}]},{"@type":"WebSite","@id":"https:\/\/trackmondo.com\/#website","url":"https:\/\/trackmondo.com\/","name":"Trackmondo","description":"En elektronisk k\u00f6rjournal f\u00f6r ett bra pris!","publisher":{"@id":"https:\/\/trackmondo.com\/#organization"},"potentialAction":[{"@type":"SearchAction","target":{"@type":"EntryPoint","urlTemplate":"https:\/\/trackmondo.com\/?s={search_term_string}"},"query-input":{"@type":"PropertyValueSpecification","valueRequired":true,"valueName":"search_term_string"}}],"inLanguage":"en-GB"},{"@type":"Organization","@id":"https:\/\/trackmondo.com\/#organization","name":"Trackmondo","url":"https:\/\/trackmondo.com\/","logo":{"@type":"ImageObject","inLanguage":"en-GB","@id":"https:\/\/trackmondo.com\/#\/schema\/logo\/image\/","url":"https:\/\/trackmondo.com\/wp-content\/uploads\/2022\/09\/Trackmondo_Logo_Original-JPG-300ppi-scaled-1.png","contentUrl":"https:\/\/trackmondo.com\/wp-content\/uploads\/2022\/09\/Trackmondo_Logo_Original-JPG-300ppi-scaled-1.png","width":379,"height":45,"caption":"Trackmondo"},"image":{"@id":"https:\/\/trackmondo.com\/#\/schema\/logo\/image\/"}}]}},"_links":{"self":[{"href":"https:\/\/trackmondo.com\/en\/wp-json\/wp\/v2\/pages\/391","targetHints":{"allow":["GET"]}}],"collection":[{"href":"https:\/\/trackmondo.com\/en\/wp-json\/wp\/v2\/pages"}],"about":[{"href":"https:\/\/trackmondo.com\/en\/wp-json\/wp\/v2\/types\/page"}],"author":[{"embeddable":true,"href":"https:\/\/trackmondo.com\/en\/wp-json\/wp\/v2\/users\/1"}],"replies":[{"embeddable":true,"href":"https:\/\/trackmondo.com\/en\/wp-json\/wp\/v2\/comments?post=391"}],"version-history":[{"count":27,"href":"https:\/\/trackmondo.com\/en\/wp-json\/wp\/v2\/pages\/391\/revisions"}],"predecessor-version":[{"id":652,"href":"https:\/\/trackmondo.com\/en\/wp-json\/wp\/v2\/pages\/391\/revisions\/652"}],"wp:attachment":[{"href":"https:\/\/trackmondo.com\/en\/wp-json\/wp\/v2\/media?parent=391"}],"curies":[{"name":"wp","href":"https:\/\/api.w.org\/{rel}","templated":true}]}}