{"id":34,"date":"2022-09-05T14:32:31","date_gmt":"2022-09-05T12:32:31","guid":{"rendered":"https:\/\/trackmondo.com\/?page_id=34"},"modified":"2023-10-19T08:54:49","modified_gmt":"2023-10-19T06:54:49","slug":"nyheter","status":"publish","type":"page","link":"https:\/\/trackmondo.com\/en\/news\/","title":{"rendered":"News"},"content":{"rendered":"<div data-vc-full-width=\"true\" data-vc-full-width-init=\"false\" class=\"vc_row wpb_row vc_row-fluid banner-hem vc_custom_1683005628463 vc_row-has-fill\"><div class=\"wpb_column vc_column_container vc_col-sm-12\"><div class=\"vc_column-inner\"><div class=\"wpb_wrapper\">\n\t<div class=\"wpb_text_column wpb_content_element\" >\n\t\t<div class=\"wpb_wrapper\">\n\t\t\t<h1>News<\/h1>\n\n\t\t<\/div>\n\t<\/div>\n<\/div><\/div><\/div><\/div><div class=\"vc_row-full-width vc_clearfix\"><\/div><div data-vc-full-width=\"true\" data-vc-full-width-init=\"false\" data-vc-stretch-content=\"true\" class=\"vc_row wpb_row vc_row-fluid hem-sec5 vc_custom_1678711690086 vc_row-has-fill vc_row-no-padding\"><div class=\"hem-sec5-B wpb_column vc_column_container vc_col-sm-12\"><div class=\"vc_column-inner\"><div class=\"wpb_wrapper\"><div class=\"vc_row wpb_row vc_inner vc_row-fluid hem-sec5-B1\"><div class=\"wpb_column vc_column_container vc_col-sm-4\"><div class=\"vc_column-inner\"><div class=\"wpb_wrapper\">\n\t<div  class=\"wpb_single_image wpb_content_element vc_align_left\">\n\t\t\n\t\t<figure class=\"wpb_wrapper vc_figure\">\n\t\t\t<div class=\"vc_single_image-wrapper   vc_box_border_grey\"><img loading=\"lazy\" decoding=\"async\" width=\"269\" height=\"207\" src=\"https:\/\/trackmondo.com\/wp-content\/uploads\/2022\/09\/smart-car-navigation-screen-with-speedometer.png\" class=\"vc_single_image-img attachment-full\" alt=\"\" srcset=\"https:\/\/trackmondo.com\/wp-content\/uploads\/2022\/09\/smart-car-navigation-screen-with-speedometer.png 269w, https:\/\/trackmondo.com\/wp-content\/uploads\/2022\/09\/smart-car-navigation-screen-with-speedometer-16x12.png 16w\" sizes=\"auto, (max-width: 269px) 100vw, 269px\" \/><\/div>\n\t\t<\/figure>\n\t<\/div>\n<\/div><\/div><\/div><div class=\"wpb_column vc_column_container vc_col-sm-8\"><div class=\"vc_column-inner\"><div class=\"wpb_wrapper\">\n\t<div class=\"wpb_text_column wpb_content_element\" >\n\t\t<div class=\"wpb_wrapper\">\n\t\t\t<h2>Automatic solution for congestion and infrastructure charges.<\/h2>\n<p>2022-07-18<\/p>\n<h4>Passages for congestion tax and infrastructure charges are noted with location, time and cost.<\/h4>\n\n\t\t<\/div>\n\t<\/div>\n<\/div><\/div><\/div><\/div><div class=\"vc_row wpb_row vc_inner vc_row-fluid hem-sec5-B1\"><div class=\"wpb_column vc_column_container vc_col-sm-4\"><div class=\"vc_column-inner\"><div class=\"wpb_wrapper\">\n\t<div  class=\"wpb_single_image wpb_content_element vc_align_left\">\n\t\t\n\t\t<figure class=\"wpb_wrapper vc_figure\">\n\t\t\t<div class=\"vc_single_image-wrapper   vc_box_border_grey\"><img loading=\"lazy\" decoding=\"async\" width=\"269\" height=\"207\" src=\"https:\/\/trackmondo.com\/wp-content\/uploads\/2022\/09\/pexels-zsolt-joo-2882234.png\" class=\"vc_single_image-img attachment-full\" alt=\"\" srcset=\"https:\/\/trackmondo.com\/wp-content\/uploads\/2022\/09\/pexels-zsolt-joo-2882234.png 269w, https:\/\/trackmondo.com\/wp-content\/uploads\/2022\/09\/pexels-zsolt-joo-2882234-16x12.png 16w\" sizes=\"auto, (max-width: 269px) 100vw, 269px\" \/><\/div>\n\t\t<\/figure>\n\t<\/div>\n<\/div><\/div><\/div><div class=\"wpb_column vc_column_container vc_col-sm-8\"><div class=\"vc_column-inner\"><div class=\"wpb_wrapper\">\n\t<div class=\"wpb_text_column wpb_content_element\" >\n\t\t<div class=\"wpb_wrapper\">\n\t\t\t<h2>Geofence.<\/h2>\n<p>2022-05-20<\/p>\n<h4>Mark locations on the map and receive alerts if a car arrives or leaves an area.<\/h4>\n\n\t\t<\/div>\n\t<\/div>\n<\/div><\/div><\/div><\/div><\/div><\/div><\/div><\/div><div class=\"vc_row-full-width vc_clearfix\"><\/div>","protected":false},"excerpt":{"rendered":"Nyheter Automatisk l\u00f6sning f\u00f6r tr\u00e4ngsel och infrastrukturavgifter. 2022-07-18 Passager f\u00f6r tr\u00e4ngselskatt och infrastrukturavgifter noteras med plats, tid och kostnad. Geofence. 2022-05-20 Markera platser p\u00e5 kartan och f\u00e5 varningar om en bil anl\u00e4nder eller l\u00e4mnar ett omr\u00e5de.","protected":false},"author":1,"featured_media":0,"parent":0,"menu_order":0,"comment_status":"closed","ping_status":"closed","template":"template-full-width.php","meta":{"footnotes":""},"class_list":["post-34","page","type-page","status-publish","hentry"],"yoast_head":"<!-- This site is optimized with the Yoast SEO plugin v24.2 - https:\/\/yoast.com\/wordpress\/plugins\/seo\/ -->\n<title>H\u00e5ll dig uppdaterad med de senaste nyheterna om v\u00e5ra tj\u00e4nster | Trackmondo<\/title>\n<meta name=\"description\" content=\"L\u00e4s de senaste nyheterna och produktuppdateringarna, pressmeddelanden, rapporter, med mera.\" \/>\n<meta name=\"robots\" content=\"index, follow, max-snippet:-1, max-image-preview:large, max-video-preview:-1\" \/>\n<link rel=\"canonical\" href=\"https:\/\/trackmondo.com\/en\/news\/\" \/>\n<meta property=\"og:locale\" content=\"en_GB\" \/>\n<meta property=\"og:type\" content=\"article\" \/>\n<meta property=\"og:title\" content=\"H\u00e5ll dig uppdaterad med de senaste nyheterna om v\u00e5ra tj\u00e4nster | Trackmondo\" \/>\n<meta property=\"og:description\" content=\"L\u00e4s de senaste nyheterna och produktuppdateringarna, pressmeddelanden, rapporter, med mera.\" \/>\n<meta property=\"og:url\" content=\"https:\/\/trackmondo.com\/en\/news\/\" \/>\n<meta property=\"og:site_name\" content=\"Trackmondo\" \/>\n<meta property=\"article:modified_time\" content=\"2023-10-19T06:54:49+00:00\" \/>\n<meta name=\"twitter:card\" content=\"summary_large_image\" \/>\n<meta name=\"twitter:label1\" content=\"Estimated reading time\" \/>\n\t<meta name=\"twitter:data1\" content=\"1 minute\" \/>\n<script type=\"application\/ld+json\" class=\"yoast-schema-graph\">{\"@context\":\"https:\/\/schema.org\",\"@graph\":[{\"@type\":\"WebPage\",\"@id\":\"https:\/\/trackmondo.com\/nyheter\/\",\"url\":\"https:\/\/trackmondo.com\/nyheter\/\",\"name\":\"H\u00e5ll dig uppdaterad med de senaste nyheterna om v\u00e5ra tj\u00e4nster | Trackmondo\",\"isPartOf\":{\"@id\":\"https:\/\/trackmondo.com\/#website\"},\"datePublished\":\"2022-09-05T12:32:31+00:00\",\"dateModified\":\"2023-10-19T06:54:49+00:00\",\"description\":\"L\u00e4s de senaste nyheterna och produktuppdateringarna, pressmeddelanden, rapporter, med mera.\",\"breadcrumb\":{\"@id\":\"https:\/\/trackmondo.com\/nyheter\/#breadcrumb\"},\"inLanguage\":\"en-GB\",\"potentialAction\":[{\"@type\":\"ReadAction\",\"target\":[\"https:\/\/trackmondo.com\/nyheter\/\"]}]},{\"@type\":\"BreadcrumbList\",\"@id\":\"https:\/\/trackmondo.com\/nyheter\/#breadcrumb\",\"itemListElement\":[{\"@type\":\"ListItem\",\"position\":1,\"name\":\"Hem\",\"item\":\"https:\/\/trackmondo.com\/\"},{\"@type\":\"ListItem\",\"position\":2,\"name\":\"Nyheter\"}]},{\"@type\":\"WebSite\",\"@id\":\"https:\/\/trackmondo.com\/#website\",\"url\":\"https:\/\/trackmondo.com\/\",\"name\":\"Trackmondo\",\"description\":\"En elektronisk k\u00f6rjournal f\u00f6r ett bra pris!\",\"publisher\":{\"@id\":\"https:\/\/trackmondo.com\/#organization\"},\"potentialAction\":[{\"@type\":\"SearchAction\",\"target\":{\"@type\":\"EntryPoint\",\"urlTemplate\":\"https:\/\/trackmondo.com\/?s={search_term_string}\"},\"query-input\":{\"@type\":\"PropertyValueSpecification\",\"valueRequired\":true,\"valueName\":\"search_term_string\"}}],\"inLanguage\":\"en-GB\"},{\"@type\":\"Organization\",\"@id\":\"https:\/\/trackmondo.com\/#organization\",\"name\":\"Trackmondo\",\"url\":\"https:\/\/trackmondo.com\/\",\"logo\":{\"@type\":\"ImageObject\",\"inLanguage\":\"en-GB\",\"@id\":\"https:\/\/trackmondo.com\/#\/schema\/logo\/image\/\",\"url\":\"https:\/\/trackmondo.com\/wp-content\/uploads\/2022\/09\/Trackmondo_Logo_Original-JPG-300ppi-scaled-1.png\",\"contentUrl\":\"https:\/\/trackmondo.com\/wp-content\/uploads\/2022\/09\/Trackmondo_Logo_Original-JPG-300ppi-scaled-1.png\",\"width\":379,\"height\":45,\"caption\":\"Trackmondo\"},\"image\":{\"@id\":\"https:\/\/trackmondo.com\/#\/schema\/logo\/image\/\"}}]}<\/script>\n<!-- \/ Yoast SEO plugin. -->","yoast_head_json":{"title":"H\u00e5ll dig uppdaterad med de senaste nyheterna om v\u00e5ra tj\u00e4nster | Trackmondo","description":"L\u00e4s de senaste nyheterna och produktuppdateringarna, pressmeddelanden, rapporter, med mera.","robots":{"index":"index","follow":"follow","max-snippet":"max-snippet:-1","max-image-preview":"max-image-preview:large","max-video-preview":"max-video-preview:-1"},"canonical":"https:\/\/trackmondo.com\/en\/news\/","og_locale":"en_GB","og_type":"article","og_title":"H\u00e5ll dig uppdaterad med de senaste nyheterna om v\u00e5ra tj\u00e4nster | Trackmondo","og_description":"L\u00e4s de senaste nyheterna och produktuppdateringarna, pressmeddelanden, rapporter, med mera.","og_url":"https:\/\/trackmondo.com\/en\/news\/","og_site_name":"Trackmondo","article_modified_time":"2023-10-19T06:54:49+00:00","twitter_card":"summary_large_image","twitter_misc":{"Estimated reading time":"1 minute"},"schema":{"@context":"https:\/\/schema.org","@graph":[{"@type":"WebPage","@id":"https:\/\/trackmondo.com\/nyheter\/","url":"https:\/\/trackmondo.com\/nyheter\/","name":"H\u00e5ll dig uppdaterad med de senaste nyheterna om v\u00e5ra tj\u00e4nster | Trackmondo","isPartOf":{"@id":"https:\/\/trackmondo.com\/#website"},"datePublished":"2022-09-05T12:32:31+00:00","dateModified":"2023-10-19T06:54:49+00:00","description":"L\u00e4s de senaste nyheterna och produktuppdateringarna, pressmeddelanden, rapporter, med mera.","breadcrumb":{"@id":"https:\/\/trackmondo.com\/nyheter\/#breadcrumb"},"inLanguage":"en-GB","potentialAction":[{"@type":"ReadAction","target":["https:\/\/trackmondo.com\/nyheter\/"]}]},{"@type":"BreadcrumbList","@id":"https:\/\/trackmondo.com\/nyheter\/#breadcrumb","itemListElement":[{"@type":"ListItem","position":1,"name":"Hem","item":"https:\/\/trackmondo.com\/"},{"@type":"ListItem","position":2,"name":"Nyheter"}]},{"@type":"WebSite","@id":"https:\/\/trackmondo.com\/#website","url":"https:\/\/trackmondo.com\/","name":"Trackmondo","description":"En elektronisk k\u00f6rjournal f\u00f6r ett bra pris!","publisher":{"@id":"https:\/\/trackmondo.com\/#organization"},"potentialAction":[{"@type":"SearchAction","target":{"@type":"EntryPoint","urlTemplate":"https:\/\/trackmondo.com\/?s={search_term_string}"},"query-input":{"@type":"PropertyValueSpecification","valueRequired":true,"valueName":"search_term_string"}}],"inLanguage":"en-GB"},{"@type":"Organization","@id":"https:\/\/trackmondo.com\/#organization","name":"Trackmondo","url":"https:\/\/trackmondo.com\/","logo":{"@type":"ImageObject","inLanguage":"en-GB","@id":"https:\/\/trackmondo.com\/#\/schema\/logo\/image\/","url":"https:\/\/trackmondo.com\/wp-content\/uploads\/2022\/09\/Trackmondo_Logo_Original-JPG-300ppi-scaled-1.png","contentUrl":"https:\/\/trackmondo.com\/wp-content\/uploads\/2022\/09\/Trackmondo_Logo_Original-JPG-300ppi-scaled-1.png","width":379,"height":45,"caption":"Trackmondo"},"image":{"@id":"https:\/\/trackmondo.com\/#\/schema\/logo\/image\/"}}]}},"_links":{"self":[{"href":"https:\/\/trackmondo.com\/en\/wp-json\/wp\/v2\/pages\/34","targetHints":{"allow":["GET"]}}],"collection":[{"href":"https:\/\/trackmondo.com\/en\/wp-json\/wp\/v2\/pages"}],"about":[{"href":"https:\/\/trackmondo.com\/en\/wp-json\/wp\/v2\/types\/page"}],"author":[{"embeddable":true,"href":"https:\/\/trackmondo.com\/en\/wp-json\/wp\/v2\/users\/1"}],"replies":[{"embeddable":true,"href":"https:\/\/trackmondo.com\/en\/wp-json\/wp\/v2\/comments?post=34"}],"version-history":[{"count":12,"href":"https:\/\/trackmondo.com\/en\/wp-json\/wp\/v2\/pages\/34\/revisions"}],"predecessor-version":[{"id":765,"href":"https:\/\/trackmondo.com\/en\/wp-json\/wp\/v2\/pages\/34\/revisions\/765"}],"wp:attachment":[{"href":"https:\/\/trackmondo.com\/en\/wp-json\/wp\/v2\/media?parent=34"}],"curies":[{"name":"wp","href":"https:\/\/api.w.org\/{rel}","templated":true}]}}