{"id":27,"date":"2022-09-05T14:07:16","date_gmt":"2022-09-05T12:07:16","guid":{"rendered":"https:\/\/trackmondo.com\/?page_id=27"},"modified":"2023-10-19T08:53:53","modified_gmt":"2023-10-19T06:53:53","slug":"kontakta-oss","status":"publish","type":"page","link":"https:\/\/trackmondo.com\/en\/contact-us\/","title":{"rendered":"Contact Us"},"content":{"rendered":"<div data-vc-full-width=\"true\" data-vc-full-width-init=\"false\" data-vc-stretch-content=\"true\" class=\"vc_row wpb_row vc_row-fluid contact-sec1 vc_custom_1688561933353 vc_row-has-fill vc_row-no-padding\"><div class=\"wpb_column vc_column_container vc_col-sm-12\"><div class=\"vc_column-inner\"><div class=\"wpb_wrapper\">\n\t<div class=\"wpb_text_column wpb_content_element\" >\n\t\t<div class=\"wpb_wrapper\">\n\t\t\t<h1>Contact Us<\/h1>\n\n\t\t<\/div>\n\t<\/div>\n<\/div><\/div><\/div><\/div><div class=\"vc_row-full-width vc_clearfix\"><\/div><section data-vc-full-width=\"true\" data-vc-full-width-init=\"false\" class=\"vc_section vc_custom_1662706429637 vc_section-has-fill\"><div class=\"vc_row wpb_row vc_row-fluid contact-sec1\"><div class=\"wpb_column vc_column_container vc_col-sm-12\"><div class=\"vc_column-inner\"><div class=\"wpb_wrapper\"><div class=\"vc_row wpb_row vc_inner vc_row-fluid contact-sec1-a\"><div class=\"contact-sec1-a1 wpb_column vc_column_container vc_col-sm-8\"><div class=\"vc_column-inner\"><div class=\"wpb_wrapper\">\n\t<div class=\"wpb_text_column wpb_content_element\" >\n\t\t<div class=\"wpb_wrapper\">\n\t\t\t\n\t\t<\/div>\n\t<\/div>\n\n\t<div class=\"wpb_text_column wpb_content_element\" >\n\t\t<div class=\"wpb_wrapper\">\n\t\t\t<div class=\"contact-sec1-a1-box\">\n<h6>SEND US A MESSAGE<\/h6>\n\n<div class=\"wpcf7 no-js\" id=\"wpcf7-f202-o1\" lang=\"sv-SE\" dir=\"ltr\" data-wpcf7-id=\"202\">\n<div class=\"screen-reader-response\"><p role=\"status\" aria-live=\"polite\" aria-atomic=\"true\"><\/p> <ul><\/ul><\/div>\n<form action=\"\/en\/wp-json\/wp\/v2\/pages\/27#wpcf7-f202-o1\" method=\"post\" class=\"wpcf7-form init\" aria-label=\"Kontaktformul\u00e4r\" novalidate=\"novalidate\" data-status=\"init\" data-trp-original-action=\"\/en\/wp-json\/wp\/v2\/pages\/27#wpcf7-f202-o1\">\n<div style=\"display: none;\">\n<input type=\"hidden\" name=\"_wpcf7\" value=\"202\" \/>\n<input type=\"hidden\" name=\"_wpcf7_version\" value=\"6.0.2\" \/>\n<input type=\"hidden\" name=\"_wpcf7_locale\" value=\"sv_SE\" \/>\n<input type=\"hidden\" name=\"_wpcf7_unit_tag\" value=\"wpcf7-f202-o1\" \/>\n<input type=\"hidden\" name=\"_wpcf7_container_post\" value=\"0\" \/>\n<input type=\"hidden\" name=\"_wpcf7_posted_data_hash\" value=\"\" \/>\n<input type=\"hidden\" name=\"_wpcf7_recaptcha_response\" value=\"\" \/>\n<\/div>\n<div class=\"wpcf7-response-output\" aria-hidden=\"true\"><\/div>\n<p><label> Your full name<br \/>\n<span class=\"wpcf7-form-control-wrap\" data-name=\"text-910\"><input size=\"40\" maxlength=\"400\" class=\"wpcf7-form-control wpcf7-text wpcf7-validates-as-required\" aria-required=\"true\" aria-invalid=\"false\" placeholder=\"For example, Hanna Andersson\" value=\"\" type=\"text\" name=\"text-910\" \/><\/span><\/label>\n<\/p>\n<div class=\"hem-left\">\n\t<p><label> phone number<br \/>\n<span class=\"wpcf7-form-control-wrap\" data-name=\"tel-695\"><input size=\"40\" maxlength=\"10\" minlength=\"1\" class=\"wpcf7-form-control wpcf7-tel wpcf7-validates-as-required wpcf7-text wpcf7-validates-as-tel wpcf7-numbers-only\" aria-required=\"true\" aria-invalid=\"false\" placeholder=\"For example 010-42 43 090\" value=\"\" type=\"tel\" name=\"tel-695\" \/><\/span> <\/label>\n\t<\/p>\n<\/div>\n<div class=\"hem-right\">\n\t<p><label> E-mail<br \/>\n<span class=\"wpcf7-form-control-wrap\" data-name=\"email-624\"><input size=\"40\" maxlength=\"400\" class=\"wpcf7-form-control wpcf7-email wpcf7-validates-as-required wpcf7-text wpcf7-validates-as-email\" aria-required=\"true\" aria-invalid=\"false\" placeholder=\"For example info@trackmondo.com\" value=\"\" type=\"email\" name=\"email-624\" \/><\/span> <\/label>\n\t<\/p>\n<\/div>\n<p><label> your message<br \/>\n<span class=\"wpcf7-form-control-wrap\" data-name=\"textarea-144\"><textarea cols=\"40\" rows=\"10\" maxlength=\"2000\" class=\"wpcf7-form-control wpcf7-textarea\" aria-invalid=\"false\" placeholder=\"Write your message here...\" name=\"textarea-144\"><\/textarea><\/span> <\/label><br \/>\n<span class=\"wpcf7-form-control-wrap recaptcha\" data-name=\"recaptcha\"><span data-sitekey=\"6Lf-gjcmAAAAAOFXxQuiS8acljNUWPVCOR61NS6h\" class=\"wpcf7-form-control wpcf7-recaptcha g-recaptcha\"><\/span>\r\n<noscript>\r\n\t<div class=\"grecaptcha-noscript\">\r\n\t\t<iframe loading=\"lazy\" src=\"https:\/\/www.google.com\/recaptcha\/api\/fallback?k=6Lf-gjcmAAAAAOFXxQuiS8acljNUWPVCOR61NS6h\" frameborder=\"0\" scrolling=\"no\" width=\"310\" height=\"430\">\r\n\t\t<\/iframe>\r\n\t\t<textarea name=\"g-recaptcha-response\" rows=\"3\" cols=\"40\" placeholder=\"reCaptcha-svar h\u00e4r\">\r\n\t\t<\/textarea>\r\n\t<\/div>\r\n<\/noscript>\r\n<\/span><br \/>\n<input class=\"wpcf7-form-control wpcf7-submit has-spinner\" type=\"submit\" value=\"Send Message\" \/>\n<\/p>\n<input type=\"hidden\" name=\"trp-form-language\" value=\"en\"\/><\/form>\n<\/div>\n<\/div>\n\n\t\t<\/div>\n\t<\/div>\n<\/div><\/div><\/div><div class=\"wpb_column vc_column_container vc_col-sm-4\"><div class=\"vc_column-inner\"><div class=\"wpb_wrapper\">\n\t<div class=\"wpb_text_column wpb_content_element\" >\n\t\t<div class=\"wpb_wrapper\">\n\t\t\t<div class=\"contact-sec1-a2\">\n<h1>ADDRESS<\/h1>\n<ul>\n<li><img loading=\"lazy\" decoding=\"async\" class=\"alignnone size-full wp-image-188\" src=\"https:\/\/trackmondo.com\/wp-content\/uploads\/2022\/09\/Icon-awesome-map-marked-alt.png\" alt=\"\" width=\"33\" height=\"30\" srcset=\"https:\/\/trackmondo.com\/wp-content\/uploads\/2022\/09\/Icon-awesome-map-marked-alt.png 33w, https:\/\/trackmondo.com\/wp-content\/uploads\/2022\/09\/Icon-awesome-map-marked-alt-13x12.png 13w\" sizes=\"auto, (max-width: 33px) 100vw, 33px\" \/><\/li>\n<li><a href=\"https:\/\/www.google.se\/maps\/place\/Trackmondo+AB\/@58.7490913,16.992913,17z\/data=!3m1!4b1!4m6!3m5!1s0x465f2d6edbc8961d:0x9f40e13710f06411!8m2!3d58.7490885!4d16.9954879!16s%2Fg%2F11lsq1w04g\" target=\"_blank\" rel=\"noopener\">\u00c5kerb\u00e4rsv\u00e4gen 14<br \/>\n611 38 Nyk\u00f6ping<br \/>\nSweden<\/a><\/li>\n<\/ul>\n<ul>\n<li><img loading=\"lazy\" decoding=\"async\" class=\"alignnone size-full wp-image-188\" src=\"https:\/\/trackmondo.com\/wp-content\/uploads\/2022\/09\/Icon-awesome-phone-alt.png\" alt=\"\" width=\"33\" height=\"30\" \/><\/li>\n<li><a href=\"tel:010 \u2013 42 43 090\">010 \u2013 42 43 090<\/a><\/li>\n<\/ul>\n<ul>\n<li><img loading=\"lazy\" decoding=\"async\" class=\"alignnone size-full wp-image-188\" src=\"https:\/\/trackmondo.com\/wp-content\/uploads\/2022\/09\/Icon-ionic-ios-mail-unread.png\" alt=\"\" width=\"33\" height=\"30\" \/><\/li>\n<li><a href=\"mailto:info@trackmondo.com\">info@trackmondo.com<\/a><\/li>\n<\/ul>\n<\/div>\n\n\t\t<\/div>\n\t<\/div>\n\n\t<div class=\"wpb_text_column wpb_content_element  opening-hours\" >\n\t\t<div class=\"wpb_wrapper\">\n\t\t\t<div class=\"contact-sec1-a2\">\n<h1>Opening hours<\/h1>\n<ul class=\"fmrfvf\">\n<li><img loading=\"lazy\" decoding=\"async\" class=\"alignnone size-full wp-image-188\" src=\"https:\/\/trackmondo.com\/wp-content\/uploads\/2022\/09\/Icon-ionic-ios-time.png\" alt=\"\" width=\"33\" height=\"30\" \/><\/li>\n<li>Open Monday \u2013 Sunday: 24 hours a day<\/li>\n<\/ul>\n<ul>\n<li><em>Monday:<\/em> Always open<\/li>\n<li><em>Tuesday:<\/em> Always open<\/li>\n<li><em>Wednesday:<\/em> Always open<\/li>\n<li><em>Thursday:<\/em> Always open<\/li>\n<li><em>Friday:<\/em> Always open<\/li>\n<li><em>Saturday:<\/em> Always open<\/li>\n<li><em>Sunday:<\/em> Always open<\/li>\n<\/ul>\n<\/div>\n\n\t\t<\/div>\n\t<\/div>\n<\/div><\/div><\/div><\/div><\/div><\/div><\/div><\/div><div class=\"vc_row wpb_row vc_row-fluid contact-map\"><div class=\"wpb_column vc_column_container vc_col-sm-12\"><div class=\"vc_column-inner\"><div class=\"wpb_wrapper\">\n\t<div class=\"wpb_text_column wpb_content_element\" >\n\t\t<div class=\"wpb_wrapper\">\n\t\t\t<div><iframe loading=\"lazy\" id=\"googlemap-4\" style=\"border: 0;\" src=\"https:\/\/www.google.com\/maps\/embed?pb=!1m18!1m12!1m3!1d2069.865403664308!2d16.992903776817215!3d58.74908697433853!2m3!1f0!2f0!3f0!3m2!1i1024!2i768!4f13.1!3m3!1m2!1s0x465f2d133327a7c1%3A0xc9cb8c80066725cf!2zw4VrZXJiw6Ryc3bDpGdlbiAxNCwgNjExIDM4IE55a8O2cGluZywgU3dlZGVu!5e0!3m2!1sen!2sin!4v1678710155321!5m2!1sen!2sin\" width=\"100%\" height=\"450\" allowfullscreen=\"allowfullscreen\"><\/iframe><\/div>\n\n\t\t<\/div>\n\t<\/div>\n<\/div><\/div><\/div><\/div><\/section><div class=\"vc_row-full-width vc_clearfix\"><\/div><div class=\"vc_row wpb_row vc_row-fluid\"><div class=\"wpb_column vc_column_container vc_col-sm-12\"><div class=\"vc_column-inner\"><div class=\"wpb_wrapper\">\n\t<div class=\"wpb_raw_code wpb_content_element wpb_raw_html\" >\n\t\t<div class=\"wpb_wrapper\">\n\t\t\t<script> \n\nvar iframe = document.getElementById('googlemap-4');\niframe.contentDocument.body.addEventListener('mouseup', Handler);\n\nfunction Handler() {\n    alert('works');\n}\n\n <\/script>\n\t\t<\/div>\n\t<\/div>\n<\/div><\/div><\/div><\/div>","protected":false},"excerpt":{"rendered":"Kontakta oss SKICKA OSS ETT MEDDELANDE Ditt fullst\u00e4ndiga namn Telefonnummer E-post Ditt meddelande ADRESS \u00c5kerb\u00e4rsv\u00e4gen 14 611 38 Nyk\u00f6ping Sweden 010 \u2013 42 43 090 info@trackmondo.com \u00d6ppettider \u00d6ppet m\u00e5ndag - s\u00f6ndag: 24 timmar om dygnet M\u00e5ndag: Alltid \u00f6ppet Tisdag: Alltid \u00f6ppet Onsdag: Alltid \u00f6ppet Torsdag: Alltid \u00f6ppet Fredag: Alltid \u00f6ppet L\u00f6rdag: Alltid \u00f6ppet S\u00f6ndag: Alltid [...]","protected":false},"author":1,"featured_media":0,"parent":0,"menu_order":0,"comment_status":"closed","ping_status":"closed","template":"template-full-width.php","meta":{"footnotes":""},"class_list":["post-27","page","type-page","status-publish","hentry"],"yoast_head":"<!-- This site is optimized with the Yoast SEO plugin v24.2 - https:\/\/yoast.com\/wordpress\/plugins\/seo\/ -->\n<title>Kontakta oss | Trackmondo<\/title>\n<meta name=\"description\" content=\"Kontakta oss idag f\u00f6r att ta reda p\u00e5 hur vi kan hj\u00e4lpa dig med v\u00e5ra tj\u00e4nster som \u00e4r baserade p\u00e5 GPS-teknik. Ring oss p\u00e5: 010 \u2013 42 43 090 eller maila oss p\u00e5: info@trackmondo.com\" \/>\n<meta name=\"robots\" content=\"index, follow, max-snippet:-1, max-image-preview:large, max-video-preview:-1\" \/>\n<link rel=\"canonical\" href=\"https:\/\/trackmondo.com\/en\/contact-us\/\" \/>\n<meta property=\"og:locale\" content=\"en_GB\" \/>\n<meta property=\"og:type\" content=\"article\" \/>\n<meta property=\"og:title\" content=\"Kontakta oss | Trackmondo\" \/>\n<meta property=\"og:description\" content=\"Kontakta oss idag f\u00f6r att ta reda p\u00e5 hur vi kan hj\u00e4lpa dig med v\u00e5ra tj\u00e4nster som \u00e4r baserade p\u00e5 GPS-teknik. Ring oss p\u00e5: 010 \u2013 42 43 090 eller maila oss p\u00e5: info@trackmondo.com\" \/>\n<meta property=\"og:url\" content=\"https:\/\/trackmondo.com\/en\/contact-us\/\" \/>\n<meta property=\"og:site_name\" content=\"Trackmondo\" \/>\n<meta property=\"article:modified_time\" content=\"2023-10-19T06:53:53+00:00\" \/>\n<meta property=\"og:image\" content=\"https:\/\/trackmondo.com\/wp-content\/uploads\/2022\/09\/Icon-awesome-map-marked-alt.png\" \/>\n<meta name=\"twitter:card\" content=\"summary_large_image\" \/>\n<meta name=\"twitter:label1\" content=\"Estimated reading time\" \/>\n\t<meta name=\"twitter:data1\" content=\"2 minutes\" \/>\n<script type=\"application\/ld+json\" class=\"yoast-schema-graph\">{\"@context\":\"https:\/\/schema.org\",\"@graph\":[{\"@type\":\"WebPage\",\"@id\":\"https:\/\/trackmondo.com\/kontakta-oss\/\",\"url\":\"https:\/\/trackmondo.com\/kontakta-oss\/\",\"name\":\"Kontakta oss | Trackmondo\",\"isPartOf\":{\"@id\":\"https:\/\/trackmondo.com\/#website\"},\"primaryImageOfPage\":{\"@id\":\"https:\/\/trackmondo.com\/kontakta-oss\/#primaryimage\"},\"image\":{\"@id\":\"https:\/\/trackmondo.com\/kontakta-oss\/#primaryimage\"},\"thumbnailUrl\":\"https:\/\/trackmondo.com\/wp-content\/uploads\/2022\/09\/Icon-awesome-map-marked-alt.png\",\"datePublished\":\"2022-09-05T12:07:16+00:00\",\"dateModified\":\"2023-10-19T06:53:53+00:00\",\"description\":\"Kontakta oss idag f\u00f6r att ta reda p\u00e5 hur vi kan hj\u00e4lpa dig med v\u00e5ra tj\u00e4nster som \u00e4r baserade p\u00e5 GPS-teknik. Ring oss p\u00e5: 010 \u2013 42 43 090 eller maila oss p\u00e5: info@trackmondo.com\",\"breadcrumb\":{\"@id\":\"https:\/\/trackmondo.com\/kontakta-oss\/#breadcrumb\"},\"inLanguage\":\"en-GB\",\"potentialAction\":[{\"@type\":\"ReadAction\",\"target\":[\"https:\/\/trackmondo.com\/kontakta-oss\/\"]}]},{\"@type\":\"ImageObject\",\"inLanguage\":\"en-GB\",\"@id\":\"https:\/\/trackmondo.com\/kontakta-oss\/#primaryimage\",\"url\":\"https:\/\/trackmondo.com\/wp-content\/uploads\/2022\/09\/Icon-awesome-map-marked-alt.png\",\"contentUrl\":\"https:\/\/trackmondo.com\/wp-content\/uploads\/2022\/09\/Icon-awesome-map-marked-alt.png\"},{\"@type\":\"BreadcrumbList\",\"@id\":\"https:\/\/trackmondo.com\/kontakta-oss\/#breadcrumb\",\"itemListElement\":[{\"@type\":\"ListItem\",\"position\":1,\"name\":\"Hem\",\"item\":\"https:\/\/trackmondo.com\/\"},{\"@type\":\"ListItem\",\"position\":2,\"name\":\"Kontakta oss\"}]},{\"@type\":\"WebSite\",\"@id\":\"https:\/\/trackmondo.com\/#website\",\"url\":\"https:\/\/trackmondo.com\/\",\"name\":\"Trackmondo\",\"description\":\"En elektronisk k\u00f6rjournal f\u00f6r ett bra pris!\",\"publisher\":{\"@id\":\"https:\/\/trackmondo.com\/#organization\"},\"potentialAction\":[{\"@type\":\"SearchAction\",\"target\":{\"@type\":\"EntryPoint\",\"urlTemplate\":\"https:\/\/trackmondo.com\/?s={search_term_string}\"},\"query-input\":{\"@type\":\"PropertyValueSpecification\",\"valueRequired\":true,\"valueName\":\"search_term_string\"}}],\"inLanguage\":\"en-GB\"},{\"@type\":\"Organization\",\"@id\":\"https:\/\/trackmondo.com\/#organization\",\"name\":\"Trackmondo\",\"url\":\"https:\/\/trackmondo.com\/\",\"logo\":{\"@type\":\"ImageObject\",\"inLanguage\":\"en-GB\",\"@id\":\"https:\/\/trackmondo.com\/#\/schema\/logo\/image\/\",\"url\":\"https:\/\/trackmondo.com\/wp-content\/uploads\/2022\/09\/Trackmondo_Logo_Original-JPG-300ppi-scaled-1.png\",\"contentUrl\":\"https:\/\/trackmondo.com\/wp-content\/uploads\/2022\/09\/Trackmondo_Logo_Original-JPG-300ppi-scaled-1.png\",\"width\":379,\"height\":45,\"caption\":\"Trackmondo\"},\"image\":{\"@id\":\"https:\/\/trackmondo.com\/#\/schema\/logo\/image\/\"}}]}<\/script>\n<!-- \/ Yoast SEO plugin. -->","yoast_head_json":{"title":"Kontakta oss | Trackmondo","description":"Kontakta oss idag f\u00f6r att ta reda p\u00e5 hur vi kan hj\u00e4lpa dig med v\u00e5ra tj\u00e4nster som \u00e4r baserade p\u00e5 GPS-teknik. Ring oss p\u00e5: 010 \u2013 42 43 090 eller maila oss p\u00e5: info@trackmondo.com","robots":{"index":"index","follow":"follow","max-snippet":"max-snippet:-1","max-image-preview":"max-image-preview:large","max-video-preview":"max-video-preview:-1"},"canonical":"https:\/\/trackmondo.com\/en\/contact-us\/","og_locale":"en_GB","og_type":"article","og_title":"Kontakta oss | Trackmondo","og_description":"Kontakta oss idag f\u00f6r att ta reda p\u00e5 hur vi kan hj\u00e4lpa dig med v\u00e5ra tj\u00e4nster som \u00e4r baserade p\u00e5 GPS-teknik. Ring oss p\u00e5: 010 \u2013 42 43 090 eller maila oss p\u00e5: info@trackmondo.com","og_url":"https:\/\/trackmondo.com\/en\/contact-us\/","og_site_name":"Trackmondo","article_modified_time":"2023-10-19T06:53:53+00:00","og_image":[{"url":"https:\/\/trackmondo.com\/wp-content\/uploads\/2022\/09\/Icon-awesome-map-marked-alt.png","type":"","width":"","height":""}],"twitter_card":"summary_large_image","twitter_misc":{"Estimated reading time":"2 minutes"},"schema":{"@context":"https:\/\/schema.org","@graph":[{"@type":"WebPage","@id":"https:\/\/trackmondo.com\/kontakta-oss\/","url":"https:\/\/trackmondo.com\/kontakta-oss\/","name":"Kontakta oss | Trackmondo","isPartOf":{"@id":"https:\/\/trackmondo.com\/#website"},"primaryImageOfPage":{"@id":"https:\/\/trackmondo.com\/kontakta-oss\/#primaryimage"},"image":{"@id":"https:\/\/trackmondo.com\/kontakta-oss\/#primaryimage"},"thumbnailUrl":"https:\/\/trackmondo.com\/wp-content\/uploads\/2022\/09\/Icon-awesome-map-marked-alt.png","datePublished":"2022-09-05T12:07:16+00:00","dateModified":"2023-10-19T06:53:53+00:00","description":"Kontakta oss idag f\u00f6r att ta reda p\u00e5 hur vi kan hj\u00e4lpa dig med v\u00e5ra tj\u00e4nster som \u00e4r baserade p\u00e5 GPS-teknik. Ring oss p\u00e5: 010 \u2013 42 43 090 eller maila oss p\u00e5: info@trackmondo.com","breadcrumb":{"@id":"https:\/\/trackmondo.com\/kontakta-oss\/#breadcrumb"},"inLanguage":"en-GB","potentialAction":[{"@type":"ReadAction","target":["https:\/\/trackmondo.com\/kontakta-oss\/"]}]},{"@type":"ImageObject","inLanguage":"en-GB","@id":"https:\/\/trackmondo.com\/kontakta-oss\/#primaryimage","url":"https:\/\/trackmondo.com\/wp-content\/uploads\/2022\/09\/Icon-awesome-map-marked-alt.png","contentUrl":"https:\/\/trackmondo.com\/wp-content\/uploads\/2022\/09\/Icon-awesome-map-marked-alt.png"},{"@type":"BreadcrumbList","@id":"https:\/\/trackmondo.com\/kontakta-oss\/#breadcrumb","itemListElement":[{"@type":"ListItem","position":1,"name":"Hem","item":"https:\/\/trackmondo.com\/"},{"@type":"ListItem","position":2,"name":"Kontakta oss"}]},{"@type":"WebSite","@id":"https:\/\/trackmondo.com\/#website","url":"https:\/\/trackmondo.com\/","name":"Trackmondo","description":"En elektronisk k\u00f6rjournal f\u00f6r ett bra pris!","publisher":{"@id":"https:\/\/trackmondo.com\/#organization"},"potentialAction":[{"@type":"SearchAction","target":{"@type":"EntryPoint","urlTemplate":"https:\/\/trackmondo.com\/?s={search_term_string}"},"query-input":{"@type":"PropertyValueSpecification","valueRequired":true,"valueName":"search_term_string"}}],"inLanguage":"en-GB"},{"@type":"Organization","@id":"https:\/\/trackmondo.com\/#organization","name":"Trackmondo","url":"https:\/\/trackmondo.com\/","logo":{"@type":"ImageObject","inLanguage":"en-GB","@id":"https:\/\/trackmondo.com\/#\/schema\/logo\/image\/","url":"https:\/\/trackmondo.com\/wp-content\/uploads\/2022\/09\/Trackmondo_Logo_Original-JPG-300ppi-scaled-1.png","contentUrl":"https:\/\/trackmondo.com\/wp-content\/uploads\/2022\/09\/Trackmondo_Logo_Original-JPG-300ppi-scaled-1.png","width":379,"height":45,"caption":"Trackmondo"},"image":{"@id":"https:\/\/trackmondo.com\/#\/schema\/logo\/image\/"}}]}},"_links":{"self":[{"href":"https:\/\/trackmondo.com\/en\/wp-json\/wp\/v2\/pages\/27","targetHints":{"allow":["GET"]}}],"collection":[{"href":"https:\/\/trackmondo.com\/en\/wp-json\/wp\/v2\/pages"}],"about":[{"href":"https:\/\/trackmondo.com\/en\/wp-json\/wp\/v2\/types\/page"}],"author":[{"embeddable":true,"href":"https:\/\/trackmondo.com\/en\/wp-json\/wp\/v2\/users\/1"}],"replies":[{"embeddable":true,"href":"https:\/\/trackmondo.com\/en\/wp-json\/wp\/v2\/comments?post=27"}],"version-history":[{"count":60,"href":"https:\/\/trackmondo.com\/en\/wp-json\/wp\/v2\/pages\/27\/revisions"}],"predecessor-version":[{"id":193,"href":"https:\/\/trackmondo.com\/en\/wp-json\/wp\/v2\/pages\/27\/revisions\/193"}],"wp:attachment":[{"href":"https:\/\/trackmondo.com\/en\/wp-json\/wp\/v2\/media?parent=27"}],"curies":[{"name":"wp","href":"https:\/\/api.w.org\/{rel}","templated":true}]}}