{"id":25,"date":"2022-09-05T14:11:01","date_gmt":"2022-09-05T12:11:01","guid":{"rendered":"https:\/\/trackmondo.com\/?page_id=25"},"modified":"2024-04-15T06:41:05","modified_gmt":"2024-04-15T04:41:05","slug":"om-oss","status":"publish","type":"page","link":"https:\/\/trackmondo.com\/en\/about-us\/","title":{"rendered":"About Us"},"content":{"rendered":"<div data-vc-full-width=\"true\" data-vc-full-width-init=\"false\" class=\"vc_row wpb_row vc_row-fluid banner-hem vc_custom_1682939200651 vc_row-has-fill\"><div class=\"wpb_column vc_column_container vc_col-sm-12\"><div class=\"vc_column-inner\"><div class=\"wpb_wrapper\">\n\t<div class=\"wpb_text_column wpb_content_element\" >\n\t\t<div class=\"wpb_wrapper\">\n\t\t\t<h1>About Us<\/h1>\n\n\t\t<\/div>\n\t<\/div>\n<\/div><\/div><\/div><\/div><div class=\"vc_row-full-width vc_clearfix\"><\/div><div data-vc-full-width=\"true\" data-vc-full-width-init=\"false\" data-vc-stretch-content=\"true\" class=\"vc_row wpb_row vc_row-fluid about-sec1 vc_custom_1684477254479 vc_row-has-fill vc_row-no-padding\"><div class=\"wpb_column vc_column_container vc_col-sm-6\"><div class=\"vc_column-inner\"><div class=\"wpb_wrapper\"><\/div><\/div><\/div><div class=\"wpb_column vc_column_container vc_col-sm-6\" id=\"om-ss1\"><div class=\"vc_column-inner\"><div class=\"wpb_wrapper\">\n\t<div class=\"wpb_text_column wpb_content_element\" >\n\t\t<div class=\"wpb_wrapper\">\n\t\t\t<h2>Own developed service within GPS technology<\/h2>\n<p><strong>Trackmondo<\/strong> is an IoT company that develops services based on GPS technology. Our business is based on our own products and services that are characterized by quality, unique design and high precision. We adapt products and services to customer needs and offer innovative solutions that simplify everyday life for all our customers. We strive to continue growing, both in the Swedish and international markets.<\/p>\n\n\t\t<\/div>\n\t<\/div>\n<\/div><\/div><\/div><\/div><div class=\"vc_row-full-width vc_clearfix\"><\/div><div class=\"vc_row wpb_row vc_row-fluid about-sec2\"><div class=\"wpb_column vc_column_container vc_col-sm-12\"><div class=\"vc_column-inner\"><div class=\"wpb_wrapper\">\n\t<div class=\"wpb_text_column wpb_content_element\" >\n\t\t<div class=\"wpb_wrapper\">\n\t\t\t<h1>Core values<\/h1>\n<hr \/>\n\n\t\t<\/div>\n\t<\/div>\n<\/div><\/div><\/div><\/div><div class=\"vc_row wpb_row vc_row-fluid about-sec2-D\"><div class=\"wpb_column vc_column_container vc_col-sm-4\"><div class=\"vc_column-inner\"><div class=\"wpb_wrapper\"><div class=\"vc_row wpb_row vc_inner vc_row-fluid\"><div class=\"wpb_column vc_column_container vc_col-sm-3\"><div class=\"vc_column-inner\"><div class=\"wpb_wrapper\">\n\t<div  class=\"wpb_single_image wpb_content_element vc_align_left\">\n\t\t\n\t\t<figure class=\"wpb_wrapper vc_figure\">\n\t\t\t<div class=\"vc_single_image-wrapper   vc_box_border_grey\"><img loading=\"lazy\" decoding=\"async\" width=\"60\" height=\"61\" src=\"https:\/\/trackmondo.com\/wp-content\/uploads\/2022\/09\/Group-96.png\" class=\"vc_single_image-img attachment-full\" alt=\"\" srcset=\"https:\/\/trackmondo.com\/wp-content\/uploads\/2022\/09\/Group-96.png 60w, https:\/\/trackmondo.com\/wp-content\/uploads\/2022\/09\/Group-96-12x12.png 12w\" sizes=\"auto, (max-width: 60px) 100vw, 60px\" \/><\/div>\n\t\t<\/figure>\n\t<\/div>\n<\/div><\/div><\/div><div class=\"wpb_column vc_column_container vc_col-sm-9\"><div class=\"vc_column-inner\"><div class=\"wpb_wrapper\">\n\t<div class=\"wpb_text_column wpb_content_element\" >\n\t\t<div class=\"wpb_wrapper\">\n\t\t\t<div class=\"about-sec2-A\">\n<h1>Quality<\/h1>\n<h2>All our products and services are of the highest quality<\/h2>\n<\/div>\n\n\t\t<\/div>\n\t<\/div>\n<\/div><\/div><\/div><\/div><\/div><\/div><\/div><div class=\"wpb_column vc_column_container vc_col-sm-4\"><div class=\"vc_column-inner\"><div class=\"wpb_wrapper\"><div class=\"vc_row wpb_row vc_inner vc_row-fluid\"><div class=\"wpb_column vc_column_container vc_col-sm-3\"><div class=\"vc_column-inner\"><div class=\"wpb_wrapper\">\n\t<div  class=\"wpb_single_image wpb_content_element vc_align_left\">\n\t\t\n\t\t<figure class=\"wpb_wrapper vc_figure\">\n\t\t\t<div class=\"vc_single_image-wrapper   vc_box_border_grey\"><img loading=\"lazy\" decoding=\"async\" width=\"60\" height=\"61\" src=\"https:\/\/trackmondo.com\/wp-content\/uploads\/2022\/09\/Group-97.png\" class=\"vc_single_image-img attachment-full\" alt=\"\" srcset=\"https:\/\/trackmondo.com\/wp-content\/uploads\/2022\/09\/Group-97.png 60w, https:\/\/trackmondo.com\/wp-content\/uploads\/2022\/09\/Group-97-12x12.png 12w\" sizes=\"auto, (max-width: 60px) 100vw, 60px\" \/><\/div>\n\t\t<\/figure>\n\t<\/div>\n<\/div><\/div><\/div><div class=\"wpb_column vc_column_container vc_col-sm-9\"><div class=\"vc_column-inner\"><div class=\"wpb_wrapper\">\n\t<div class=\"wpb_text_column wpb_content_element\" >\n\t\t<div class=\"wpb_wrapper\">\n\t\t\t<div class=\"about-sec2-A\">\n<h1>Innovation<\/h1>\n<h2>We at Trackmondo always strive to develop new products and services that simplify everyday life for our customers, regardless of whether you are in the office or out in the field<\/h2>\n<\/div>\n\n\t\t<\/div>\n\t<\/div>\n<\/div><\/div><\/div><\/div><\/div><\/div><\/div><div class=\"wpb_column vc_column_container vc_col-sm-4\"><div class=\"vc_column-inner\"><div class=\"wpb_wrapper\"><div class=\"vc_row wpb_row vc_inner vc_row-fluid\"><div class=\"wpb_column vc_column_container vc_col-sm-3\"><div class=\"vc_column-inner\"><div class=\"wpb_wrapper\">\n\t<div  class=\"wpb_single_image wpb_content_element vc_align_left\">\n\t\t\n\t\t<figure class=\"wpb_wrapper vc_figure\">\n\t\t\t<div class=\"vc_single_image-wrapper   vc_box_border_grey\"><img loading=\"lazy\" decoding=\"async\" width=\"60\" height=\"61\" src=\"https:\/\/trackmondo.com\/wp-content\/uploads\/2022\/09\/Group-98.png\" class=\"vc_single_image-img attachment-full\" alt=\"\" srcset=\"https:\/\/trackmondo.com\/wp-content\/uploads\/2022\/09\/Group-98.png 60w, https:\/\/trackmondo.com\/wp-content\/uploads\/2022\/09\/Group-98-12x12.png 12w\" sizes=\"auto, (max-width: 60px) 100vw, 60px\" \/><\/div>\n\t\t<\/figure>\n\t<\/div>\n<\/div><\/div><\/div><div class=\"wpb_column vc_column_container vc_col-sm-9\"><div class=\"vc_column-inner\"><div class=\"wpb_wrapper\">\n\t<div class=\"wpb_text_column wpb_content_element\" >\n\t\t<div class=\"wpb_wrapper\">\n\t\t\t<div class=\"about-sec2-A\">\n<h1>Simplicity<\/h1>\n<h2>All our products must be extremely easy to install and use<\/h2>\n<\/div>\n\n\t\t<\/div>\n\t<\/div>\n<\/div><\/div><\/div><\/div><\/div><\/div><\/div><\/div><section data-vc-full-width=\"true\" data-vc-full-width-init=\"false\" class=\"vc_section section-about-sec3\"><div data-vc-full-width=\"true\" data-vc-full-width-init=\"false\" data-vc-stretch-content=\"true\" class=\"vc_row wpb_row vc_row-fluid about-sec3 vc_row-no-padding\"><div class=\"wpb_column vc_column_container vc_col-sm-4\"><div class=\"vc_column-inner\"><div class=\"wpb_wrapper\"><\/div><\/div><\/div><div class=\"wpb_column vc_column_container vc_col-sm-2\"><div class=\"vc_column-inner\"><div class=\"wpb_wrapper\"><\/div><\/div><\/div><div class=\"wpb_column vc_column_container vc_col-sm-6\"><div class=\"vc_column-inner\"><div class=\"wpb_wrapper\">\n\t<div class=\"wpb_text_column wpb_content_element\" >\n\t\t<div class=\"wpb_wrapper\">\n\t\t\t<h1><img loading=\"lazy\" decoding=\"async\" class=\"alignnone size-full wp-image-149\" src=\"https:\/\/trackmondo.com\/wp-content\/uploads\/2022\/09\/comma-1.png\" alt=\"\" width=\"60\" height=\"54\" srcset=\"https:\/\/trackmondo.com\/wp-content\/uploads\/2022\/09\/comma-1.png 60w, https:\/\/trackmondo.com\/wp-content\/uploads\/2022\/09\/comma-1-13x12.png 13w\" sizes=\"auto, (max-width: 60px) 100vw, 60px\" \/><\/h1>\n<h2>For Trackmondo, this means that we have to offer smart solutions that simplify your work, regardless of whether you are in the car, in the office or out in the field<\/h2>\n<h3>The team at Trackmondo<\/h3>\n<hr \/>\n\n\t\t<\/div>\n\t<\/div>\n<\/div><\/div><\/div><\/div><div class=\"vc_row-full-width vc_clearfix\"><\/div><div class=\"vc_row wpb_row vc_row-fluid\"><div class=\"wpb_column vc_column_container vc_col-sm-4\"><div class=\"vc_column-inner\"><div class=\"wpb_wrapper\">\n\t<div  class=\"wpb_single_image wpb_content_element vc_align_left   about-sec3-img\">\n\t\t\n\t\t<figure class=\"wpb_wrapper vc_figure\">\n\t\t\t<div class=\"vc_single_image-wrapper   vc_box_border_grey\"><img loading=\"lazy\" decoding=\"async\" width=\"556\" height=\"563\" src=\"https:\/\/trackmondo.com\/wp-content\/uploads\/2022\/09\/Mask-Group-14-1.png\" class=\"vc_single_image-img attachment-full\" alt=\"\" srcset=\"https:\/\/trackmondo.com\/wp-content\/uploads\/2022\/09\/Mask-Group-14-1.png 556w, https:\/\/trackmondo.com\/wp-content\/uploads\/2022\/09\/Mask-Group-14-1-296x300.png 296w, https:\/\/trackmondo.com\/wp-content\/uploads\/2022\/09\/Mask-Group-14-1-12x12.png 12w\" sizes=\"auto, (max-width: 556px) 100vw, 556px\" \/><\/div>\n\t\t<\/figure>\n\t<\/div>\n<\/div><\/div><\/div><div class=\"wpb_column vc_column_container vc_col-sm-8\"><div class=\"vc_column-inner\"><div class=\"wpb_wrapper\"><\/div><\/div><\/div><\/div><\/section><div class=\"vc_row-full-width vc_clearfix\"><\/div><div class=\"vc_row wpb_row vc_row-fluid hem-slider vc_custom_1662469812657 vc_row-has-fill\"><div class=\"wpb_column vc_column_container vc_col-sm-12\"><div class=\"vc_column-inner\"><div class=\"wpb_wrapper\">\n\t<div class=\"wpb_text_column wpb_content_element\" >\n\t\t<div class=\"wpb_wrapper\">\n\t\t\t<div id=\"hem-2\">\n<h1>Recommendations<\/h1>\n<hr \/>\n<h3>Hear from our <span style=\"color: #ec7823;\">customers<\/span><\/h3>\n<\/div>\n\n\t\t<\/div>\n\t<\/div>\n\n\t<div class=\"wpb_text_column wpb_content_element\" >\n\t\t<div class=\"wpb_wrapper\">\n\t\t\t<div class=\"Hem\">\t\t<div class=\"wpsisac-slick-slider-wrp wpsisac-clearfix\" data-conf=\"{&quot;dots&quot;:&quot;true&quot;,&quot;arrows&quot;:&quot;true&quot;,&quot;autoplay&quot;:&quot;true&quot;,&quot;autoplay_interval&quot;:3000,&quot;fade&quot;:&quot;false&quot;,&quot;lazyload&quot;:&quot;&quot;,&quot;speed&quot;:300,&quot;rtl&quot;:&quot;false&quot;,&quot;loop&quot;:&quot;true&quot;,&quot;hover_pause&quot;:&quot;true&quot;}\">\r\n\t\t\t<div id=\"wpsisac-slick-slider-1\" class=\"wpsisac-slick-init wpsisac-slick-slider design-5\">\r\n\r\n\t\t\t\t<div class=\"wpsisac-image-slide\">\r\t<div class=\"wpsisac-slide-wrap\">\r\t\t<div class=\"wpsisac-slider-content\">\r\t\t\t<h2 class=\"wpsisac-slide-title\"><\/h2>\r\t\t\t\t\t\t\t<div class=\"wpsisac-slider-short-content\"><div class=\"hem-slider-1\">\n<ul>\n<li><img loading=\"lazy\" decoding=\"async\" class=\"img-hem-slid\" src=\"https:\/\/trackmondo.com\/wp-content\/uploads\/2022\/09\/Ellipse-14.png\" alt=\"\" width=\"174\" height=\"174\" \/><\/li>\n<li><img loading=\"lazy\" decoding=\"async\" class=\"comma-hem-slid\" src=\"https:\/\/trackmondo.com\/wp-content\/uploads\/2022\/09\/comma.png\" alt=\"\" width=\"48\" height=\"44\" \/><\/li>\n<\/ul>\n<h4>\"So easy to report your driving record. You get a complete overview of your entire car fleet regarding trips, private \/ business trips, congestion tax, statistics such as fuel consumption, carbon dioxide emissions, etc. Then they have an incredibly nice reception! There is absolutely nothing to complain about.\u201d<\/h4>\n<h3>Robin Nordlund<\/h3>\n<\/div>\n<\/div>\r\t\t\t\t\t<\/div>\r\t<\/div>\r<\/div><div class=\"wpsisac-image-slide\">\r\t<div class=\"wpsisac-slide-wrap\">\r\t\t<div class=\"wpsisac-slider-content\">\r\t\t\t<h2 class=\"wpsisac-slide-title\"><\/h2>\r\t\t\t\t\t\t\t<div class=\"wpsisac-slider-short-content\"><div class=\"hem-slider-1\">\n<ul>\n<li><img loading=\"lazy\" decoding=\"async\" class=\"img-hem-slid\" src=\"https:\/\/trackmondo.com\/wp-content\/uploads\/2022\/09\/Ellipse-13.png\" alt=\"\" width=\"174\" height=\"174\" \/><\/li>\n<li><img loading=\"lazy\" decoding=\"async\" class=\"comma-hem-slid\" src=\"https:\/\/trackmondo.com\/wp-content\/uploads\/2022\/09\/comma.png\" alt=\"\" width=\"48\" height=\"44\" \/><\/li>\n<\/ul>\n<h4>\"Easy collaboration, quick to respond and very helpful support!\"<\/h4>\n<h3> Malin Berglund<\/h3>\n<\/div>\n<\/div>\r\t\t\t\t\t<\/div>\r\t<\/div>\r<\/div><div class=\"wpsisac-image-slide\">\r\t<div class=\"wpsisac-slide-wrap\">\r\t\t<div class=\"wpsisac-slider-content\">\r\t\t\t<h2 class=\"wpsisac-slide-title\"><\/h2>\r\t\t\t\t\t\t\t<div class=\"wpsisac-slider-short-content\"><div class=\"hem-slider-1\">\n<ul>\n<li><img loading=\"lazy\" decoding=\"async\" class=\"img-hem-slid\" src=\"https:\/\/trackmondo.com\/wp-content\/uploads\/2023\/05\/Ellipse-47.png\" alt=\"\" width=\"174\" height=\"174\" \/><\/li>\n<li><img loading=\"lazy\" decoding=\"async\" class=\"comma-hem-slid\" src=\"https:\/\/trackmondo.com\/wp-content\/uploads\/2022\/09\/comma.png\" alt=\"\" width=\"48\" height=\"44\" \/><\/li>\n<\/ul>\n<h4>\"Great support, very nice and professional help.\"<\/h4>\n<h3>David Birgersson<\/h3>\n<\/div>\n<\/div>\r\t\t\t\t\t<\/div>\r\t<\/div>\r<\/div><div class=\"wpsisac-image-slide\">\r\t<div class=\"wpsisac-slide-wrap\">\r\t\t<div class=\"wpsisac-slider-content\">\r\t\t\t<h2 class=\"wpsisac-slide-title\"><\/h2>\r\t\t\t\t\t\t\t<div class=\"wpsisac-slider-short-content\"><div class=\"hem-slider-1\">\n<ul>\n<li><img loading=\"lazy\" decoding=\"async\" class=\"img-hem-slid\" src=\"https:\/\/trackmondo.com\/wp-content\/uploads\/2022\/09\/Ellipse-15.png\" alt=\"\" width=\"174\" height=\"174\" \/><\/li>\n<li><img loading=\"lazy\" decoding=\"async\" class=\"comma-hem-slid\" src=\"https:\/\/trackmondo.com\/wp-content\/uploads\/2022\/09\/comma.png\" alt=\"\" width=\"48\" height=\"44\" \/><\/li>\n<\/ul>\n<h4>\"Now we've had Trackmondo for almost 2 years and we're incredibly satisfied with everything from service to support! \"<br \/>\nI highly recommend them!<\/h4>\n<h3> Peter Johansson<\/h3>\n<\/div>\n<\/div>\r\t\t\t\t\t<\/div>\r\t<\/div>\r<\/div><div class=\"wpsisac-image-slide\">\r\t<div class=\"wpsisac-slide-wrap\">\r\t\t<div class=\"wpsisac-slider-content\">\r\t\t\t<h2 class=\"wpsisac-slide-title\"><\/h2>\r\t\t\t\t\t\t\t<div class=\"wpsisac-slider-short-content\"><div class=\"hem-slider-1\">\n<ul>\n<li><img loading=\"lazy\" decoding=\"async\" class=\"img-hem-slid\" src=\"https:\/\/trackmondo.com\/wp-content\/uploads\/2023\/05\/Ellipse-46.jpg\" alt=\"\" width=\"174\" height=\"174\" \/><\/li>\n<li><img loading=\"lazy\" decoding=\"async\" class=\"comma-hem-slid\" src=\"https:\/\/trackmondo.com\/wp-content\/uploads\/2022\/09\/comma.png\" alt=\"\" width=\"48\" height=\"44\" \/><\/li>\n<\/ul>\n<h4>\u201d Very easy and flexible system to use. The support is always very helpful and the treatment is top class!  They always give clear explanations and show great patience. \"<\/h4>\n<h3>Julia Andersson<\/h3>\n<\/div>\n<\/div>\r\t\t\t\t\t<\/div>\r\t<\/div>\r<\/div><div class=\"wpsisac-image-slide\">\r\t<div class=\"wpsisac-slide-wrap\">\r\t\t<div class=\"wpsisac-slider-content\">\r\t\t\t<h2 class=\"wpsisac-slide-title\"><\/h2>\r\t\t\t\t\t\t\t<div class=\"wpsisac-slider-short-content\"><div class=\"hem-slider-1\">\n<ul>\n<li><img loading=\"lazy\" decoding=\"async\" class=\"img-hem-slid\" src=\"https:\/\/trackmondo.com\/wp-content\/uploads\/2023\/04\/Ellipse-14.png\" alt=\"\" width=\"174\" height=\"174\" \/><\/li>\n<li><img loading=\"lazy\" decoding=\"async\" class=\"comma-hem-slid\" src=\"https:\/\/trackmondo.com\/wp-content\/uploads\/2022\/09\/comma.png\" alt=\"\" width=\"48\" height=\"44\" \/><\/li>\n<\/ul>\n<h4>\u201d Very easy to install and administer.  The support is always helpful both on the phone and through the chat function. \"<\/h4>\n<h3> Sofia Ljung<\/h3>\n<\/div>\n<\/div>\r\t\t\t\t\t<\/div>\r\t<\/div>\r<\/div>\r\n\t\t\t<\/div>\r\n\t\t<\/div>\r\n\t<\/div>\n\n\t\t<\/div>\n\t<\/div>\n<\/div><\/div><\/div><\/div>","protected":false},"excerpt":{"rendered":"\" Mycket smidigt att installera samt administrera. Supporten \u00e4r alltid hj\u00e4lpsam b\u00e5de p\u00e5 telefon och genom chattfunktionen. \" Sofia Ljung","protected":false},"author":1,"featured_media":0,"parent":0,"menu_order":0,"comment_status":"closed","ping_status":"closed","template":"template-full-width.php","meta":{"footnotes":""},"class_list":["post-25","page","type-page","status-publish","hentry"],"yoast_head":"<!-- This site is optimized with the Yoast SEO plugin v24.2 - https:\/\/yoast.com\/wordpress\/plugins\/seo\/ -->\n<title>Om Trackmondo | Trackmondo<\/title>\n<meta name=\"description\" content=\"Trackmondo \u00e4r ett IoT-f\u00f6retag som utvecklar tj\u00e4nster baserad p\u00e5 GPS-teknik. V\u00e5r verksamhet bygger p\u00e5 v\u00e5ra egna produkter och tj\u00e4nster som k\u00e4nnetecknas av kvalitet, unik design och h\u00f6g precision. Alla v\u00e5ra produkter ska vara extremt enkla att installera och anv\u00e4nda.\" \/>\n<meta name=\"robots\" content=\"index, follow, max-snippet:-1, max-image-preview:large, max-video-preview:-1\" \/>\n<link rel=\"canonical\" href=\"https:\/\/trackmondo.com\/en\/about-us\/\" \/>\n<meta property=\"og:locale\" content=\"en_GB\" \/>\n<meta property=\"og:type\" content=\"article\" \/>\n<meta property=\"og:title\" content=\"Om Trackmondo | Trackmondo\" \/>\n<meta property=\"og:description\" content=\"Trackmondo \u00e4r ett IoT-f\u00f6retag som utvecklar tj\u00e4nster baserad p\u00e5 GPS-teknik. V\u00e5r verksamhet bygger p\u00e5 v\u00e5ra egna produkter och tj\u00e4nster som k\u00e4nnetecknas av kvalitet, unik design och h\u00f6g precision. Alla v\u00e5ra produkter ska vara extremt enkla att installera och anv\u00e4nda.\" \/>\n<meta property=\"og:url\" content=\"https:\/\/trackmondo.com\/en\/about-us\/\" \/>\n<meta property=\"og:site_name\" content=\"Trackmondo\" \/>\n<meta property=\"article:modified_time\" content=\"2024-04-15T04:41:05+00:00\" \/>\n<meta property=\"og:image\" content=\"https:\/\/trackmondo.com\/wp-content\/uploads\/2022\/09\/comma-1.png\" \/>\n<meta name=\"twitter:card\" content=\"summary_large_image\" \/>\n<meta name=\"twitter:label1\" content=\"Estimated reading time\" \/>\n\t<meta name=\"twitter:data1\" content=\"3 minutes\" \/>\n<script type=\"application\/ld+json\" class=\"yoast-schema-graph\">{\"@context\":\"https:\/\/schema.org\",\"@graph\":[{\"@type\":\"WebPage\",\"@id\":\"https:\/\/trackmondo.com\/om-oss\/\",\"url\":\"https:\/\/trackmondo.com\/om-oss\/\",\"name\":\"Om Trackmondo | Trackmondo\",\"isPartOf\":{\"@id\":\"https:\/\/trackmondo.com\/#website\"},\"primaryImageOfPage\":{\"@id\":\"https:\/\/trackmondo.com\/om-oss\/#primaryimage\"},\"image\":{\"@id\":\"https:\/\/trackmondo.com\/om-oss\/#primaryimage\"},\"thumbnailUrl\":\"https:\/\/trackmondo.com\/wp-content\/uploads\/2022\/09\/comma-1.png\",\"datePublished\":\"2022-09-05T12:11:01+00:00\",\"dateModified\":\"2024-04-15T04:41:05+00:00\",\"description\":\"Trackmondo \u00e4r ett IoT-f\u00f6retag som utvecklar tj\u00e4nster baserad p\u00e5 GPS-teknik. V\u00e5r verksamhet bygger p\u00e5 v\u00e5ra egna produkter och tj\u00e4nster som k\u00e4nnetecknas av kvalitet, unik design och h\u00f6g precision. Alla v\u00e5ra produkter ska vara extremt enkla att installera och anv\u00e4nda.\",\"breadcrumb\":{\"@id\":\"https:\/\/trackmondo.com\/om-oss\/#breadcrumb\"},\"inLanguage\":\"en-GB\",\"potentialAction\":[{\"@type\":\"ReadAction\",\"target\":[\"https:\/\/trackmondo.com\/om-oss\/\"]}]},{\"@type\":\"ImageObject\",\"inLanguage\":\"en-GB\",\"@id\":\"https:\/\/trackmondo.com\/om-oss\/#primaryimage\",\"url\":\"https:\/\/trackmondo.com\/wp-content\/uploads\/2022\/09\/comma-1.png\",\"contentUrl\":\"https:\/\/trackmondo.com\/wp-content\/uploads\/2022\/09\/comma-1.png\"},{\"@type\":\"BreadcrumbList\",\"@id\":\"https:\/\/trackmondo.com\/om-oss\/#breadcrumb\",\"itemListElement\":[{\"@type\":\"ListItem\",\"position\":1,\"name\":\"Hem\",\"item\":\"https:\/\/trackmondo.com\/\"},{\"@type\":\"ListItem\",\"position\":2,\"name\":\"Om oss\"}]},{\"@type\":\"WebSite\",\"@id\":\"https:\/\/trackmondo.com\/#website\",\"url\":\"https:\/\/trackmondo.com\/\",\"name\":\"Trackmondo\",\"description\":\"En elektronisk k\u00f6rjournal f\u00f6r ett bra pris!\",\"publisher\":{\"@id\":\"https:\/\/trackmondo.com\/#organization\"},\"potentialAction\":[{\"@type\":\"SearchAction\",\"target\":{\"@type\":\"EntryPoint\",\"urlTemplate\":\"https:\/\/trackmondo.com\/?s={search_term_string}\"},\"query-input\":{\"@type\":\"PropertyValueSpecification\",\"valueRequired\":true,\"valueName\":\"search_term_string\"}}],\"inLanguage\":\"en-GB\"},{\"@type\":\"Organization\",\"@id\":\"https:\/\/trackmondo.com\/#organization\",\"name\":\"Trackmondo\",\"url\":\"https:\/\/trackmondo.com\/\",\"logo\":{\"@type\":\"ImageObject\",\"inLanguage\":\"en-GB\",\"@id\":\"https:\/\/trackmondo.com\/#\/schema\/logo\/image\/\",\"url\":\"https:\/\/trackmondo.com\/wp-content\/uploads\/2022\/09\/Trackmondo_Logo_Original-JPG-300ppi-scaled-1.png\",\"contentUrl\":\"https:\/\/trackmondo.com\/wp-content\/uploads\/2022\/09\/Trackmondo_Logo_Original-JPG-300ppi-scaled-1.png\",\"width\":379,\"height\":45,\"caption\":\"Trackmondo\"},\"image\":{\"@id\":\"https:\/\/trackmondo.com\/#\/schema\/logo\/image\/\"}}]}<\/script>\n<!-- \/ Yoast SEO plugin. -->","yoast_head_json":{"title":"Om Trackmondo | Trackmondo","description":"Trackmondo \u00e4r ett IoT-f\u00f6retag som utvecklar tj\u00e4nster baserad p\u00e5 GPS-teknik. V\u00e5r verksamhet bygger p\u00e5 v\u00e5ra egna produkter och tj\u00e4nster som k\u00e4nnetecknas av kvalitet, unik design och h\u00f6g precision. Alla v\u00e5ra produkter ska vara extremt enkla att installera och anv\u00e4nda.","robots":{"index":"index","follow":"follow","max-snippet":"max-snippet:-1","max-image-preview":"max-image-preview:large","max-video-preview":"max-video-preview:-1"},"canonical":"https:\/\/trackmondo.com\/en\/about-us\/","og_locale":"en_GB","og_type":"article","og_title":"Om Trackmondo | Trackmondo","og_description":"Trackmondo \u00e4r ett IoT-f\u00f6retag som utvecklar tj\u00e4nster baserad p\u00e5 GPS-teknik. V\u00e5r verksamhet bygger p\u00e5 v\u00e5ra egna produkter och tj\u00e4nster som k\u00e4nnetecknas av kvalitet, unik design och h\u00f6g precision. Alla v\u00e5ra produkter ska vara extremt enkla att installera och anv\u00e4nda.","og_url":"https:\/\/trackmondo.com\/en\/about-us\/","og_site_name":"Trackmondo","article_modified_time":"2024-04-15T04:41:05+00:00","og_image":[{"url":"https:\/\/trackmondo.com\/wp-content\/uploads\/2022\/09\/comma-1.png","type":"","width":"","height":""}],"twitter_card":"summary_large_image","twitter_misc":{"Estimated reading time":"3 minutes"},"schema":{"@context":"https:\/\/schema.org","@graph":[{"@type":"WebPage","@id":"https:\/\/trackmondo.com\/om-oss\/","url":"https:\/\/trackmondo.com\/om-oss\/","name":"Om Trackmondo | Trackmondo","isPartOf":{"@id":"https:\/\/trackmondo.com\/#website"},"primaryImageOfPage":{"@id":"https:\/\/trackmondo.com\/om-oss\/#primaryimage"},"image":{"@id":"https:\/\/trackmondo.com\/om-oss\/#primaryimage"},"thumbnailUrl":"https:\/\/trackmondo.com\/wp-content\/uploads\/2022\/09\/comma-1.png","datePublished":"2022-09-05T12:11:01+00:00","dateModified":"2024-04-15T04:41:05+00:00","description":"Trackmondo \u00e4r ett IoT-f\u00f6retag som utvecklar tj\u00e4nster baserad p\u00e5 GPS-teknik. V\u00e5r verksamhet bygger p\u00e5 v\u00e5ra egna produkter och tj\u00e4nster som k\u00e4nnetecknas av kvalitet, unik design och h\u00f6g precision. Alla v\u00e5ra produkter ska vara extremt enkla att installera och anv\u00e4nda.","breadcrumb":{"@id":"https:\/\/trackmondo.com\/om-oss\/#breadcrumb"},"inLanguage":"en-GB","potentialAction":[{"@type":"ReadAction","target":["https:\/\/trackmondo.com\/om-oss\/"]}]},{"@type":"ImageObject","inLanguage":"en-GB","@id":"https:\/\/trackmondo.com\/om-oss\/#primaryimage","url":"https:\/\/trackmondo.com\/wp-content\/uploads\/2022\/09\/comma-1.png","contentUrl":"https:\/\/trackmondo.com\/wp-content\/uploads\/2022\/09\/comma-1.png"},{"@type":"BreadcrumbList","@id":"https:\/\/trackmondo.com\/om-oss\/#breadcrumb","itemListElement":[{"@type":"ListItem","position":1,"name":"Hem","item":"https:\/\/trackmondo.com\/"},{"@type":"ListItem","position":2,"name":"Om oss"}]},{"@type":"WebSite","@id":"https:\/\/trackmondo.com\/#website","url":"https:\/\/trackmondo.com\/","name":"Trackmondo","description":"En elektronisk k\u00f6rjournal f\u00f6r ett bra pris!","publisher":{"@id":"https:\/\/trackmondo.com\/#organization"},"potentialAction":[{"@type":"SearchAction","target":{"@type":"EntryPoint","urlTemplate":"https:\/\/trackmondo.com\/?s={search_term_string}"},"query-input":{"@type":"PropertyValueSpecification","valueRequired":true,"valueName":"search_term_string"}}],"inLanguage":"en-GB"},{"@type":"Organization","@id":"https:\/\/trackmondo.com\/#organization","name":"Trackmondo","url":"https:\/\/trackmondo.com\/","logo":{"@type":"ImageObject","inLanguage":"en-GB","@id":"https:\/\/trackmondo.com\/#\/schema\/logo\/image\/","url":"https:\/\/trackmondo.com\/wp-content\/uploads\/2022\/09\/Trackmondo_Logo_Original-JPG-300ppi-scaled-1.png","contentUrl":"https:\/\/trackmondo.com\/wp-content\/uploads\/2022\/09\/Trackmondo_Logo_Original-JPG-300ppi-scaled-1.png","width":379,"height":45,"caption":"Trackmondo"},"image":{"@id":"https:\/\/trackmondo.com\/#\/schema\/logo\/image\/"}}]}},"_links":{"self":[{"href":"https:\/\/trackmondo.com\/en\/wp-json\/wp\/v2\/pages\/25","targetHints":{"allow":["GET"]}}],"collection":[{"href":"https:\/\/trackmondo.com\/en\/wp-json\/wp\/v2\/pages"}],"about":[{"href":"https:\/\/trackmondo.com\/en\/wp-json\/wp\/v2\/types\/page"}],"author":[{"embeddable":true,"href":"https:\/\/trackmondo.com\/en\/wp-json\/wp\/v2\/users\/1"}],"replies":[{"embeddable":true,"href":"https:\/\/trackmondo.com\/en\/wp-json\/wp\/v2\/comments?post=25"}],"version-history":[{"count":43,"href":"https:\/\/trackmondo.com\/en\/wp-json\/wp\/v2\/pages\/25\/revisions"}],"predecessor-version":[{"id":899,"href":"https:\/\/trackmondo.com\/en\/wp-json\/wp\/v2\/pages\/25\/revisions\/899"}],"wp:attachment":[{"href":"https:\/\/trackmondo.com\/en\/wp-json\/wp\/v2\/media?parent=25"}],"curies":[{"name":"wp","href":"https:\/\/api.w.org\/{rel}","templated":true}]}}