{"id":23,"date":"2022-09-05T13:51:03","date_gmt":"2022-09-05T11:51:03","guid":{"rendered":"https:\/\/trackmondo.com\/?page_id=23"},"modified":"2023-10-19T08:51:55","modified_gmt":"2023-10-19T06:51:55","slug":"tjanster","status":"publish","type":"page","link":"https:\/\/trackmondo.com\/en\/services\/","title":{"rendered":"Services"},"content":{"rendered":"<div data-vc-full-width=\"true\" data-vc-full-width-init=\"false\" data-vc-stretch-content=\"true\" class=\"vc_row wpb_row vc_row-fluid service-banner vc_custom_1682400301294 vc_row-has-fill vc_row-no-padding\"><div class=\"wpb_column vc_column_container vc_col-sm-12\"><div class=\"vc_column-inner\"><div class=\"wpb_wrapper\">\n\t<div class=\"wpb_text_column wpb_content_element\" >\n\t\t<div class=\"wpb_wrapper\">\n\t\t\t<h1>Services<\/h1>\n\n\t\t<\/div>\n\t<\/div>\n<\/div><\/div><\/div><\/div><div class=\"vc_row-full-width vc_clearfix\"><\/div><section data-vc-full-width=\"true\" data-vc-full-width-init=\"false\" data-vc-stretch-content=\"true\" class=\"vc_section service-sec2 vc_custom_1662633507581 vc_section-has-fill\"><div class=\"vc_row wpb_row vc_row-fluid service-secB1 vc_custom_1662639618237 vc_row-has-fill\"><div class=\"wpb_column vc_column_container vc_col-sm-7 vc_col-has-fill\"><div class=\"vc_column-inner vc_custom_1662637785478\"><div class=\"wpb_wrapper\">\n\t<div class=\"wpb_text_column wpb_content_element\" >\n\t\t<div class=\"wpb_wrapper\">\n\t\t\t<div class=\"service-secB\">\n<h6><img loading=\"lazy\" decoding=\"async\" class=\"alignnone size-full wp-image-162\" src=\"https:\/\/trackmondo.com\/wp-content\/uploads\/2022\/09\/Group-59.png\" alt=\"\" width=\"15\" height=\"11\" \/>RELIABLE SERVICES<\/h6>\n<h1>We are qualified and professional<\/h1>\n<h3>We have excellent services and prices. We believe that you should be able to keep track of your entire car fleet without paying a lot of money for it. We strive for continuous improvement of our services as our customers are most important to us.<\/h3>\n<ul class=\"tick\">\n<li>We handle all car makes and models<\/li>\n<\/ul>\n<ul class=\"tick\">\n<li>You can connect the device either through the OBD port or to your<br \/>\nyour car battery<\/li>\n<\/ul>\n<ul class=\"tick\">\n<li>All our units are equipped with the latest technology<\/li>\n<\/ul>\n<\/div>\n\n\t\t<\/div>\n\t<\/div>\n<\/div><\/div><\/div><div class=\"wpb_column vc_column_container vc_col-sm-5 vc_col-has-fill\"><div class=\"vc_column-inner vc_custom_1662639257717\"><div class=\"wpb_wrapper\">\n\t<div class=\"wpb_text_column wpb_content_element\" >\n\t\t<div class=\"wpb_wrapper\">\n\t\t\t<p><img decoding=\"async\" class=\"alignnone size-medium wp-image-163\" src=\"https:\/\/trackmondo.com\/wp-content\/uploads\/2022\/09\/Group-641-255x300.png\" alt=\"\" width=\"472px\" height=\"556px\" srcset=\"https:\/\/trackmondo.com\/wp-content\/uploads\/2022\/09\/Group-641-255x300.png 255w, https:\/\/trackmondo.com\/wp-content\/uploads\/2022\/09\/Group-641-10x12.png 10w, https:\/\/trackmondo.com\/wp-content\/uploads\/2022\/09\/Group-641.png 472w\" sizes=\"(max-width: 255px) 100vw, 255px\" \/><\/p>\n\n\t\t<\/div>\n\t<\/div>\n<\/div><\/div><\/div><\/div><div class=\"vc_row wpb_row vc_row-fluid hem-service-sec2\"><div class=\"wpb_column vc_column_container vc_col-sm-12\"><div class=\"vc_column-inner\"><div class=\"wpb_wrapper\">\n\t<div class=\"wpb_text_column wpb_content_element\" >\n\t\t<div class=\"wpb_wrapper\">\n\t\t\t<h1>Our <span style=\"color: #ec7823;\">Services<\/span><\/h1>\n<hr \/>\n\n\t\t<\/div>\n\t<\/div>\n<div id=\"service-box2\" class=\"vc_row wpb_row vc_inner vc_row-fluid service-box\"><div class=\"wpb_column vc_column_container vc_col-sm-4\"><div class=\"vc_column-inner\"><div class=\"wpb_wrapper\">\n\t<div class=\"wpb_text_column wpb_content_element\" >\n\t\t<div class=\"wpb_wrapper\">\n\t\t\t<div class=\"hem-sec3\">\n<p><img loading=\"lazy\" decoding=\"async\" class=\"hem-sec3-img\" src=\"https:\/\/trackmondo.com\/wp-content\/uploads\/2023\/04\/location-symbols-road.png\" alt=\"\" width=\"350\" height=\"472\" \/><br \/>\n<img loading=\"lazy\" decoding=\"async\" class=\"hem-sec3-logo\" src=\"https:\/\/trackmondo.com\/wp-content\/uploads\/2023\/05\/crossing.png\" alt=\"\" width=\"40\" height=\"40\" \/><\/p>\n<h2>Electronic Driving Journal<\/h2>\n<h5>Our digital driving journal means that you can spend your time on more important things. Our units fit all car types and companies of all sizes.<\/h5>\n<p><a href=\"https:\/\/trackmondo.com\/en\/elektronic-driving-record\/\">Read more<\/a><\/p>\n<\/div>\n\n\t\t<\/div>\n\t<\/div>\n<\/div><\/div><\/div><div class=\"wpb_column vc_column_container vc_col-sm-4\"><div class=\"vc_column-inner\"><div class=\"wpb_wrapper\">\n\t<div class=\"wpb_text_column wpb_content_element\" >\n\t\t<div class=\"wpb_wrapper\">\n\t\t\t<div class=\"hem-sec3\">\n<p><img loading=\"lazy\" decoding=\"async\" class=\"hem-sec3-img\" src=\"https:\/\/trackmondo.com\/wp-content\/uploads\/2023\/05\/8b9a8bf2d6.jpg\" alt=\"\" width=\"350\" height=\"472\" \/><br \/>\n<img loading=\"lazy\" decoding=\"async\" class=\"hem-sec3-logo\" src=\"https:\/\/trackmondo.com\/wp-content\/uploads\/2022\/09\/Mask-Group-33.png\" alt=\"\" width=\"40\" height=\"40\" \/><\/p>\n<h2>Geofence \/ Digital fence<\/h2>\n<h5>Geofence is a digital fence that helps you tremendously for several reasons.<\/h5>\n<p><a href=\"https:\/\/trackmondo.com\/en\/geofence\/\">Read more<\/a><\/p>\n<\/div>\n\n\t\t<\/div>\n\t<\/div>\n<\/div><\/div><\/div><div class=\"wpb_column vc_column_container vc_col-sm-4\"><div class=\"vc_column-inner\"><div class=\"wpb_wrapper\">\n\t<div class=\"wpb_text_column wpb_content_element\" >\n\t\t<div class=\"wpb_wrapper\">\n\t\t\t<div class=\"hem-sec3\">\n<p><img loading=\"lazy\" decoding=\"async\" class=\"hem-sec3-img\" src=\"https:\/\/trackmondo.com\/wp-content\/uploads\/2022\/09\/man-giving-taxi-services-through-app.png\" alt=\"\" width=\"350\" height=\"472\" \/><br \/>\n<img loading=\"lazy\" decoding=\"async\" class=\"hem-sec3-logo\" src=\"https:\/\/trackmondo.com\/wp-content\/uploads\/2022\/09\/Mask-Group-35.png\" alt=\"\" width=\"40\" height=\"40\" \/><\/p>\n<h2>Routes<\/h2>\n<h5>With this function, can you see historical trips that have taken place, while at the same time you can plan your future trips.<\/h5>\n<p><a href=\"https:\/\/trackmondo.com\/en\/routes\/\">Read more<\/a><\/p>\n<\/div>\n\n\t\t<\/div>\n\t<\/div>\n<\/div><\/div><\/div><\/div><div id=\"service-box2\" class=\"vc_row wpb_row vc_inner vc_row-fluid service-sec2-A\"><div class=\"wpb_column vc_column_container vc_col-sm-4\"><div class=\"vc_column-inner\"><div class=\"wpb_wrapper\">\n\t<div class=\"wpb_text_column wpb_content_element\" >\n\t\t<div class=\"wpb_wrapper\">\n\t\t\t<div class=\"hem-sec3\">\n<p><img loading=\"lazy\" decoding=\"async\" class=\"hem-sec3-img\" src=\"https:\/\/trackmondo.com\/wp-content\/uploads\/2022\/09\/car-repair-maintenance-theme-electric-mechanic-uniform-working-auto-service-making-car-diagnostics-using-obd-device-with-laptop.png\" alt=\"\" width=\"350\" height=\"472\" \/><br \/>\n<img loading=\"lazy\" decoding=\"async\" class=\"hem-sec3-logo\" src=\"https:\/\/trackmondo.com\/wp-content\/uploads\/2022\/09\/toll-road-1.png\" alt=\"\" width=\"40\" height=\"40\" \/><\/p>\n<h2>Congestion tax &amp; Infrastructure charge<\/h2>\n<h5>With us, you get a full overview of the congestion tax passage in Stockholm and Gothenburg, as well as the infrastructure charges for Motala and Sundsvall.<\/h5>\n<p><a href=\"https:\/\/trackmondo.com\/en\/congestion-tax-infrastructure-fee\/\">Read more<\/a><\/p>\n<\/div>\n\n\t\t<\/div>\n\t<\/div>\n<\/div><\/div><\/div><div class=\"wpb_column vc_column_container vc_col-sm-4\"><div class=\"vc_column-inner\"><div class=\"wpb_wrapper\">\n\t<div class=\"wpb_text_column wpb_content_element\" >\n\t\t<div class=\"wpb_wrapper\">\n\t\t\t<div class=\"hem-sec3\">\n<p><img loading=\"lazy\" decoding=\"async\" class=\"hem-sec3-img\" src=\"https:\/\/trackmondo.com\/wp-content\/uploads\/2023\/05\/location-symbols-road-copy.jpg\" alt=\"\" width=\"350\" height=\"472\" \/><br \/>\n<img loading=\"lazy\" decoding=\"async\" class=\"hem-sec3-logo\" src=\"https:\/\/trackmondo.com\/wp-content\/uploads\/2023\/05\/location.png\" alt=\"\" width=\"40\" height=\"40\" \/><\/p>\n<h2>Real-time location<\/h2>\n<h5>Our real-time localization makes it easy for you to review your car fleet when needed.<\/h5>\n<p><a href=\"https:\/\/trackmondo.com\/en\/real-time-location\/\">Read more<\/a><\/p>\n<\/div>\n\n\t\t<\/div>\n\t<\/div>\n<\/div><\/div><\/div><div class=\"wpb_column vc_column_container vc_col-sm-4\"><div class=\"vc_column-inner\"><div class=\"wpb_wrapper\">\n\t<div class=\"wpb_text_column wpb_content_element\" >\n\t\t<div class=\"wpb_wrapper\">\n\t\t\t<div class=\"hem-sec3\">\n<p><img loading=\"lazy\" decoding=\"async\" class=\"hem-sec3-img\" src=\"https:\/\/trackmondo.com\/wp-content\/uploads\/2023\/05\/asian-businesswoman.png\" alt=\"\" width=\"350\" height=\"472\" \/><br \/>\n<img loading=\"lazy\" decoding=\"async\" class=\"hem-sec3-logo\" src=\"https:\/\/trackmondo.com\/wp-content\/uploads\/2023\/05\/growing.png\" alt=\"\" width=\"40\" height=\"40\" \/><\/p>\n<h2>Full Statistics<\/h2>\n<h5>Here can you see full statistics on your car fleet<\/h5>\n<p><a href=\"https:\/\/trackmondo.com\/en\/full-statistics\/\">Read more<\/a><\/p>\n<\/div>\n\n\t\t<\/div>\n\t<\/div>\n<\/div><\/div><\/div><\/div><\/div><\/div><\/div><\/div><\/section><div class=\"vc_row-full-width vc_clearfix\"><\/div><section class=\"vc_section section-triplog-sec7\"><div class=\"vc_row wpb_row vc_row-fluid triplog-sec7 gapingless vc_custom_1684409619039 vc_row-has-fill\"><div class=\"wpb_column vc_column_container vc_col-sm-7\"><div class=\"vc_column-inner\"><div class=\"wpb_wrapper\">\n\t<div class=\"wpb_text_column wpb_content_element\" >\n\t\t<div class=\"wpb_wrapper\">\n\t\t\t<h1>We offer comprehensive GPS solutions. <span style=\"color: #ec7823;\"> Order now!<\/span><\/h1>\n\n\t\t<\/div>\n\t<\/div>\n<div class=\"vc_row wpb_row vc_inner vc_row-fluid\"><div class=\"wpb_column vc_column_container vc_col-sm-6\"><div class=\"vc_column-inner\"><div class=\"wpb_wrapper\">\n\t<div class=\"wpb_text_column wpb_content_element\" >\n\t\t<div class=\"wpb_wrapper\">\n\t\t\t<ul>\n<li><img loading=\"lazy\" decoding=\"async\" class=\"alignnone size-full wp-image-250\" src=\"https:\/\/trackmondo.com\/wp-content\/uploads\/2022\/09\/Icon-awesome-phone-alt-1.png\" alt=\"\" width=\"21\" height=\"21\" srcset=\"https:\/\/trackmondo.com\/wp-content\/uploads\/2022\/09\/Icon-awesome-phone-alt-1.png 21w, https:\/\/trackmondo.com\/wp-content\/uploads\/2022\/09\/Icon-awesome-phone-alt-1-12x12.png 12w\" sizes=\"auto, (max-width: 21px) 100vw, 21px\" \/><\/li>\n<li><a href=\"tel: 010- 42 43 090\"><span style=\"vertical-align: inherit;\"><span style=\"vertical-align: inherit;\"> 010- 42 43 090<\/span><\/span><\/a><\/li>\n<\/ul>\n\n\t\t<\/div>\n\t<\/div>\n<\/div><\/div><\/div><div class=\"wpb_column vc_column_container vc_col-sm-6\"><div class=\"vc_column-inner\"><div class=\"wpb_wrapper\">\n\t<div class=\"wpb_text_column wpb_content_element\" >\n\t\t<div class=\"wpb_wrapper\">\n\t\t\t<ul class=\"only-email\">\n<li><img loading=\"lazy\" decoding=\"async\" class=\"alignnone size-full wp-image-249\" src=\"https:\/\/trackmondo.com\/wp-content\/uploads\/2022\/09\/Icon-ionic-ios-mail.png\" alt=\"\" width=\"24\" height=\"17\" srcset=\"https:\/\/trackmondo.com\/wp-content\/uploads\/2022\/09\/Icon-ionic-ios-mail.png 24w, https:\/\/trackmondo.com\/wp-content\/uploads\/2022\/09\/Icon-ionic-ios-mail-18x12.png 18w\" sizes=\"auto, (max-width: 24px) 100vw, 24px\" \/><\/li>\n<li><a href=\"mailto:info@trackmondo.com\">info@trackmondo.com<\/a><\/li>\n<\/ul>\n\n\t\t<\/div>\n\t<\/div>\n<\/div><\/div><\/div><\/div><\/div><\/div><\/div><div class=\"wpb_column vc_column_container vc_col-sm-3\"><div class=\"vc_column-inner\"><div class=\"wpb_wrapper\">\n\t<div class=\"wpb_text_column wpb_content_element\" >\n\t\t<div class=\"wpb_wrapper\">\n\t\t\t<p><img loading=\"lazy\" decoding=\"async\" class=\"triplog-sec7-img\" src=\"https:\/\/trackmondo.com\/wp-content\/uploads\/2022\/09\/Group-19-1-300x147.png\" alt=\"\" width=\"337\" height=\"165\" \/><\/p>\n\n\t\t<\/div>\n\t<\/div>\n<\/div><\/div><\/div><div class=\"wpb_column vc_column_container vc_col-sm-2\"><div class=\"vc_column-inner\"><div class=\"wpb_wrapper\">\n\t<div class=\"wpb_text_column wpb_content_element\" >\n\t\t<div class=\"wpb_wrapper\">\n\t\t\t<div class=\"triplog-button\"><a href=\"https:\/\/trackmondo.com\/en\/contact-us\/\"><span style=\"vertical-align: inherit;\"><span style=\"vertical-align: inherit;\">Contact Us<\/span><\/span><\/a><\/div>\n\n\t\t<\/div>\n\t<\/div>\n<\/div><\/div><\/div><\/div><\/section>","protected":false},"excerpt":{"rendered":"Tj\u00e4nster P\u00c5LITLIGA TJ\u00c4NSTER Vi \u00e4r kvalificerade och professionella Vi har utm\u00e4rkta tj\u00e4nster och priser. Vi anser att du ska kunna h\u00e5lla koll p\u00e5 hela din bilflotta utan att betala en massa pengar f\u00f6r det. Vi str\u00e4var efter st\u00e4ndig f\u00f6rb\u00e4ttring av v\u00e5ra tj\u00e4nster d\u00e5 v\u00e5ra kunder \u00e4r viktigast f\u00f6r oss. Vi hanterar alla bilm\u00e4rken och modeller [...]","protected":false},"author":1,"featured_media":0,"parent":0,"menu_order":0,"comment_status":"closed","ping_status":"closed","template":"template-full-width.php","meta":{"footnotes":""},"class_list":["post-23","page","type-page","status-publish","hentry"],"yoast_head":"<!-- This site is optimized with the Yoast SEO plugin v24.2 - https:\/\/yoast.com\/wordpress\/plugins\/seo\/ -->\n<title>V\u00e5ra omfattande GPS-l\u00f6sningar | Trackmondo<\/title>\n<meta name=\"description\" content=\"Trackmondo \u00e4r ett svenskt Fleet Management-f\u00f6retag. Vi har utm\u00e4rkta tj\u00e4nster och priser. Vi anser att du ska kunna h\u00e5lla koll p\u00e5 hela din bilflotta utan att betala en massa pengar f\u00f6r det. Vi erbjuder kompletta GPS-sp\u00e5rningsl\u00f6sningar. Allt fr\u00e5n GPS-sp\u00e5rare, elektroniska k\u00f6rjournaler, historiska rutter, tr\u00e4ngselskatt samt infrastrukturavgifter, geofence, statistik, med mera.\" \/>\n<meta name=\"robots\" content=\"index, follow, max-snippet:-1, max-image-preview:large, max-video-preview:-1\" \/>\n<link rel=\"canonical\" href=\"https:\/\/trackmondo.com\/en\/services\/\" \/>\n<meta property=\"og:locale\" content=\"en_GB\" \/>\n<meta property=\"og:type\" content=\"article\" \/>\n<meta property=\"og:title\" content=\"V\u00e5ra omfattande GPS-l\u00f6sningar | Trackmondo\" \/>\n<meta property=\"og:description\" content=\"Trackmondo \u00e4r ett svenskt Fleet Management-f\u00f6retag. Vi har utm\u00e4rkta tj\u00e4nster och priser. Vi anser att du ska kunna h\u00e5lla koll p\u00e5 hela din bilflotta utan att betala en massa pengar f\u00f6r det. Vi erbjuder kompletta GPS-sp\u00e5rningsl\u00f6sningar. Allt fr\u00e5n GPS-sp\u00e5rare, elektroniska k\u00f6rjournaler, historiska rutter, tr\u00e4ngselskatt samt infrastrukturavgifter, geofence, statistik, med mera.\" \/>\n<meta property=\"og:url\" content=\"https:\/\/trackmondo.com\/en\/services\/\" \/>\n<meta property=\"og:site_name\" content=\"Trackmondo\" \/>\n<meta property=\"article:modified_time\" content=\"2023-10-19T06:51:55+00:00\" \/>\n<meta property=\"og:image\" content=\"https:\/\/trackmondo.com\/wp-content\/uploads\/2022\/09\/Group-59.png\" \/>\n<meta name=\"twitter:card\" content=\"summary_large_image\" \/>\n<meta name=\"twitter:label1\" content=\"Estimated reading time\" \/>\n\t<meta name=\"twitter:data1\" content=\"5 minutes\" \/>\n<script type=\"application\/ld+json\" class=\"yoast-schema-graph\">{\"@context\":\"https:\/\/schema.org\",\"@graph\":[{\"@type\":\"WebPage\",\"@id\":\"https:\/\/trackmondo.com\/tjanster\/\",\"url\":\"https:\/\/trackmondo.com\/tjanster\/\",\"name\":\"V\u00e5ra omfattande GPS-l\u00f6sningar | Trackmondo\",\"isPartOf\":{\"@id\":\"https:\/\/trackmondo.com\/#website\"},\"primaryImageOfPage\":{\"@id\":\"https:\/\/trackmondo.com\/tjanster\/#primaryimage\"},\"image\":{\"@id\":\"https:\/\/trackmondo.com\/tjanster\/#primaryimage\"},\"thumbnailUrl\":\"https:\/\/trackmondo.com\/wp-content\/uploads\/2022\/09\/Group-59.png\",\"datePublished\":\"2022-09-05T11:51:03+00:00\",\"dateModified\":\"2023-10-19T06:51:55+00:00\",\"description\":\"Trackmondo \u00e4r ett svenskt Fleet Management-f\u00f6retag. Vi har utm\u00e4rkta tj\u00e4nster och priser. Vi anser att du ska kunna h\u00e5lla koll p\u00e5 hela din bilflotta utan att betala en massa pengar f\u00f6r det. Vi erbjuder kompletta GPS-sp\u00e5rningsl\u00f6sningar. Allt fr\u00e5n GPS-sp\u00e5rare, elektroniska k\u00f6rjournaler, historiska rutter, tr\u00e4ngselskatt samt infrastrukturavgifter, geofence, statistik, med mera.\",\"breadcrumb\":{\"@id\":\"https:\/\/trackmondo.com\/tjanster\/#breadcrumb\"},\"inLanguage\":\"en-GB\",\"potentialAction\":[{\"@type\":\"ReadAction\",\"target\":[\"https:\/\/trackmondo.com\/tjanster\/\"]}]},{\"@type\":\"ImageObject\",\"inLanguage\":\"en-GB\",\"@id\":\"https:\/\/trackmondo.com\/tjanster\/#primaryimage\",\"url\":\"https:\/\/trackmondo.com\/wp-content\/uploads\/2022\/09\/Group-59.png\",\"contentUrl\":\"https:\/\/trackmondo.com\/wp-content\/uploads\/2022\/09\/Group-59.png\"},{\"@type\":\"BreadcrumbList\",\"@id\":\"https:\/\/trackmondo.com\/tjanster\/#breadcrumb\",\"itemListElement\":[{\"@type\":\"ListItem\",\"position\":1,\"name\":\"Hem\",\"item\":\"https:\/\/trackmondo.com\/\"},{\"@type\":\"ListItem\",\"position\":2,\"name\":\"Tj\u00e4nster\"}]},{\"@type\":\"WebSite\",\"@id\":\"https:\/\/trackmondo.com\/#website\",\"url\":\"https:\/\/trackmondo.com\/\",\"name\":\"Trackmondo\",\"description\":\"En elektronisk k\u00f6rjournal f\u00f6r ett bra pris!\",\"publisher\":{\"@id\":\"https:\/\/trackmondo.com\/#organization\"},\"potentialAction\":[{\"@type\":\"SearchAction\",\"target\":{\"@type\":\"EntryPoint\",\"urlTemplate\":\"https:\/\/trackmondo.com\/?s={search_term_string}\"},\"query-input\":{\"@type\":\"PropertyValueSpecification\",\"valueRequired\":true,\"valueName\":\"search_term_string\"}}],\"inLanguage\":\"en-GB\"},{\"@type\":\"Organization\",\"@id\":\"https:\/\/trackmondo.com\/#organization\",\"name\":\"Trackmondo\",\"url\":\"https:\/\/trackmondo.com\/\",\"logo\":{\"@type\":\"ImageObject\",\"inLanguage\":\"en-GB\",\"@id\":\"https:\/\/trackmondo.com\/#\/schema\/logo\/image\/\",\"url\":\"https:\/\/trackmondo.com\/wp-content\/uploads\/2022\/09\/Trackmondo_Logo_Original-JPG-300ppi-scaled-1.png\",\"contentUrl\":\"https:\/\/trackmondo.com\/wp-content\/uploads\/2022\/09\/Trackmondo_Logo_Original-JPG-300ppi-scaled-1.png\",\"width\":379,\"height\":45,\"caption\":\"Trackmondo\"},\"image\":{\"@id\":\"https:\/\/trackmondo.com\/#\/schema\/logo\/image\/\"}}]}<\/script>\n<!-- \/ Yoast SEO plugin. -->","yoast_head_json":{"title":"V\u00e5ra omfattande GPS-l\u00f6sningar | Trackmondo","description":"Trackmondo \u00e4r ett svenskt Fleet Management-f\u00f6retag. Vi har utm\u00e4rkta tj\u00e4nster och priser. Vi anser att du ska kunna h\u00e5lla koll p\u00e5 hela din bilflotta utan att betala en massa pengar f\u00f6r det. Vi erbjuder kompletta GPS-sp\u00e5rningsl\u00f6sningar. Allt fr\u00e5n GPS-sp\u00e5rare, elektroniska k\u00f6rjournaler, historiska rutter, tr\u00e4ngselskatt samt infrastrukturavgifter, geofence, statistik, med mera.","robots":{"index":"index","follow":"follow","max-snippet":"max-snippet:-1","max-image-preview":"max-image-preview:large","max-video-preview":"max-video-preview:-1"},"canonical":"https:\/\/trackmondo.com\/en\/services\/","og_locale":"en_GB","og_type":"article","og_title":"V\u00e5ra omfattande GPS-l\u00f6sningar | Trackmondo","og_description":"Trackmondo \u00e4r ett svenskt Fleet Management-f\u00f6retag. Vi har utm\u00e4rkta tj\u00e4nster och priser. Vi anser att du ska kunna h\u00e5lla koll p\u00e5 hela din bilflotta utan att betala en massa pengar f\u00f6r det. Vi erbjuder kompletta GPS-sp\u00e5rningsl\u00f6sningar. Allt fr\u00e5n GPS-sp\u00e5rare, elektroniska k\u00f6rjournaler, historiska rutter, tr\u00e4ngselskatt samt infrastrukturavgifter, geofence, statistik, med mera.","og_url":"https:\/\/trackmondo.com\/en\/services\/","og_site_name":"Trackmondo","article_modified_time":"2023-10-19T06:51:55+00:00","og_image":[{"url":"https:\/\/trackmondo.com\/wp-content\/uploads\/2022\/09\/Group-59.png","type":"","width":"","height":""}],"twitter_card":"summary_large_image","twitter_misc":{"Estimated reading time":"5 minutes"},"schema":{"@context":"https:\/\/schema.org","@graph":[{"@type":"WebPage","@id":"https:\/\/trackmondo.com\/tjanster\/","url":"https:\/\/trackmondo.com\/tjanster\/","name":"V\u00e5ra omfattande GPS-l\u00f6sningar | Trackmondo","isPartOf":{"@id":"https:\/\/trackmondo.com\/#website"},"primaryImageOfPage":{"@id":"https:\/\/trackmondo.com\/tjanster\/#primaryimage"},"image":{"@id":"https:\/\/trackmondo.com\/tjanster\/#primaryimage"},"thumbnailUrl":"https:\/\/trackmondo.com\/wp-content\/uploads\/2022\/09\/Group-59.png","datePublished":"2022-09-05T11:51:03+00:00","dateModified":"2023-10-19T06:51:55+00:00","description":"Trackmondo \u00e4r ett svenskt Fleet Management-f\u00f6retag. Vi har utm\u00e4rkta tj\u00e4nster och priser. Vi anser att du ska kunna h\u00e5lla koll p\u00e5 hela din bilflotta utan att betala en massa pengar f\u00f6r det. Vi erbjuder kompletta GPS-sp\u00e5rningsl\u00f6sningar. Allt fr\u00e5n GPS-sp\u00e5rare, elektroniska k\u00f6rjournaler, historiska rutter, tr\u00e4ngselskatt samt infrastrukturavgifter, geofence, statistik, med mera.","breadcrumb":{"@id":"https:\/\/trackmondo.com\/tjanster\/#breadcrumb"},"inLanguage":"en-GB","potentialAction":[{"@type":"ReadAction","target":["https:\/\/trackmondo.com\/tjanster\/"]}]},{"@type":"ImageObject","inLanguage":"en-GB","@id":"https:\/\/trackmondo.com\/tjanster\/#primaryimage","url":"https:\/\/trackmondo.com\/wp-content\/uploads\/2022\/09\/Group-59.png","contentUrl":"https:\/\/trackmondo.com\/wp-content\/uploads\/2022\/09\/Group-59.png"},{"@type":"BreadcrumbList","@id":"https:\/\/trackmondo.com\/tjanster\/#breadcrumb","itemListElement":[{"@type":"ListItem","position":1,"name":"Hem","item":"https:\/\/trackmondo.com\/"},{"@type":"ListItem","position":2,"name":"Tj\u00e4nster"}]},{"@type":"WebSite","@id":"https:\/\/trackmondo.com\/#website","url":"https:\/\/trackmondo.com\/","name":"Trackmondo","description":"En elektronisk k\u00f6rjournal f\u00f6r ett bra pris!","publisher":{"@id":"https:\/\/trackmondo.com\/#organization"},"potentialAction":[{"@type":"SearchAction","target":{"@type":"EntryPoint","urlTemplate":"https:\/\/trackmondo.com\/?s={search_term_string}"},"query-input":{"@type":"PropertyValueSpecification","valueRequired":true,"valueName":"search_term_string"}}],"inLanguage":"en-GB"},{"@type":"Organization","@id":"https:\/\/trackmondo.com\/#organization","name":"Trackmondo","url":"https:\/\/trackmondo.com\/","logo":{"@type":"ImageObject","inLanguage":"en-GB","@id":"https:\/\/trackmondo.com\/#\/schema\/logo\/image\/","url":"https:\/\/trackmondo.com\/wp-content\/uploads\/2022\/09\/Trackmondo_Logo_Original-JPG-300ppi-scaled-1.png","contentUrl":"https:\/\/trackmondo.com\/wp-content\/uploads\/2022\/09\/Trackmondo_Logo_Original-JPG-300ppi-scaled-1.png","width":379,"height":45,"caption":"Trackmondo"},"image":{"@id":"https:\/\/trackmondo.com\/#\/schema\/logo\/image\/"}}]}},"_links":{"self":[{"href":"https:\/\/trackmondo.com\/en\/wp-json\/wp\/v2\/pages\/23","targetHints":{"allow":["GET"]}}],"collection":[{"href":"https:\/\/trackmondo.com\/en\/wp-json\/wp\/v2\/pages"}],"about":[{"href":"https:\/\/trackmondo.com\/en\/wp-json\/wp\/v2\/types\/page"}],"author":[{"embeddable":true,"href":"https:\/\/trackmondo.com\/en\/wp-json\/wp\/v2\/users\/1"}],"replies":[{"embeddable":true,"href":"https:\/\/trackmondo.com\/en\/wp-json\/wp\/v2\/comments?post=23"}],"version-history":[{"count":58,"href":"https:\/\/trackmondo.com\/en\/wp-json\/wp\/v2\/pages\/23\/revisions"}],"predecessor-version":[{"id":158,"href":"https:\/\/trackmondo.com\/en\/wp-json\/wp\/v2\/pages\/23\/revisions\/158"}],"wp:attachment":[{"href":"https:\/\/trackmondo.com\/en\/wp-json\/wp\/v2\/media?parent=23"}],"curies":[{"name":"wp","href":"https:\/\/api.w.org\/{rel}","templated":true}]}}